{"id":20805,"date":"2023-08-01T11:17:59","date_gmt":"2023-08-01T05:47:59","guid":{"rendered":"https:\/\/www.wbcil.com\/api-manufacturer-west-bengal-chemical-industries-ltd\/"},"modified":"2025-11-03T11:08:12","modified_gmt":"2025-11-03T05:38:12","slug":"fuehrendes-api-pharmaunternehmen-in-indien-wbcil","status":"publish","type":"page","link":"https:\/\/www.wbcil.com\/de\/","title":{"rendered":"F\u00fchrendes API-Pharmaunternehmen in Indien &#8211; WBCIL"},"content":{"rendered":"\r\n<p>WBCIL hat sich durch seine Qualit\u00e4tsprodukte von APIs oder aktiven pharmazeutischen Wirkstoffen und zahlreichen Feinchemikalien, die bei der Formulierung von Medikamenten verwendet werden, zu einem der vertrauensw\u00fcrdigsten API-Pharmaunternehmen in Indien entwickelt.<\/p>\r\n<p>WBCIL hebt sich in der pharmazeutischen Landschaft durch sein umfassendes Angebot an DC-Grads, Vormischungen und Chelat-Mineralien sowie durch eine Reihe hochwertiger pharmazeutischer Angebote ab. Diese Produkte werden sorgf\u00e4ltig hergestellt, um den sich entwickelnden Anforderungen des Weltmarktes gerecht zu werden und eine erstklassige Qualit\u00e4t und Wirksamkeit zu gew\u00e4hrleisten. Als f\u00fchrendes Unternehmen unter den indischen Pharmaunternehmen verf\u00fcgt WBCIL \u00fcber ein breites Portfolio, das wichtige pharmazeutische Wirkstoffe umfasst. WBCIL behauptet, einer der gr\u00f6\u00dften pharmazeutischen API-Hersteller in Indien zu sein und verf\u00fcgt \u00fcber ein umfangreiches Portfolio, das unter anderem Kalzium-, Magnesium-, Eisen-, Kalium- und Zinksalze umfasst. WBCIL liefert auch Spurenelemente wie Chrom, Mangan und Kupfer sowie Ascorbat, Acetat, Phosphat, Propionat, Citrat, Gluconat, Aspartat, Bisglycinat, Malat und andere Anionen.<\/p>\r\n<p>Das tief verwurzelte Fachwissen von WBCIL liegt nicht nur im Bereich der Pharmazeutika, sondern erstreckt sich auch auf die Feinchemikalienindustrie.<\/p>\r\n","protected":false},"excerpt":{"rendered":"<p>WBCIL hat sich durch seine Qualit\u00e4tsprodukte von APIs oder aktiven pharmazeutischen Wirkstoffen und zahlreichen Feinchemikalien, die bei der Formulierung von Medikamenten verwendet werden, zu einem der vertrauensw\u00fcrdigsten API-Pharmaunternehmen in Indien entwickelt. WBCIL hebt sich in der pharmazeutischen Landschaft durch sein umfassendes Angebot an DC-Grads, Vormischungen und Chelat-Mineralien sowie durch eine Reihe hochwertiger pharmazeutischer Angebote ab. &hellip; <a href=\"https:\/\/www.wbcil.com\/de\/\" class=\"more-link\">Continue reading<span class=\"screen-reader-text\"> &#8222;F\u00fchrendes API-Pharmaunternehmen in Indien &#8211; WBCIL&#8220;<\/span><\/a><\/p>\n","protected":false},"author":1,"featured_media":20807,"parent":0,"menu_order":0,"comment_status":"closed","ping_status":"closed","template":"","meta":{"_acf_changed":false,"footnotes":""},"class_list":["post-20805","page","type-page","status-publish","has-post-thumbnail","hentry"],"acf":[],"yoast_head":"<!-- This site is optimized with the Yoast SEO plugin v27.3 - https:\/\/yoast.com\/product\/yoast-seo-wordpress\/ -->\n<title>API Manufacturer in India &amp; API Pharmaceutical Company<\/title>\n<meta name=\"description\" content=\"WBCIL is a leading API manufacturer and supplier based in India. We specialize in API manufacturing, offering high-quality pharmaceutical products for over 30 years.\" \/>\n<meta name=\"robots\" content=\"index, follow, max-snippet:-1, max-image-preview:large, max-video-preview:-1\" \/>\n<link rel=\"canonical\" href=\"https:\/\/www.wbcil.com\/de\/\" \/>\n<meta property=\"og:locale\" content=\"de_DE\" \/>\n<meta property=\"og:type\" content=\"article\" \/>\n<meta property=\"og:title\" content=\"API Manufacturer in India &amp; API Pharmaceutical Company\" \/>\n<meta property=\"og:description\" content=\"WBCIL is a leading API manufacturer and supplier based in India. We specialize in API manufacturing, offering high-quality pharmaceutical products for over 30 years.\" \/>\n<meta property=\"og:url\" content=\"https:\/\/www.wbcil.com\/de\/\" \/>\n<meta property=\"og:site_name\" content=\"West Bengal Chemical Industries Limited\" \/>\n<meta property=\"article:publisher\" content=\"https:\/\/www.facebook.com\/wbcilindia\" \/>\n<meta property=\"article:modified_time\" content=\"2025-11-03T05:38:12+00:00\" \/>\n<meta property=\"og:image\" content=\"https:\/\/www.wbcil.com\/wp-content\/uploads\/2023\/08\/wbcil-welcome.webp\" \/>\n\t<meta property=\"og:image:width\" content=\"800\" \/>\n\t<meta property=\"og:image:height\" content=\"721\" \/>\n\t<meta property=\"og:image:type\" content=\"image\/webp\" \/>\n<meta name=\"twitter:card\" content=\"summary_large_image\" \/>\n<meta name=\"twitter:label1\" content=\"Gesch\u00e4tzte Lesezeit\" \/>\n\t<meta name=\"twitter:data1\" content=\"1\u00a0Minute\" \/>\n<script type=\"application\/ld+json\" class=\"yoast-schema-graph\">{\"@context\":\"https:\\\/\\\/schema.org\",\"@graph\":[{\"@type\":\"WebPage\",\"@id\":\"https:\\\/\\\/www.wbcil.com\\\/de\\\/\",\"url\":\"https:\\\/\\\/www.wbcil.com\\\/de\\\/\",\"name\":\"API Manufacturer in India & API Pharmaceutical Company\",\"isPartOf\":{\"@id\":\"https:\\\/\\\/www.wbcil.com\\\/de\\\/#website\"},\"primaryImageOfPage\":{\"@id\":\"https:\\\/\\\/www.wbcil.com\\\/de\\\/#primaryimage\"},\"image\":{\"@id\":\"https:\\\/\\\/www.wbcil.com\\\/de\\\/#primaryimage\"},\"thumbnailUrl\":\"https:\\\/\\\/www.wbcil.com\\\/wp-content\\\/uploads\\\/2023\\\/08\\\/wbcil-welcome.webp\",\"datePublished\":\"2023-08-01T05:47:59+00:00\",\"dateModified\":\"2025-11-03T05:38:12+00:00\",\"description\":\"WBCIL is a leading API manufacturer and supplier based in India. We specialize in API manufacturing, offering high-quality pharmaceutical products for over 30 years.\",\"breadcrumb\":{\"@id\":\"https:\\\/\\\/www.wbcil.com\\\/de\\\/#breadcrumb\"},\"inLanguage\":\"de\",\"potentialAction\":[{\"@type\":\"ReadAction\",\"target\":[\"https:\\\/\\\/www.wbcil.com\\\/de\\\/\"]}]},{\"@type\":\"ImageObject\",\"inLanguage\":\"de\",\"@id\":\"https:\\\/\\\/www.wbcil.com\\\/de\\\/#primaryimage\",\"url\":\"https:\\\/\\\/www.wbcil.com\\\/wp-content\\\/uploads\\\/2023\\\/08\\\/wbcil-welcome.webp\",\"contentUrl\":\"https:\\\/\\\/www.wbcil.com\\\/wp-content\\\/uploads\\\/2023\\\/08\\\/wbcil-welcome.webp\",\"width\":800,\"height\":721,\"caption\":\"West Bengal Chemical Industries Limited (WBCIL) - A Trusted Name Among API Manufacturing Companies in India - Specializing in Pharmaceutical APIs and Fine Chemicals - Over 60 Years of Excellence\"},{\"@type\":\"BreadcrumbList\",\"@id\":\"https:\\\/\\\/www.wbcil.com\\\/de\\\/#breadcrumb\",\"itemListElement\":[{\"@type\":\"ListItem\",\"position\":1,\"name\":\"WBCIL\",\"item\":\"https:\\\/\\\/www.wbcil.com\\\/de\\\/\"},{\"@type\":\"ListItem\",\"position\":2,\"name\":\"F\u00fchrendes API-Pharmaunternehmen in Indien &#8211; WBCIL\"}]},{\"@type\":\"WebSite\",\"@id\":\"https:\\\/\\\/www.wbcil.com\\\/de\\\/#website\",\"url\":\"https:\\\/\\\/www.wbcil.com\\\/de\\\/\",\"name\":\"West Bengal Chemical Industries Limited\",\"description\":\"API &amp; Fine Pharmaceutical Manufacturer in India\",\"publisher\":{\"@id\":\"https:\\\/\\\/www.wbcil.com\\\/de\\\/#organization\"},\"alternateName\":\"API & Fine Pharmaceutical Companies - Manufacturers in India\",\"potentialAction\":[{\"@type\":\"SearchAction\",\"target\":{\"@type\":\"EntryPoint\",\"urlTemplate\":\"https:\\\/\\\/www.wbcil.com\\\/de\\\/?s={search_term_string}\"},\"query-input\":{\"@type\":\"PropertyValueSpecification\",\"valueRequired\":true,\"valueName\":\"search_term_string\"}}],\"inLanguage\":\"de\"},{\"@type\":\"Organization\",\"@id\":\"https:\\\/\\\/www.wbcil.com\\\/de\\\/#organization\",\"name\":\"West Bengal Chemical Industries Limited\",\"alternateName\":\"WBCIL\",\"url\":\"https:\\\/\\\/www.wbcil.com\\\/de\\\/\",\"logo\":{\"@type\":\"ImageObject\",\"inLanguage\":\"de\",\"@id\":\"https:\\\/\\\/www.wbcil.com\\\/de\\\/#\\\/schema\\\/logo\\\/image\\\/\",\"url\":\"https:\\\/\\\/www.wbcil.com\\\/wp-content\\\/uploads\\\/2023\\\/09\\\/west-bengal-chemical-industries-limited-logo.webp\",\"contentUrl\":\"https:\\\/\\\/www.wbcil.com\\\/wp-content\\\/uploads\\\/2023\\\/09\\\/west-bengal-chemical-industries-limited-logo.webp\",\"width\":411,\"height\":80,\"caption\":\"West Bengal Chemical Industries Limited\"},\"image\":{\"@id\":\"https:\\\/\\\/www.wbcil.com\\\/de\\\/#\\\/schema\\\/logo\\\/image\\\/\"},\"sameAs\":[\"https:\\\/\\\/www.facebook.com\\\/wbcilindia\",\"https:\\\/\\\/www.linkedin.com\\\/company\\\/5808423\\\/\"]}]}<\/script>\n<!-- \/ Yoast SEO plugin. -->","yoast_head_json":{"title":"API Manufacturer in India & API Pharmaceutical Company","description":"WBCIL is a leading API manufacturer and supplier based in India. We specialize in API manufacturing, offering high-quality pharmaceutical products for over 30 years.","robots":{"index":"index","follow":"follow","max-snippet":"max-snippet:-1","max-image-preview":"max-image-preview:large","max-video-preview":"max-video-preview:-1"},"canonical":"https:\/\/www.wbcil.com\/de\/","og_locale":"de_DE","og_type":"article","og_title":"API Manufacturer in India & API Pharmaceutical Company","og_description":"WBCIL is a leading API manufacturer and supplier based in India. We specialize in API manufacturing, offering high-quality pharmaceutical products for over 30 years.","og_url":"https:\/\/www.wbcil.com\/de\/","og_site_name":"West Bengal Chemical Industries Limited","article_publisher":"https:\/\/www.facebook.com\/wbcilindia","article_modified_time":"2025-11-03T05:38:12+00:00","og_image":[{"width":800,"height":721,"url":"https:\/\/www.wbcil.com\/wp-content\/uploads\/2023\/08\/wbcil-welcome.webp","type":"image\/webp"}],"twitter_card":"summary_large_image","twitter_misc":{"Gesch\u00e4tzte Lesezeit":"1\u00a0Minute"},"schema":{"@context":"https:\/\/schema.org","@graph":[{"@type":"WebPage","@id":"https:\/\/www.wbcil.com\/de\/","url":"https:\/\/www.wbcil.com\/de\/","name":"API Manufacturer in India & API Pharmaceutical Company","isPartOf":{"@id":"https:\/\/www.wbcil.com\/de\/#website"},"primaryImageOfPage":{"@id":"https:\/\/www.wbcil.com\/de\/#primaryimage"},"image":{"@id":"https:\/\/www.wbcil.com\/de\/#primaryimage"},"thumbnailUrl":"https:\/\/www.wbcil.com\/wp-content\/uploads\/2023\/08\/wbcil-welcome.webp","datePublished":"2023-08-01T05:47:59+00:00","dateModified":"2025-11-03T05:38:12+00:00","description":"WBCIL is a leading API manufacturer and supplier based in India. We specialize in API manufacturing, offering high-quality pharmaceutical products for over 30 years.","breadcrumb":{"@id":"https:\/\/www.wbcil.com\/de\/#breadcrumb"},"inLanguage":"de","potentialAction":[{"@type":"ReadAction","target":["https:\/\/www.wbcil.com\/de\/"]}]},{"@type":"ImageObject","inLanguage":"de","@id":"https:\/\/www.wbcil.com\/de\/#primaryimage","url":"https:\/\/www.wbcil.com\/wp-content\/uploads\/2023\/08\/wbcil-welcome.webp","contentUrl":"https:\/\/www.wbcil.com\/wp-content\/uploads\/2023\/08\/wbcil-welcome.webp","width":800,"height":721,"caption":"West Bengal Chemical Industries Limited (WBCIL) - A Trusted Name Among API Manufacturing Companies in India - Specializing in Pharmaceutical APIs and Fine Chemicals - Over 60 Years of Excellence"},{"@type":"BreadcrumbList","@id":"https:\/\/www.wbcil.com\/de\/#breadcrumb","itemListElement":[{"@type":"ListItem","position":1,"name":"WBCIL","item":"https:\/\/www.wbcil.com\/de\/"},{"@type":"ListItem","position":2,"name":"F\u00fchrendes API-Pharmaunternehmen in Indien &#8211; WBCIL"}]},{"@type":"WebSite","@id":"https:\/\/www.wbcil.com\/de\/#website","url":"https:\/\/www.wbcil.com\/de\/","name":"West Bengal Chemical Industries Limited","description":"API &amp; Fine Pharmaceutical Manufacturer in India","publisher":{"@id":"https:\/\/www.wbcil.com\/de\/#organization"},"alternateName":"API & Fine Pharmaceutical Companies - Manufacturers in India","potentialAction":[{"@type":"SearchAction","target":{"@type":"EntryPoint","urlTemplate":"https:\/\/www.wbcil.com\/de\/?s={search_term_string}"},"query-input":{"@type":"PropertyValueSpecification","valueRequired":true,"valueName":"search_term_string"}}],"inLanguage":"de"},{"@type":"Organization","@id":"https:\/\/www.wbcil.com\/de\/#organization","name":"West Bengal Chemical Industries Limited","alternateName":"WBCIL","url":"https:\/\/www.wbcil.com\/de\/","logo":{"@type":"ImageObject","inLanguage":"de","@id":"https:\/\/www.wbcil.com\/de\/#\/schema\/logo\/image\/","url":"https:\/\/www.wbcil.com\/wp-content\/uploads\/2023\/09\/west-bengal-chemical-industries-limited-logo.webp","contentUrl":"https:\/\/www.wbcil.com\/wp-content\/uploads\/2023\/09\/west-bengal-chemical-industries-limited-logo.webp","width":411,"height":80,"caption":"West Bengal Chemical Industries Limited"},"image":{"@id":"https:\/\/www.wbcil.com\/de\/#\/schema\/logo\/image\/"},"sameAs":["https:\/\/www.facebook.com\/wbcilindia","https:\/\/www.linkedin.com\/company\/5808423\/"]}]}},"_links":{"self":[{"href":"https:\/\/www.wbcil.com\/de\/wp-json\/wp\/v2\/pages\/20805","targetHints":{"allow":["GET"]}}],"collection":[{"href":"https:\/\/www.wbcil.com\/de\/wp-json\/wp\/v2\/pages"}],"about":[{"href":"https:\/\/www.wbcil.com\/de\/wp-json\/wp\/v2\/types\/page"}],"author":[{"embeddable":true,"href":"https:\/\/www.wbcil.com\/de\/wp-json\/wp\/v2\/users\/1"}],"replies":[{"embeddable":true,"href":"https:\/\/www.wbcil.com\/de\/wp-json\/wp\/v2\/comments?post=20805"}],"version-history":[{"count":0,"href":"https:\/\/www.wbcil.com\/de\/wp-json\/wp\/v2\/pages\/20805\/revisions"}],"wp:featuredmedia":[{"embeddable":true,"href":"https:\/\/www.wbcil.com\/de\/wp-json\/wp\/v2\/media\/20807"}],"wp:attachment":[{"href":"https:\/\/www.wbcil.com\/de\/wp-json\/wp\/v2\/media?parent=20805"}],"curies":[{"name":"wp","href":"https:\/\/api.w.org\/{rel}","templated":true}]}}