{"id":21115,"date":"2023-12-20T11:11:22","date_gmt":"2023-12-20T05:41:22","guid":{"rendered":"https:\/\/www.wbcil.com\/research-and-development\/"},"modified":"2025-08-22T02:12:37","modified_gmt":"2025-08-21T20:42:37","slug":"forschung-und-entwicklung","status":"publish","type":"page","link":"https:\/\/www.wbcil.com\/de\/forschung-und-entwicklung\/","title":{"rendered":"Forschung und Entwicklung bei West Bengal Chemical Industries Limited (F&amp;E)"},"content":{"rendered":"<p>Unser Team bei West Bengal Chemical Industries Limited besteht aus branchenf\u00fchrenden Experten, die mit modernsten Ressourcen ausgestattet sind. West Bengal Chemical Industries verf\u00fcgt \u00fcber hochmoderne Anlagen, Technologien und Instrumente, die es unseren Forschungsmitarbeitern erm\u00f6glichen, bei der gesamten Entwicklung von API herausragende Leistungen zu erbringen. Mit Hilfe fortschrittlicher Werkzeuge meistern wir Produktentwicklung, Fertigung, Qualit\u00e4tssicherung und technischen Support.<\/p>\n<p>Unser Forschungs- und Entwicklungsteam (F&amp;E) ist der Innovationsmotor unseres Unternehmens. Durch die Verbindung von wissenschaftlicher Expertise mit den Anforderungen des Marktes konzipieren und entwickeln wir neue Produkte. Unser strenger Forschungs- und Entwicklungsprozess stellt sicher, dass wir den Branchentrends immer einen Schritt voraus sind und unseren Kunden innovative L\u00f6sungen bieten k\u00f6nnen.<\/p>\n","protected":false},"excerpt":{"rendered":"<p>Unser Team bei West Bengal Chemical Industries Limited besteht aus branchenf\u00fchrenden Experten, die mit modernsten Ressourcen ausgestattet sind. West Bengal Chemical Industries verf\u00fcgt \u00fcber hochmoderne Anlagen, Technologien und Instrumente, die es unseren Forschungsmitarbeitern erm\u00f6glichen, bei der gesamten Entwicklung von API herausragende Leistungen zu erbringen. Mit Hilfe fortschrittlicher Werkzeuge meistern wir Produktentwicklung, Fertigung, Qualit\u00e4tssicherung und technischen &hellip; <a href=\"https:\/\/www.wbcil.com\/de\/forschung-und-entwicklung\/\" class=\"more-link\">Continue reading<span class=\"screen-reader-text\"> &#8222;Forschung und Entwicklung bei West Bengal Chemical Industries Limited (F&amp;E)&#8220;<\/span><\/a><\/p>\n","protected":false},"author":1,"featured_media":20914,"parent":0,"menu_order":0,"comment_status":"closed","ping_status":"closed","template":"page-rnd.php","meta":{"_acf_changed":false,"footnotes":""},"class_list":["post-21115","page","type-page","status-publish","has-post-thumbnail","hentry"],"acf":[],"yoast_head":"<!-- This site is optimized with the Yoast SEO plugin v27.4 - https:\/\/yoast.com\/product\/yoast-seo-wordpress\/ -->\n<title>Innovative Forschung und Entwicklung in der Pharmaindustrie<\/title>\n<meta name=\"description\" content=\"Unsere Forschungs- und Entwicklungsabteilung (F&amp;E) ist der Eckpfeiler der Innovation und des technologischen Fortschritts | WBCIL\" \/>\n<meta name=\"robots\" content=\"index, follow, max-snippet:-1, max-image-preview:large, max-video-preview:-1\" \/>\n<link rel=\"canonical\" href=\"https:\/\/www.wbcil.com\/de\/forschung-und-entwicklung\/\" \/>\n<meta property=\"og:locale\" content=\"de_DE\" \/>\n<meta property=\"og:type\" content=\"article\" \/>\n<meta property=\"og:title\" content=\"Innovative Forschung und Entwicklung in der Pharmaindustrie\" \/>\n<meta property=\"og:description\" content=\"Unsere Forschungs- und Entwicklungsabteilung (F&amp;E) ist der Eckpfeiler der Innovation und des technologischen Fortschritts | WBCIL\" \/>\n<meta property=\"og:url\" content=\"https:\/\/www.wbcil.com\/de\/forschung-und-entwicklung\/\" \/>\n<meta property=\"og:site_name\" content=\"West Bengal Chemical Industries Limited\" \/>\n<meta property=\"article:publisher\" content=\"https:\/\/www.facebook.com\/wbcilindia\" \/>\n<meta property=\"article:modified_time\" content=\"2025-08-21T20:42:37+00:00\" \/>\n<meta property=\"og:image\" content=\"https:\/\/www.wbcil.com\/wp-content\/uploads\/2023\/12\/wbcil-thumb.webp\" \/>\n\t<meta property=\"og:image:width\" content=\"600\" \/>\n\t<meta property=\"og:image:height\" content=\"600\" \/>\n\t<meta property=\"og:image:type\" content=\"image\/webp\" \/>\n<meta name=\"twitter:card\" content=\"summary_large_image\" \/>\n<meta name=\"twitter:label1\" content=\"Gesch\u00e4tzte Lesezeit\" \/>\n\t<meta name=\"twitter:data1\" content=\"1\u00a0Minute\" \/>\n<script type=\"application\/ld+json\" class=\"yoast-schema-graph\">{\"@context\":\"https:\\\/\\\/schema.org\",\"@graph\":[{\"@type\":\"WebPage\",\"@id\":\"https:\\\/\\\/www.wbcil.com\\\/de\\\/forschung-und-entwicklung\\\/\",\"url\":\"https:\\\/\\\/www.wbcil.com\\\/de\\\/forschung-und-entwicklung\\\/\",\"name\":\"Innovative Forschung und Entwicklung in der Pharmaindustrie\",\"isPartOf\":{\"@id\":\"https:\\\/\\\/www.wbcil.com\\\/de\\\/#website\"},\"primaryImageOfPage\":{\"@id\":\"https:\\\/\\\/www.wbcil.com\\\/de\\\/forschung-und-entwicklung\\\/#primaryimage\"},\"image\":{\"@id\":\"https:\\\/\\\/www.wbcil.com\\\/de\\\/forschung-und-entwicklung\\\/#primaryimage\"},\"thumbnailUrl\":\"https:\\\/\\\/www.wbcil.com\\\/wp-content\\\/uploads\\\/2023\\\/12\\\/wbcil-thumb.webp\",\"datePublished\":\"2023-12-20T05:41:22+00:00\",\"dateModified\":\"2025-08-21T20:42:37+00:00\",\"description\":\"Unsere Forschungs- und Entwicklungsabteilung (F&E) ist der Eckpfeiler der Innovation und des technologischen Fortschritts | WBCIL\",\"breadcrumb\":{\"@id\":\"https:\\\/\\\/www.wbcil.com\\\/de\\\/forschung-und-entwicklung\\\/#breadcrumb\"},\"inLanguage\":\"de\",\"potentialAction\":[{\"@type\":\"ReadAction\",\"target\":[\"https:\\\/\\\/www.wbcil.com\\\/de\\\/forschung-und-entwicklung\\\/\"]}]},{\"@type\":\"ImageObject\",\"inLanguage\":\"de\",\"@id\":\"https:\\\/\\\/www.wbcil.com\\\/de\\\/forschung-und-entwicklung\\\/#primaryimage\",\"url\":\"https:\\\/\\\/www.wbcil.com\\\/wp-content\\\/uploads\\\/2023\\\/12\\\/wbcil-thumb.webp\",\"contentUrl\":\"https:\\\/\\\/www.wbcil.com\\\/wp-content\\\/uploads\\\/2023\\\/12\\\/wbcil-thumb.webp\",\"width\":600,\"height\":600,\"caption\":\"Pharmaceutical research and development\"},{\"@type\":\"BreadcrumbList\",\"@id\":\"https:\\\/\\\/www.wbcil.com\\\/de\\\/forschung-und-entwicklung\\\/#breadcrumb\",\"itemListElement\":[{\"@type\":\"ListItem\",\"position\":1,\"name\":\"WBCIL\",\"item\":\"https:\\\/\\\/www.wbcil.com\\\/de\\\/\"},{\"@type\":\"ListItem\",\"position\":2,\"name\":\"Forschung und Entwicklung bei West Bengal Chemical Industries Limited (F&amp;E)\"}]},{\"@type\":\"WebSite\",\"@id\":\"https:\\\/\\\/www.wbcil.com\\\/de\\\/#website\",\"url\":\"https:\\\/\\\/www.wbcil.com\\\/de\\\/\",\"name\":\"West Bengal Chemical Industries Limited\",\"description\":\"API &amp; Fine Pharmaceutical Manufacturer in India\",\"publisher\":{\"@id\":\"https:\\\/\\\/www.wbcil.com\\\/de\\\/#organization\"},\"alternateName\":\"API & Fine Pharmaceutical Companies - Manufacturers in India\",\"potentialAction\":[{\"@type\":\"SearchAction\",\"target\":{\"@type\":\"EntryPoint\",\"urlTemplate\":\"https:\\\/\\\/www.wbcil.com\\\/de\\\/?s={search_term_string}\"},\"query-input\":{\"@type\":\"PropertyValueSpecification\",\"valueRequired\":true,\"valueName\":\"search_term_string\"}}],\"inLanguage\":\"de\"},{\"@type\":\"Organization\",\"@id\":\"https:\\\/\\\/www.wbcil.com\\\/de\\\/#organization\",\"name\":\"West Bengal Chemical Industries Limited\",\"alternateName\":\"WBCIL\",\"url\":\"https:\\\/\\\/www.wbcil.com\\\/de\\\/\",\"logo\":{\"@type\":\"ImageObject\",\"inLanguage\":\"de\",\"@id\":\"https:\\\/\\\/www.wbcil.com\\\/de\\\/#\\\/schema\\\/logo\\\/image\\\/\",\"url\":\"https:\\\/\\\/www.wbcil.com\\\/wp-content\\\/uploads\\\/2023\\\/09\\\/west-bengal-chemical-industries-limited-logo.webp\",\"contentUrl\":\"https:\\\/\\\/www.wbcil.com\\\/wp-content\\\/uploads\\\/2023\\\/09\\\/west-bengal-chemical-industries-limited-logo.webp\",\"width\":411,\"height\":80,\"caption\":\"West Bengal Chemical Industries Limited\"},\"image\":{\"@id\":\"https:\\\/\\\/www.wbcil.com\\\/de\\\/#\\\/schema\\\/logo\\\/image\\\/\"},\"sameAs\":[\"https:\\\/\\\/www.facebook.com\\\/wbcilindia\",\"https:\\\/\\\/www.linkedin.com\\\/company\\\/5808423\\\/\"]}]}<\/script>\n<!-- \/ Yoast SEO plugin. -->","yoast_head_json":{"title":"Innovative Forschung und Entwicklung in der Pharmaindustrie","description":"Unsere Forschungs- und Entwicklungsabteilung (F&E) ist der Eckpfeiler der Innovation und des technologischen Fortschritts | WBCIL","robots":{"index":"index","follow":"follow","max-snippet":"max-snippet:-1","max-image-preview":"max-image-preview:large","max-video-preview":"max-video-preview:-1"},"canonical":"https:\/\/www.wbcil.com\/de\/forschung-und-entwicklung\/","og_locale":"de_DE","og_type":"article","og_title":"Innovative Forschung und Entwicklung in der Pharmaindustrie","og_description":"Unsere Forschungs- und Entwicklungsabteilung (F&E) ist der Eckpfeiler der Innovation und des technologischen Fortschritts | WBCIL","og_url":"https:\/\/www.wbcil.com\/de\/forschung-und-entwicklung\/","og_site_name":"West Bengal Chemical Industries Limited","article_publisher":"https:\/\/www.facebook.com\/wbcilindia","article_modified_time":"2025-08-21T20:42:37+00:00","og_image":[{"width":600,"height":600,"url":"https:\/\/www.wbcil.com\/wp-content\/uploads\/2023\/12\/wbcil-thumb.webp","type":"image\/webp"}],"twitter_card":"summary_large_image","twitter_misc":{"Gesch\u00e4tzte Lesezeit":"1\u00a0Minute"},"schema":{"@context":"https:\/\/schema.org","@graph":[{"@type":"WebPage","@id":"https:\/\/www.wbcil.com\/de\/forschung-und-entwicklung\/","url":"https:\/\/www.wbcil.com\/de\/forschung-und-entwicklung\/","name":"Innovative Forschung und Entwicklung in der Pharmaindustrie","isPartOf":{"@id":"https:\/\/www.wbcil.com\/de\/#website"},"primaryImageOfPage":{"@id":"https:\/\/www.wbcil.com\/de\/forschung-und-entwicklung\/#primaryimage"},"image":{"@id":"https:\/\/www.wbcil.com\/de\/forschung-und-entwicklung\/#primaryimage"},"thumbnailUrl":"https:\/\/www.wbcil.com\/wp-content\/uploads\/2023\/12\/wbcil-thumb.webp","datePublished":"2023-12-20T05:41:22+00:00","dateModified":"2025-08-21T20:42:37+00:00","description":"Unsere Forschungs- und Entwicklungsabteilung (F&E) ist der Eckpfeiler der Innovation und des technologischen Fortschritts | WBCIL","breadcrumb":{"@id":"https:\/\/www.wbcil.com\/de\/forschung-und-entwicklung\/#breadcrumb"},"inLanguage":"de","potentialAction":[{"@type":"ReadAction","target":["https:\/\/www.wbcil.com\/de\/forschung-und-entwicklung\/"]}]},{"@type":"ImageObject","inLanguage":"de","@id":"https:\/\/www.wbcil.com\/de\/forschung-und-entwicklung\/#primaryimage","url":"https:\/\/www.wbcil.com\/wp-content\/uploads\/2023\/12\/wbcil-thumb.webp","contentUrl":"https:\/\/www.wbcil.com\/wp-content\/uploads\/2023\/12\/wbcil-thumb.webp","width":600,"height":600,"caption":"Pharmaceutical research and development"},{"@type":"BreadcrumbList","@id":"https:\/\/www.wbcil.com\/de\/forschung-und-entwicklung\/#breadcrumb","itemListElement":[{"@type":"ListItem","position":1,"name":"WBCIL","item":"https:\/\/www.wbcil.com\/de\/"},{"@type":"ListItem","position":2,"name":"Forschung und Entwicklung bei West Bengal Chemical Industries Limited (F&amp;E)"}]},{"@type":"WebSite","@id":"https:\/\/www.wbcil.com\/de\/#website","url":"https:\/\/www.wbcil.com\/de\/","name":"West Bengal Chemical Industries Limited","description":"API &amp; Fine Pharmaceutical Manufacturer in India","publisher":{"@id":"https:\/\/www.wbcil.com\/de\/#organization"},"alternateName":"API & Fine Pharmaceutical Companies - Manufacturers in India","potentialAction":[{"@type":"SearchAction","target":{"@type":"EntryPoint","urlTemplate":"https:\/\/www.wbcil.com\/de\/?s={search_term_string}"},"query-input":{"@type":"PropertyValueSpecification","valueRequired":true,"valueName":"search_term_string"}}],"inLanguage":"de"},{"@type":"Organization","@id":"https:\/\/www.wbcil.com\/de\/#organization","name":"West Bengal Chemical Industries Limited","alternateName":"WBCIL","url":"https:\/\/www.wbcil.com\/de\/","logo":{"@type":"ImageObject","inLanguage":"de","@id":"https:\/\/www.wbcil.com\/de\/#\/schema\/logo\/image\/","url":"https:\/\/www.wbcil.com\/wp-content\/uploads\/2023\/09\/west-bengal-chemical-industries-limited-logo.webp","contentUrl":"https:\/\/www.wbcil.com\/wp-content\/uploads\/2023\/09\/west-bengal-chemical-industries-limited-logo.webp","width":411,"height":80,"caption":"West Bengal Chemical Industries Limited"},"image":{"@id":"https:\/\/www.wbcil.com\/de\/#\/schema\/logo\/image\/"},"sameAs":["https:\/\/www.facebook.com\/wbcilindia","https:\/\/www.linkedin.com\/company\/5808423\/"]}]}},"_links":{"self":[{"href":"https:\/\/www.wbcil.com\/de\/wp-json\/wp\/v2\/pages\/21115","targetHints":{"allow":["GET"]}}],"collection":[{"href":"https:\/\/www.wbcil.com\/de\/wp-json\/wp\/v2\/pages"}],"about":[{"href":"https:\/\/www.wbcil.com\/de\/wp-json\/wp\/v2\/types\/page"}],"author":[{"embeddable":true,"href":"https:\/\/www.wbcil.com\/de\/wp-json\/wp\/v2\/users\/1"}],"replies":[{"embeddable":true,"href":"https:\/\/www.wbcil.com\/de\/wp-json\/wp\/v2\/comments?post=21115"}],"version-history":[{"count":0,"href":"https:\/\/www.wbcil.com\/de\/wp-json\/wp\/v2\/pages\/21115\/revisions"}],"wp:featuredmedia":[{"embeddable":true,"href":"https:\/\/www.wbcil.com\/de\/wp-json\/wp\/v2\/media\/20914"}],"wp:attachment":[{"href":"https:\/\/www.wbcil.com\/de\/wp-json\/wp\/v2\/media?parent=21115"}],"curies":[{"name":"wp","href":"https:\/\/api.w.org\/{rel}","templated":true}]}}