{"id":21122,"date":"2023-08-02T10:54:40","date_gmt":"2023-08-02T05:24:40","guid":{"rendered":"https:\/\/www.wbcil.com\/patent\/"},"modified":"2025-12-23T11:40:21","modified_gmt":"2025-12-23T06:10:21","slug":"patent","status":"publish","type":"page","link":"https:\/\/www.wbcil.com\/de\/patent\/","title":{"rendered":"WBCILs 16 pharmazeutische Patente: Eine Verpflichtung zum Fortschritt"},"content":{"rendered":"\r\n<p>West Bengal Chemical Industries Limited (WBCIL) ist Inhaber von 16 <strong>pharmazeutischen Patenten<\/strong> und damit f\u00fchrend in der Innovation im Gesundheitswesen. Diese Patente decken eine Reihe von Molek\u00fclen ab, darunter auch Eisen(III)-Carboxymaltose, und unterstreichen das Engagement von WBCIL f\u00fcr den Fortschritt der medizinischen Wissenschaft und die Verbesserung von Gesundheit und Wohlbefinden weltweit. Unsere patentierten Entwicklungen stellen einen Durchbruch bei der Reduzierung von Nebenwirkungen und der Erzielung von Kosteneffizienz dar und unterstreichen unser Engagement f\u00fcr Fortschritt und Spitzenleistungen in der pharmazeutischen Industrie.<\/p>\r\n<h2 class=\"wp-block-heading\">WBCIL erlangt weltweite Anerkennung mit dem Certificate of Pharmaceutical Product<\/h2>\r\n<p>Das Certificate of Pharmaceutical Product (CPP) von West Bengal Chemical Industries Limited (WBCIL) bedeutet, dass wir die internationalen regulatorischen Standards f\u00fcr den Export von pharmazeutischen Produkten erf\u00fcllen. Solche Zertifikate best\u00e4tigen, dass unsere Produkte f\u00fcr die Vermarktung im In- und Ausland zugelassen sind und die erforderlichen Qualit\u00e4ts-, Sicherheits- und Wirksamkeitsstandards erf\u00fcllen, so dass sie f\u00fcr die Einfuhr in andere L\u00e4nder in Frage kommen. Diese Akkreditierung ist f\u00fcr die globalen Gesch\u00e4ftsaktivit\u00e4ten von WBCIL von entscheidender Bedeutung, da sie sicherstellt, dass unsere APIs auf einer internationalen Plattform anerkannt werden.<\/p>\r\n<h2 class=\"wp-block-heading\">West Bengal Chemical Industries Limited ist stolzer Inhaber von Patentzertifikaten f\u00fcr 16 Molek\u00fcle:<\/h2>\r\n<ul>\r\n<li>Eisen-Carboxymaltose<\/li>\r\n<li>Eisen-Isomaltosid<\/li>\r\n<li>Eisen(III)-Koordinationskomplex<\/li>\r\n<li><a href=\"https:\/\/www.wbcil.com\/de\/api-feinchemikalien-nutrazeutika\/eisen\/eisen-iii-derisomaltose\/\">Eisen(III)-Derisomaltose<\/a><\/li>\r\n<li><a href=\"https:\/\/www.wbcil.com\/de\/api-feinchemikalien-nutrazeutika\/eisen\/eisen-iii-citrat\/\">Eisen(III)-zitrat<\/a><\/li>\r\n<li><a href=\"https:\/\/www.wbcil.com\/de\/api-feinchemikalien-nutrazeutika\/eisen\/sucroferric-oxyhydroxide\/\">Sucroferric Oxyhydroxide<\/a><\/li>\r\n<li><a href=\"https:\/\/www.wbcil.com\/de\/api-feinchemikalien-nutrazeutika\/zusaetzliche-produkte\/enclomiphen-zitrat\/\">Enclomiphen-Zitrat<\/a><\/li>\r\n<li>Verbesserte Eisen(III)-Carboxymaltose mit weniger Nebenwirkungen kosteng\u00fcnstig gewonnen<\/li>\r\n<li>Eisen(III)-Maltol: Herstellung einer neuen polymorphen Form &#8217;s&#8216; von stabilisiertem Eisen(III)-Maltol und skalierbares Verfahren<\/li>\r\n<li>Eine pharmazeutisch akzeptable Eisen(III)-Carboxymaltose und ihre Herstellung<\/li>\r\n<li>Verfahren zur Herstellung von Eisen(III)-Polymaltose-Komplexen mit kontrolliertem Molekulargewicht<\/li>\r\n<li>Fer liposomal : une nouvelle approche pour am\u00e9liorer la suppl\u00e9mentation en fer gr\u00e2ce \u00e0 une stabilit\u00e9 et une fabrication accrues<\/li>\r\n<\/ul>\r\n<p>Diese Zertifikate sind ein Beweis f\u00fcr unser Engagement, die Grenzen der Wissenschaft zu erweitern und die Gesundheit und das Wohlbefinden der Welt zu verbessern. Zeigen Sie diese Errungenschaften mit Stolz als Symbol f\u00fcr unser Engagement f\u00fcr Innovation und Fortschritt.<\/p>\r\n<h3 class=\"wp-block-heading\">Hier sind einige wichtige Zertifizierungsdetails:<\/h3>\r\n<p>West Bengal Chemical Industries Limited beweist durch den Erwerb verschiedener Zertifikate ein starkes Engagement f\u00fcr Qualit\u00e4t und die Einhaltung von Vorschriften:<\/p>\r\n<ul>\r\n<li><strong>Pharmaceutical Export Promotion Council of India (Pharmexcil):<\/strong> Zeigt das Engagement von WBCIL in globalen pharmazeutischen Exportinitiativen.<\/li>\r\n<li><strong>Qualit\u00e4tsmanagementsystem (QMS): <\/strong>Zeigt die Einhaltung internationaler Standards f\u00fcr die Qualit\u00e4tssicherung von Herstellungsprozessen an.<\/li>\r\n<li><strong>Importeur-Exporteur-Code (IEC):<\/strong> Eine wichtige Zertifizierung f\u00fcr Unternehmen, die im internationalen Handel t\u00e4tig sind, und die die F\u00e4higkeit von WBCIL widerspiegelt, Waren zu exportieren und zu importieren.<\/li>\r\n<li><strong>Gef\u00e4hrdungsanalyse und kritische Kontrollpunkte (HACCP):<\/strong> Diese Zertifizierung unterstreicht das Engagement von WBCIL f\u00fcr Lebensmittelsicherheit und Qualit\u00e4tskontrolle in seinem Betrieb.<\/li>\r\n<li><strong>Beh\u00f6rde f\u00fcr Lebensmittelsicherheit und -standards in Indien (FSSAI):<\/strong> Gew\u00e4hrleistet die Einhaltung der Lebensmittelsicherheitsvorschriften, die f\u00fcr nutrazeutische Produkte von entscheidender Bedeutung sind.<\/li>\r\n<\/ul>\r\n<p>Diese Zertifizierungen unterstreichen unser \u00fcber 60-j\u00e4hriges Engagement f\u00fcr die Einhaltung hoher Standards in Bezug auf Produktqualit\u00e4t, Sicherheit und Einhaltung gesetzlicher Vorschriften und f\u00f6rdern unseren Ruf als vertrauensw\u00fcrdiger Name in der pharmazeutischen und nutrazeutischen Industrie.<\/p>\r\n","protected":false},"excerpt":{"rendered":"<p>West Bengal Chemical Industries Limited (WBCIL) ist Inhaber von 16 pharmazeutischen Patenten und damit f\u00fchrend in der Innovation im Gesundheitswesen. Diese Patente decken eine Reihe von Molek\u00fclen ab, darunter auch Eisen(III)-Carboxymaltose, und unterstreichen das Engagement von WBCIL f\u00fcr den Fortschritt der medizinischen Wissenschaft und die Verbesserung von Gesundheit und Wohlbefinden weltweit. Unsere patentierten Entwicklungen stellen &hellip; <a href=\"https:\/\/www.wbcil.com\/de\/patent\/\" class=\"more-link\">Continue reading<span class=\"screen-reader-text\"> &#8222;WBCILs 16 pharmazeutische Patente: Eine Verpflichtung zum Fortschritt&#8220;<\/span><\/a><\/p>\n","protected":false},"author":1,"featured_media":0,"parent":0,"menu_order":0,"comment_status":"closed","ping_status":"closed","template":"","meta":{"_acf_changed":false,"footnotes":""},"class_list":["post-21122","page","type-page","status-publish","hentry"],"acf":[],"yoast_head":"<!-- This site is optimized with the Yoast SEO plugin v27.4 - https:\/\/yoast.com\/product\/yoast-seo-wordpress\/ -->\n<title>Patent und Zertifikat f\u00fcr pharmazeutische Produkte von WBCIL<\/title>\n<meta name=\"description\" content=\"Entdecken Sie die Seite von WBCIL mit Patenten und Zertifikaten f\u00fcr pharmazeutische Produkte, die unsere f\u00fchrende Rolle bei Innovationen im Gesundheitswesen unterstreichen.\" \/>\n<meta name=\"robots\" content=\"index, follow, max-snippet:-1, max-image-preview:large, max-video-preview:-1\" \/>\n<link rel=\"canonical\" href=\"https:\/\/www.wbcil.com\/de\/patent\/\" \/>\n<meta property=\"og:locale\" content=\"de_DE\" \/>\n<meta property=\"og:type\" content=\"article\" \/>\n<meta property=\"og:title\" content=\"Patent und Zertifikat f\u00fcr pharmazeutische Produkte von WBCIL\" \/>\n<meta property=\"og:description\" content=\"Entdecken Sie die Seite von WBCIL mit Patenten und Zertifikaten f\u00fcr pharmazeutische Produkte, die unsere f\u00fchrende Rolle bei Innovationen im Gesundheitswesen unterstreichen.\" \/>\n<meta property=\"og:url\" content=\"https:\/\/www.wbcil.com\/de\/patent\/\" \/>\n<meta property=\"og:site_name\" content=\"West Bengal Chemical Industries Limited\" \/>\n<meta property=\"article:publisher\" content=\"https:\/\/www.facebook.com\/wbcilindia\" \/>\n<meta property=\"article:modified_time\" content=\"2025-12-23T06:10:21+00:00\" \/>\n<meta property=\"og:image\" content=\"https:\/\/www.wbcil.com\/wp-content\/uploads\/2023\/08\/wbcil-welcome.webp\" \/>\n\t<meta property=\"og:image:width\" content=\"800\" \/>\n\t<meta property=\"og:image:height\" content=\"721\" \/>\n\t<meta property=\"og:image:type\" content=\"image\/webp\" \/>\n<meta name=\"twitter:card\" content=\"summary_large_image\" \/>\n<meta name=\"twitter:label1\" content=\"Gesch\u00e4tzte Lesezeit\" \/>\n\t<meta name=\"twitter:data1\" content=\"2\u00a0Minuten\" \/>\n<script type=\"application\/ld+json\" class=\"yoast-schema-graph\">{\"@context\":\"https:\\\/\\\/schema.org\",\"@graph\":[{\"@type\":[\"WebPage\",\"CollectionPage\"],\"@id\":\"https:\\\/\\\/www.wbcil.com\\\/de\\\/patent\\\/\",\"url\":\"https:\\\/\\\/www.wbcil.com\\\/de\\\/patent\\\/\",\"name\":\"Patent und Zertifikat f\u00fcr pharmazeutische Produkte von WBCIL\",\"isPartOf\":{\"@id\":\"https:\\\/\\\/www.wbcil.com\\\/de\\\/#website\"},\"datePublished\":\"2023-08-02T05:24:40+00:00\",\"dateModified\":\"2025-12-23T06:10:21+00:00\",\"description\":\"Entdecken Sie die Seite von WBCIL mit Patenten und Zertifikaten f\u00fcr pharmazeutische Produkte, die unsere f\u00fchrende Rolle bei Innovationen im Gesundheitswesen unterstreichen.\",\"breadcrumb\":{\"@id\":\"https:\\\/\\\/www.wbcil.com\\\/de\\\/patent\\\/#breadcrumb\"},\"inLanguage\":\"de\"},{\"@type\":\"BreadcrumbList\",\"@id\":\"https:\\\/\\\/www.wbcil.com\\\/de\\\/patent\\\/#breadcrumb\",\"itemListElement\":[{\"@type\":\"ListItem\",\"position\":1,\"name\":\"WBCIL\",\"item\":\"https:\\\/\\\/www.wbcil.com\\\/de\\\/\"},{\"@type\":\"ListItem\",\"position\":2,\"name\":\"WBCILs 16 pharmazeutische Patente: Eine Verpflichtung zum Fortschritt\"}]},{\"@type\":\"WebSite\",\"@id\":\"https:\\\/\\\/www.wbcil.com\\\/de\\\/#website\",\"url\":\"https:\\\/\\\/www.wbcil.com\\\/de\\\/\",\"name\":\"West Bengal Chemical Industries Limited\",\"description\":\"API &amp; Fine Pharmaceutical Manufacturer in India\",\"publisher\":{\"@id\":\"https:\\\/\\\/www.wbcil.com\\\/de\\\/#organization\"},\"alternateName\":\"API & Fine Pharmaceutical Companies - Manufacturers in India\",\"potentialAction\":[{\"@type\":\"SearchAction\",\"target\":{\"@type\":\"EntryPoint\",\"urlTemplate\":\"https:\\\/\\\/www.wbcil.com\\\/de\\\/?s={search_term_string}\"},\"query-input\":{\"@type\":\"PropertyValueSpecification\",\"valueRequired\":true,\"valueName\":\"search_term_string\"}}],\"inLanguage\":\"de\"},{\"@type\":\"Organization\",\"@id\":\"https:\\\/\\\/www.wbcil.com\\\/de\\\/#organization\",\"name\":\"West Bengal Chemical Industries Limited\",\"alternateName\":\"WBCIL\",\"url\":\"https:\\\/\\\/www.wbcil.com\\\/de\\\/\",\"logo\":{\"@type\":\"ImageObject\",\"inLanguage\":\"de\",\"@id\":\"https:\\\/\\\/www.wbcil.com\\\/de\\\/#\\\/schema\\\/logo\\\/image\\\/\",\"url\":\"https:\\\/\\\/www.wbcil.com\\\/wp-content\\\/uploads\\\/2023\\\/09\\\/west-bengal-chemical-industries-limited-logo.webp\",\"contentUrl\":\"https:\\\/\\\/www.wbcil.com\\\/wp-content\\\/uploads\\\/2023\\\/09\\\/west-bengal-chemical-industries-limited-logo.webp\",\"width\":411,\"height\":80,\"caption\":\"West Bengal Chemical Industries Limited\"},\"image\":{\"@id\":\"https:\\\/\\\/www.wbcil.com\\\/de\\\/#\\\/schema\\\/logo\\\/image\\\/\"},\"sameAs\":[\"https:\\\/\\\/www.facebook.com\\\/wbcilindia\",\"https:\\\/\\\/www.linkedin.com\\\/company\\\/5808423\\\/\"]}]}<\/script>\n<!-- \/ Yoast SEO plugin. -->","yoast_head_json":{"title":"Patent und Zertifikat f\u00fcr pharmazeutische Produkte von WBCIL","description":"Entdecken Sie die Seite von WBCIL mit Patenten und Zertifikaten f\u00fcr pharmazeutische Produkte, die unsere f\u00fchrende Rolle bei Innovationen im Gesundheitswesen unterstreichen.","robots":{"index":"index","follow":"follow","max-snippet":"max-snippet:-1","max-image-preview":"max-image-preview:large","max-video-preview":"max-video-preview:-1"},"canonical":"https:\/\/www.wbcil.com\/de\/patent\/","og_locale":"de_DE","og_type":"article","og_title":"Patent und Zertifikat f\u00fcr pharmazeutische Produkte von WBCIL","og_description":"Entdecken Sie die Seite von WBCIL mit Patenten und Zertifikaten f\u00fcr pharmazeutische Produkte, die unsere f\u00fchrende Rolle bei Innovationen im Gesundheitswesen unterstreichen.","og_url":"https:\/\/www.wbcil.com\/de\/patent\/","og_site_name":"West Bengal Chemical Industries Limited","article_publisher":"https:\/\/www.facebook.com\/wbcilindia","article_modified_time":"2025-12-23T06:10:21+00:00","og_image":[{"width":800,"height":721,"url":"https:\/\/www.wbcil.com\/wp-content\/uploads\/2023\/08\/wbcil-welcome.webp","type":"image\/webp"}],"twitter_card":"summary_large_image","twitter_misc":{"Gesch\u00e4tzte Lesezeit":"2\u00a0Minuten"},"schema":{"@context":"https:\/\/schema.org","@graph":[{"@type":["WebPage","CollectionPage"],"@id":"https:\/\/www.wbcil.com\/de\/patent\/","url":"https:\/\/www.wbcil.com\/de\/patent\/","name":"Patent und Zertifikat f\u00fcr pharmazeutische Produkte von WBCIL","isPartOf":{"@id":"https:\/\/www.wbcil.com\/de\/#website"},"datePublished":"2023-08-02T05:24:40+00:00","dateModified":"2025-12-23T06:10:21+00:00","description":"Entdecken Sie die Seite von WBCIL mit Patenten und Zertifikaten f\u00fcr pharmazeutische Produkte, die unsere f\u00fchrende Rolle bei Innovationen im Gesundheitswesen unterstreichen.","breadcrumb":{"@id":"https:\/\/www.wbcil.com\/de\/patent\/#breadcrumb"},"inLanguage":"de"},{"@type":"BreadcrumbList","@id":"https:\/\/www.wbcil.com\/de\/patent\/#breadcrumb","itemListElement":[{"@type":"ListItem","position":1,"name":"WBCIL","item":"https:\/\/www.wbcil.com\/de\/"},{"@type":"ListItem","position":2,"name":"WBCILs 16 pharmazeutische Patente: Eine Verpflichtung zum Fortschritt"}]},{"@type":"WebSite","@id":"https:\/\/www.wbcil.com\/de\/#website","url":"https:\/\/www.wbcil.com\/de\/","name":"West Bengal Chemical Industries Limited","description":"API &amp; Fine Pharmaceutical Manufacturer in India","publisher":{"@id":"https:\/\/www.wbcil.com\/de\/#organization"},"alternateName":"API & Fine Pharmaceutical Companies - Manufacturers in India","potentialAction":[{"@type":"SearchAction","target":{"@type":"EntryPoint","urlTemplate":"https:\/\/www.wbcil.com\/de\/?s={search_term_string}"},"query-input":{"@type":"PropertyValueSpecification","valueRequired":true,"valueName":"search_term_string"}}],"inLanguage":"de"},{"@type":"Organization","@id":"https:\/\/www.wbcil.com\/de\/#organization","name":"West Bengal Chemical Industries Limited","alternateName":"WBCIL","url":"https:\/\/www.wbcil.com\/de\/","logo":{"@type":"ImageObject","inLanguage":"de","@id":"https:\/\/www.wbcil.com\/de\/#\/schema\/logo\/image\/","url":"https:\/\/www.wbcil.com\/wp-content\/uploads\/2023\/09\/west-bengal-chemical-industries-limited-logo.webp","contentUrl":"https:\/\/www.wbcil.com\/wp-content\/uploads\/2023\/09\/west-bengal-chemical-industries-limited-logo.webp","width":411,"height":80,"caption":"West Bengal Chemical Industries Limited"},"image":{"@id":"https:\/\/www.wbcil.com\/de\/#\/schema\/logo\/image\/"},"sameAs":["https:\/\/www.facebook.com\/wbcilindia","https:\/\/www.linkedin.com\/company\/5808423\/"]}]}},"_links":{"self":[{"href":"https:\/\/www.wbcil.com\/de\/wp-json\/wp\/v2\/pages\/21122","targetHints":{"allow":["GET"]}}],"collection":[{"href":"https:\/\/www.wbcil.com\/de\/wp-json\/wp\/v2\/pages"}],"about":[{"href":"https:\/\/www.wbcil.com\/de\/wp-json\/wp\/v2\/types\/page"}],"author":[{"embeddable":true,"href":"https:\/\/www.wbcil.com\/de\/wp-json\/wp\/v2\/users\/1"}],"replies":[{"embeddable":true,"href":"https:\/\/www.wbcil.com\/de\/wp-json\/wp\/v2\/comments?post=21122"}],"version-history":[{"count":0,"href":"https:\/\/www.wbcil.com\/de\/wp-json\/wp\/v2\/pages\/21122\/revisions"}],"wp:attachment":[{"href":"https:\/\/www.wbcil.com\/de\/wp-json\/wp\/v2\/media?parent=21122"}],"curies":[{"name":"wp","href":"https:\/\/api.w.org\/{rel}","templated":true}]}}