{"id":21124,"date":"2023-08-02T10:46:00","date_gmt":"2023-08-02T05:16:00","guid":{"rendered":"https:\/\/www.wbcil.com\/about-wbcil\/"},"modified":"2025-08-19T20:47:33","modified_gmt":"2025-08-19T15:17:33","slug":"ueber-wbcil","status":"publish","type":"page","link":"https:\/\/www.wbcil.com\/de\/ueber-wbcil\/","title":{"rendered":"Wer sind wir?"},"content":{"rendered":"\r\n<p>Willkommen bei <strong>West Bengal Chemical Industries Limited<\/strong> (WBCIL), einem Pionier in der Welt der pharmazeutischen Wirkstoffe (API) und der Herstellung von Feinchemikalien in Indien. Mit einem Erbe von \u00fcber 55 bemerkenswerten Jahren haben wir uns zu einem Spitzenunternehmen der chemischen Industrie in der globalen Arena entwickelt, das f\u00fcr hervorragende Leistungen steht.<\/p>\r\n<p>Bei WBCIL stellen wir nicht nur Chemikalien her, sondern entwickeln auch L\u00f6sungen. Unser Fachwissen geht \u00fcber die Grenzen hinaus und macht uns zum bevorzugten Anbieter von Spezialmineralsalzen. Ob f\u00fcr die pharmazeutische Industrie, f\u00fcr Nahrungserg\u00e4nzungsmittel, die Lebensmittelproduktion, die Tierern\u00e4hrung oder sogar f\u00fcr den Gartenbau &#8211; wir haben das Richtige f\u00fcr Sie.<\/p>\r\n<h2 class=\"wp-block-heading\">Was uns auszeichnet?<\/h2>\r\n<p>Es ist nicht nur unsere Erfahrung, sondern auch unser unerm\u00fcdliches Engagement f\u00fcr Innovation. Wir freuen uns \u00fcber Herausforderungen und passen uns mit der Agilit\u00e4t eines echten Branchenpioniers an. In einer Welt, die sich st\u00e4ndig ver\u00e4ndert, sind wir Ihr verl\u00e4sslicher Partner, der immer bereit ist, Ihre sich entwickelnden Bed\u00fcrfnisse zu erf\u00fcllen.<\/p>\r\n<p>Wenn Sie sich f\u00fcr WBCIL entscheiden, entscheiden Sie sich f\u00fcr einen Partner, der versteht, dass es in der Chemie nicht nur um Verbindungen geht, sondern darum, etwas zu bewirken. Unser Engagement f\u00fcr Qualit\u00e4t, Pr\u00e4zision und Kundenzufriedenheit ist der Grundstein f\u00fcr unseren Erfolg. Gestalten Sie mit uns die Zukunft der Chemie. Erleben Sie die Faszination von WBCIL, wo Innovation auf Tradition trifft und Exzellenz unser Verm\u00e4chtnis ist.<\/p>\r\n","protected":false},"excerpt":{"rendered":"<p>Willkommen bei West Bengal Chemical Industries Limited (WBCIL), einem Pionier in der Welt der pharmazeutischen Wirkstoffe (API) und der Herstellung von Feinchemikalien in Indien. Mit einem Erbe von \u00fcber 55 bemerkenswerten Jahren haben wir uns zu einem Spitzenunternehmen der chemischen Industrie in der globalen Arena entwickelt, das f\u00fcr hervorragende Leistungen steht. Bei WBCIL stellen wir &hellip; <a href=\"https:\/\/www.wbcil.com\/de\/ueber-wbcil\/\" class=\"more-link\">Continue reading<span class=\"screen-reader-text\"> &#8222;Wer sind wir?&#8220;<\/span><\/a><\/p>\n","protected":false},"author":1,"featured_media":20807,"parent":0,"menu_order":0,"comment_status":"closed","ping_status":"closed","template":"page-about.php","meta":{"_acf_changed":false,"footnotes":""},"class_list":["post-21124","page","type-page","status-publish","has-post-thumbnail","hentry"],"acf":[],"yoast_head":"<!-- This site is optimized with the Yoast SEO plugin v27.3 - https:\/\/yoast.com\/product\/yoast-seo-wordpress\/ -->\n<title>\u00dcber WBCIL | Ihr zuverl\u00e4ssiger Chemikalienhersteller<\/title>\n<meta name=\"description\" content=\"WBCIL ist Ihr zuverl\u00e4ssiger Lieferant und Hersteller von Chemikalien, der hochwertige Produkte f\u00fcr verschiedene Branchen anbietet.\" \/>\n<meta name=\"robots\" content=\"index, follow, max-snippet:-1, max-image-preview:large, max-video-preview:-1\" \/>\n<link rel=\"canonical\" href=\"https:\/\/www.wbcil.com\/de\/ueber-wbcil\/\" \/>\n<meta property=\"og:locale\" content=\"de_DE\" \/>\n<meta property=\"og:type\" content=\"article\" \/>\n<meta property=\"og:title\" content=\"\u00dcber WBCIL | Ihr zuverl\u00e4ssiger Chemikalienhersteller\" \/>\n<meta property=\"og:description\" content=\"WBCIL ist Ihr zuverl\u00e4ssiger Lieferant und Hersteller von Chemikalien, der hochwertige Produkte f\u00fcr verschiedene Branchen anbietet.\" \/>\n<meta property=\"og:url\" content=\"https:\/\/www.wbcil.com\/de\/ueber-wbcil\/\" \/>\n<meta property=\"og:site_name\" content=\"West Bengal Chemical Industries Limited\" \/>\n<meta property=\"article:publisher\" content=\"https:\/\/www.facebook.com\/wbcilindia\" \/>\n<meta property=\"article:modified_time\" content=\"2025-08-19T15:17:33+00:00\" \/>\n<meta property=\"og:image\" content=\"https:\/\/www.wbcil.com\/wp-content\/uploads\/2023\/08\/wbcil-welcome.webp\" \/>\n\t<meta property=\"og:image:width\" content=\"800\" \/>\n\t<meta property=\"og:image:height\" content=\"721\" \/>\n\t<meta property=\"og:image:type\" content=\"image\/webp\" \/>\n<meta name=\"twitter:card\" content=\"summary_large_image\" \/>\n<meta name=\"twitter:label1\" content=\"Gesch\u00e4tzte Lesezeit\" \/>\n\t<meta name=\"twitter:data1\" content=\"2\u00a0Minuten\" \/>\n<script type=\"application\/ld+json\" class=\"yoast-schema-graph\">{\"@context\":\"https:\\\/\\\/schema.org\",\"@graph\":[{\"@type\":[\"WebPage\",\"AboutPage\"],\"@id\":\"https:\\\/\\\/www.wbcil.com\\\/de\\\/ueber-wbcil\\\/\",\"url\":\"https:\\\/\\\/www.wbcil.com\\\/de\\\/ueber-wbcil\\\/\",\"name\":\"\u00dcber WBCIL | Ihr zuverl\u00e4ssiger Chemikalienhersteller\",\"isPartOf\":{\"@id\":\"https:\\\/\\\/www.wbcil.com\\\/de\\\/#website\"},\"primaryImageOfPage\":{\"@id\":\"https:\\\/\\\/www.wbcil.com\\\/de\\\/ueber-wbcil\\\/#primaryimage\"},\"image\":{\"@id\":\"https:\\\/\\\/www.wbcil.com\\\/de\\\/ueber-wbcil\\\/#primaryimage\"},\"thumbnailUrl\":\"https:\\\/\\\/www.wbcil.com\\\/wp-content\\\/uploads\\\/2023\\\/08\\\/wbcil-welcome.webp\",\"datePublished\":\"2023-08-02T05:16:00+00:00\",\"dateModified\":\"2025-08-19T15:17:33+00:00\",\"description\":\"WBCIL ist Ihr zuverl\u00e4ssiger Lieferant und Hersteller von Chemikalien, der hochwertige Produkte f\u00fcr verschiedene Branchen anbietet.\",\"breadcrumb\":{\"@id\":\"https:\\\/\\\/www.wbcil.com\\\/de\\\/ueber-wbcil\\\/#breadcrumb\"},\"inLanguage\":\"de\",\"potentialAction\":[{\"@type\":\"ReadAction\",\"target\":[\"https:\\\/\\\/www.wbcil.com\\\/de\\\/ueber-wbcil\\\/\"]}]},{\"@type\":\"ImageObject\",\"inLanguage\":\"de\",\"@id\":\"https:\\\/\\\/www.wbcil.com\\\/de\\\/ueber-wbcil\\\/#primaryimage\",\"url\":\"https:\\\/\\\/www.wbcil.com\\\/wp-content\\\/uploads\\\/2023\\\/08\\\/wbcil-welcome.webp\",\"contentUrl\":\"https:\\\/\\\/www.wbcil.com\\\/wp-content\\\/uploads\\\/2023\\\/08\\\/wbcil-welcome.webp\",\"width\":800,\"height\":721,\"caption\":\"West Bengal Chemical Industries Limited (WBCIL) - A Trusted Name Among API Manufacturing Companies in India - Specializing in Pharmaceutical APIs and Fine Chemicals - Over 60 Years of Excellence\"},{\"@type\":\"BreadcrumbList\",\"@id\":\"https:\\\/\\\/www.wbcil.com\\\/de\\\/ueber-wbcil\\\/#breadcrumb\",\"itemListElement\":[{\"@type\":\"ListItem\",\"position\":1,\"name\":\"WBCIL\",\"item\":\"https:\\\/\\\/www.wbcil.com\\\/de\\\/\"},{\"@type\":\"ListItem\",\"position\":2,\"name\":\"Wer sind wir?\"}]},{\"@type\":\"WebSite\",\"@id\":\"https:\\\/\\\/www.wbcil.com\\\/de\\\/#website\",\"url\":\"https:\\\/\\\/www.wbcil.com\\\/de\\\/\",\"name\":\"West Bengal Chemical Industries Limited\",\"description\":\"API &amp; Fine Pharmaceutical Manufacturer in India\",\"publisher\":{\"@id\":\"https:\\\/\\\/www.wbcil.com\\\/de\\\/#organization\"},\"alternateName\":\"API & Fine Pharmaceutical Companies - Manufacturers in India\",\"potentialAction\":[{\"@type\":\"SearchAction\",\"target\":{\"@type\":\"EntryPoint\",\"urlTemplate\":\"https:\\\/\\\/www.wbcil.com\\\/de\\\/?s={search_term_string}\"},\"query-input\":{\"@type\":\"PropertyValueSpecification\",\"valueRequired\":true,\"valueName\":\"search_term_string\"}}],\"inLanguage\":\"de\"},{\"@type\":\"Organization\",\"@id\":\"https:\\\/\\\/www.wbcil.com\\\/de\\\/#organization\",\"name\":\"West Bengal Chemical Industries Limited\",\"alternateName\":\"WBCIL\",\"url\":\"https:\\\/\\\/www.wbcil.com\\\/de\\\/\",\"logo\":{\"@type\":\"ImageObject\",\"inLanguage\":\"de\",\"@id\":\"https:\\\/\\\/www.wbcil.com\\\/de\\\/#\\\/schema\\\/logo\\\/image\\\/\",\"url\":\"https:\\\/\\\/www.wbcil.com\\\/wp-content\\\/uploads\\\/2023\\\/09\\\/west-bengal-chemical-industries-limited-logo.webp\",\"contentUrl\":\"https:\\\/\\\/www.wbcil.com\\\/wp-content\\\/uploads\\\/2023\\\/09\\\/west-bengal-chemical-industries-limited-logo.webp\",\"width\":411,\"height\":80,\"caption\":\"West Bengal Chemical Industries Limited\"},\"image\":{\"@id\":\"https:\\\/\\\/www.wbcil.com\\\/de\\\/#\\\/schema\\\/logo\\\/image\\\/\"},\"sameAs\":[\"https:\\\/\\\/www.facebook.com\\\/wbcilindia\",\"https:\\\/\\\/www.linkedin.com\\\/company\\\/5808423\\\/\"]}]}<\/script>\n<!-- \/ Yoast SEO plugin. -->","yoast_head_json":{"title":"\u00dcber WBCIL | Ihr zuverl\u00e4ssiger Chemikalienhersteller","description":"WBCIL ist Ihr zuverl\u00e4ssiger Lieferant und Hersteller von Chemikalien, der hochwertige Produkte f\u00fcr verschiedene Branchen anbietet.","robots":{"index":"index","follow":"follow","max-snippet":"max-snippet:-1","max-image-preview":"max-image-preview:large","max-video-preview":"max-video-preview:-1"},"canonical":"https:\/\/www.wbcil.com\/de\/ueber-wbcil\/","og_locale":"de_DE","og_type":"article","og_title":"\u00dcber WBCIL | Ihr zuverl\u00e4ssiger Chemikalienhersteller","og_description":"WBCIL ist Ihr zuverl\u00e4ssiger Lieferant und Hersteller von Chemikalien, der hochwertige Produkte f\u00fcr verschiedene Branchen anbietet.","og_url":"https:\/\/www.wbcil.com\/de\/ueber-wbcil\/","og_site_name":"West Bengal Chemical Industries Limited","article_publisher":"https:\/\/www.facebook.com\/wbcilindia","article_modified_time":"2025-08-19T15:17:33+00:00","og_image":[{"width":800,"height":721,"url":"https:\/\/www.wbcil.com\/wp-content\/uploads\/2023\/08\/wbcil-welcome.webp","type":"image\/webp"}],"twitter_card":"summary_large_image","twitter_misc":{"Gesch\u00e4tzte Lesezeit":"2\u00a0Minuten"},"schema":{"@context":"https:\/\/schema.org","@graph":[{"@type":["WebPage","AboutPage"],"@id":"https:\/\/www.wbcil.com\/de\/ueber-wbcil\/","url":"https:\/\/www.wbcil.com\/de\/ueber-wbcil\/","name":"\u00dcber WBCIL | Ihr zuverl\u00e4ssiger Chemikalienhersteller","isPartOf":{"@id":"https:\/\/www.wbcil.com\/de\/#website"},"primaryImageOfPage":{"@id":"https:\/\/www.wbcil.com\/de\/ueber-wbcil\/#primaryimage"},"image":{"@id":"https:\/\/www.wbcil.com\/de\/ueber-wbcil\/#primaryimage"},"thumbnailUrl":"https:\/\/www.wbcil.com\/wp-content\/uploads\/2023\/08\/wbcil-welcome.webp","datePublished":"2023-08-02T05:16:00+00:00","dateModified":"2025-08-19T15:17:33+00:00","description":"WBCIL ist Ihr zuverl\u00e4ssiger Lieferant und Hersteller von Chemikalien, der hochwertige Produkte f\u00fcr verschiedene Branchen anbietet.","breadcrumb":{"@id":"https:\/\/www.wbcil.com\/de\/ueber-wbcil\/#breadcrumb"},"inLanguage":"de","potentialAction":[{"@type":"ReadAction","target":["https:\/\/www.wbcil.com\/de\/ueber-wbcil\/"]}]},{"@type":"ImageObject","inLanguage":"de","@id":"https:\/\/www.wbcil.com\/de\/ueber-wbcil\/#primaryimage","url":"https:\/\/www.wbcil.com\/wp-content\/uploads\/2023\/08\/wbcil-welcome.webp","contentUrl":"https:\/\/www.wbcil.com\/wp-content\/uploads\/2023\/08\/wbcil-welcome.webp","width":800,"height":721,"caption":"West Bengal Chemical Industries Limited (WBCIL) - A Trusted Name Among API Manufacturing Companies in India - Specializing in Pharmaceutical APIs and Fine Chemicals - Over 60 Years of Excellence"},{"@type":"BreadcrumbList","@id":"https:\/\/www.wbcil.com\/de\/ueber-wbcil\/#breadcrumb","itemListElement":[{"@type":"ListItem","position":1,"name":"WBCIL","item":"https:\/\/www.wbcil.com\/de\/"},{"@type":"ListItem","position":2,"name":"Wer sind wir?"}]},{"@type":"WebSite","@id":"https:\/\/www.wbcil.com\/de\/#website","url":"https:\/\/www.wbcil.com\/de\/","name":"West Bengal Chemical Industries Limited","description":"API &amp; Fine Pharmaceutical Manufacturer in India","publisher":{"@id":"https:\/\/www.wbcil.com\/de\/#organization"},"alternateName":"API & Fine Pharmaceutical Companies - Manufacturers in India","potentialAction":[{"@type":"SearchAction","target":{"@type":"EntryPoint","urlTemplate":"https:\/\/www.wbcil.com\/de\/?s={search_term_string}"},"query-input":{"@type":"PropertyValueSpecification","valueRequired":true,"valueName":"search_term_string"}}],"inLanguage":"de"},{"@type":"Organization","@id":"https:\/\/www.wbcil.com\/de\/#organization","name":"West Bengal Chemical Industries Limited","alternateName":"WBCIL","url":"https:\/\/www.wbcil.com\/de\/","logo":{"@type":"ImageObject","inLanguage":"de","@id":"https:\/\/www.wbcil.com\/de\/#\/schema\/logo\/image\/","url":"https:\/\/www.wbcil.com\/wp-content\/uploads\/2023\/09\/west-bengal-chemical-industries-limited-logo.webp","contentUrl":"https:\/\/www.wbcil.com\/wp-content\/uploads\/2023\/09\/west-bengal-chemical-industries-limited-logo.webp","width":411,"height":80,"caption":"West Bengal Chemical Industries Limited"},"image":{"@id":"https:\/\/www.wbcil.com\/de\/#\/schema\/logo\/image\/"},"sameAs":["https:\/\/www.facebook.com\/wbcilindia","https:\/\/www.linkedin.com\/company\/5808423\/"]}]}},"_links":{"self":[{"href":"https:\/\/www.wbcil.com\/de\/wp-json\/wp\/v2\/pages\/21124","targetHints":{"allow":["GET"]}}],"collection":[{"href":"https:\/\/www.wbcil.com\/de\/wp-json\/wp\/v2\/pages"}],"about":[{"href":"https:\/\/www.wbcil.com\/de\/wp-json\/wp\/v2\/types\/page"}],"author":[{"embeddable":true,"href":"https:\/\/www.wbcil.com\/de\/wp-json\/wp\/v2\/users\/1"}],"replies":[{"embeddable":true,"href":"https:\/\/www.wbcil.com\/de\/wp-json\/wp\/v2\/comments?post=21124"}],"version-history":[{"count":0,"href":"https:\/\/www.wbcil.com\/de\/wp-json\/wp\/v2\/pages\/21124\/revisions"}],"wp:featuredmedia":[{"embeddable":true,"href":"https:\/\/www.wbcil.com\/de\/wp-json\/wp\/v2\/media\/20807"}],"wp:attachment":[{"href":"https:\/\/www.wbcil.com\/de\/wp-json\/wp\/v2\/media?parent=21124"}],"curies":[{"name":"wp","href":"https:\/\/api.w.org\/{rel}","templated":true}]}}