{"id":53280,"date":"2025-05-10T11:01:44","date_gmt":"2025-05-10T05:31:44","guid":{"rendered":"https:\/\/www.wbcil.com\/liposomal\/"},"modified":"2026-02-17T19:03:35","modified_gmt":"2026-02-17T13:33:35","slug":"liposom","status":"publish","type":"page","link":"https:\/\/www.wbcil.com\/de\/liposom\/","title":{"rendered":"Die Wissenschaft hinter den Liposom-Produkten von WBCIL"},"content":{"rendered":"<p>Bei WBCIL stellen wir nicht nur N\u00e4hrstoffe her, sondern entwickeln auch deren Wechselwirkung mit dem menschlichen K\u00f6rper neu. Unsere Liposomen-Produktreihe stellt einen Sprung nach vorn in Sachen Bioverf\u00fcgbarkeit dar, da sie modernste Nanotechnologie nutzt, um das \u00e4lteste Problem bei Nahrungserg\u00e4nzungsmitteln zu l\u00f6sen: die Absorptionsl\u00fccke.<\/p>\n<p>Indem wir die Wirkstoffe in eine Lipid-Doppelschicht einh\u00fcllen \u2013 im Wesentlichen eine \u201ebioidentische\u201c Blase \u2013 sch\u00fctzen wir die Fracht vor der rauen Umgebung des Darms. So wird sichergestellt, dass die N\u00e4hrstoffe nicht nur in Ihren Magen gelangen, sondern tats\u00e4chlich Ihren Blutkreislauf und Ihre Zellen erreichen.<\/p>\n","protected":false},"excerpt":{"rendered":"<p>Bei WBCIL stellen wir nicht nur N\u00e4hrstoffe her, sondern entwickeln auch deren Wechselwirkung mit dem menschlichen K\u00f6rper neu. Unsere Liposomen-Produktreihe stellt einen Sprung nach vorn in Sachen Bioverf\u00fcgbarkeit dar, da sie modernste Nanotechnologie nutzt, um das \u00e4lteste Problem bei Nahrungserg\u00e4nzungsmitteln zu l\u00f6sen: die Absorptionsl\u00fccke. Indem wir die Wirkstoffe in eine Lipid-Doppelschicht einh\u00fcllen \u2013 im Wesentlichen &hellip; <a href=\"https:\/\/www.wbcil.com\/de\/liposom\/\" class=\"more-link\">Continue reading<span class=\"screen-reader-text\"> &#8222;Die Wissenschaft hinter den Liposom-Produkten von WBCIL&#8220;<\/span><\/a><\/p>\n","protected":false},"author":1,"featured_media":0,"parent":0,"menu_order":0,"comment_status":"closed","ping_status":"closed","template":"page-liposomal.php","meta":{"_acf_changed":false,"footnotes":""},"class_list":["post-53280","page","type-page","status-publish","hentry"],"acf":[],"yoast_head":"<!-- This site is optimized with the Yoast SEO plugin v27.3 - https:\/\/yoast.com\/product\/yoast-seo-wordpress\/ -->\n<title>Liposomen f\u00fcr Pharmahersteller<\/title>\n<meta name=\"description\" content=\"Hochwertige Liposomenformulierungen und Liposomen-Arzneimittelabgabesysteme f\u00fcr eine verbesserte Absorption. Kundenspezifische Entwicklung und Gro\u00dflieferungen.\" \/>\n<meta name=\"robots\" content=\"index, follow, max-snippet:-1, max-image-preview:large, max-video-preview:-1\" \/>\n<link rel=\"canonical\" href=\"https:\/\/www.wbcil.com\/de\/liposom\/\" \/>\n<meta property=\"og:locale\" content=\"de_DE\" \/>\n<meta property=\"og:type\" content=\"article\" \/>\n<meta property=\"og:title\" content=\"Liposomen f\u00fcr Pharmahersteller\" \/>\n<meta property=\"og:description\" content=\"Hochwertige Liposomenformulierungen und Liposomen-Arzneimittelabgabesysteme f\u00fcr eine verbesserte Absorption. Kundenspezifische Entwicklung und Gro\u00dflieferungen.\" \/>\n<meta property=\"og:url\" content=\"https:\/\/www.wbcil.com\/de\/liposom\/\" \/>\n<meta property=\"og:site_name\" content=\"West Bengal Chemical Industries Limited\" \/>\n<meta property=\"article:publisher\" content=\"https:\/\/www.facebook.com\/wbcilindia\" \/>\n<meta property=\"article:modified_time\" content=\"2026-02-17T13:33:35+00:00\" \/>\n<meta property=\"og:image\" content=\"https:\/\/www.wbcil.com\/wp-content\/uploads\/2023\/08\/wbcil-welcome.webp\" \/>\n\t<meta property=\"og:image:width\" content=\"800\" \/>\n\t<meta property=\"og:image:height\" content=\"721\" \/>\n\t<meta property=\"og:image:type\" content=\"image\/webp\" \/>\n<meta name=\"twitter:card\" content=\"summary_large_image\" \/>\n<meta name=\"twitter:label1\" content=\"Gesch\u00e4tzte Lesezeit\" \/>\n\t<meta name=\"twitter:data1\" content=\"1\u00a0Minute\" \/>\n<script type=\"application\/ld+json\" class=\"yoast-schema-graph\">{\"@context\":\"https:\\\/\\\/schema.org\",\"@graph\":[{\"@type\":\"WebPage\",\"@id\":\"https:\\\/\\\/www.wbcil.com\\\/de\\\/liposom\\\/\",\"url\":\"https:\\\/\\\/www.wbcil.com\\\/de\\\/liposom\\\/\",\"name\":\"Liposomen f\u00fcr Pharmahersteller\",\"isPartOf\":{\"@id\":\"https:\\\/\\\/www.wbcil.com\\\/de\\\/#website\"},\"datePublished\":\"2025-05-10T05:31:44+00:00\",\"dateModified\":\"2026-02-17T13:33:35+00:00\",\"description\":\"Hochwertige Liposomenformulierungen und Liposomen-Arzneimittelabgabesysteme f\u00fcr eine verbesserte Absorption. Kundenspezifische Entwicklung und Gro\u00dflieferungen.\",\"breadcrumb\":{\"@id\":\"https:\\\/\\\/www.wbcil.com\\\/de\\\/liposom\\\/#breadcrumb\"},\"inLanguage\":\"de\",\"potentialAction\":[{\"@type\":\"ReadAction\",\"target\":[\"https:\\\/\\\/www.wbcil.com\\\/de\\\/liposom\\\/\"]}]},{\"@type\":\"BreadcrumbList\",\"@id\":\"https:\\\/\\\/www.wbcil.com\\\/de\\\/liposom\\\/#breadcrumb\",\"itemListElement\":[{\"@type\":\"ListItem\",\"position\":1,\"name\":\"WBCIL\",\"item\":\"https:\\\/\\\/www.wbcil.com\\\/de\\\/\"},{\"@type\":\"ListItem\",\"position\":2,\"name\":\"Die Wissenschaft hinter den Liposom-Produkten von WBCIL\"}]},{\"@type\":\"WebSite\",\"@id\":\"https:\\\/\\\/www.wbcil.com\\\/de\\\/#website\",\"url\":\"https:\\\/\\\/www.wbcil.com\\\/de\\\/\",\"name\":\"West Bengal Chemical Industries Limited\",\"description\":\"API &amp; Fine Pharmaceutical Manufacturer in India\",\"publisher\":{\"@id\":\"https:\\\/\\\/www.wbcil.com\\\/de\\\/#organization\"},\"alternateName\":\"API & Fine Pharmaceutical Companies - Manufacturers in India\",\"potentialAction\":[{\"@type\":\"SearchAction\",\"target\":{\"@type\":\"EntryPoint\",\"urlTemplate\":\"https:\\\/\\\/www.wbcil.com\\\/de\\\/?s={search_term_string}\"},\"query-input\":{\"@type\":\"PropertyValueSpecification\",\"valueRequired\":true,\"valueName\":\"search_term_string\"}}],\"inLanguage\":\"de\"},{\"@type\":\"Organization\",\"@id\":\"https:\\\/\\\/www.wbcil.com\\\/de\\\/#organization\",\"name\":\"West Bengal Chemical Industries Limited\",\"alternateName\":\"WBCIL\",\"url\":\"https:\\\/\\\/www.wbcil.com\\\/de\\\/\",\"logo\":{\"@type\":\"ImageObject\",\"inLanguage\":\"de\",\"@id\":\"https:\\\/\\\/www.wbcil.com\\\/de\\\/#\\\/schema\\\/logo\\\/image\\\/\",\"url\":\"https:\\\/\\\/www.wbcil.com\\\/wp-content\\\/uploads\\\/2023\\\/09\\\/west-bengal-chemical-industries-limited-logo.webp\",\"contentUrl\":\"https:\\\/\\\/www.wbcil.com\\\/wp-content\\\/uploads\\\/2023\\\/09\\\/west-bengal-chemical-industries-limited-logo.webp\",\"width\":411,\"height\":80,\"caption\":\"West Bengal Chemical Industries Limited\"},\"image\":{\"@id\":\"https:\\\/\\\/www.wbcil.com\\\/de\\\/#\\\/schema\\\/logo\\\/image\\\/\"},\"sameAs\":[\"https:\\\/\\\/www.facebook.com\\\/wbcilindia\",\"https:\\\/\\\/www.linkedin.com\\\/company\\\/5808423\\\/\"]}]}<\/script>\n<!-- \/ Yoast SEO plugin. -->","yoast_head_json":{"title":"Liposomen f\u00fcr Pharmahersteller","description":"Hochwertige Liposomenformulierungen und Liposomen-Arzneimittelabgabesysteme f\u00fcr eine verbesserte Absorption. Kundenspezifische Entwicklung und Gro\u00dflieferungen.","robots":{"index":"index","follow":"follow","max-snippet":"max-snippet:-1","max-image-preview":"max-image-preview:large","max-video-preview":"max-video-preview:-1"},"canonical":"https:\/\/www.wbcil.com\/de\/liposom\/","og_locale":"de_DE","og_type":"article","og_title":"Liposomen f\u00fcr Pharmahersteller","og_description":"Hochwertige Liposomenformulierungen und Liposomen-Arzneimittelabgabesysteme f\u00fcr eine verbesserte Absorption. Kundenspezifische Entwicklung und Gro\u00dflieferungen.","og_url":"https:\/\/www.wbcil.com\/de\/liposom\/","og_site_name":"West Bengal Chemical Industries Limited","article_publisher":"https:\/\/www.facebook.com\/wbcilindia","article_modified_time":"2026-02-17T13:33:35+00:00","og_image":[{"width":800,"height":721,"url":"https:\/\/www.wbcil.com\/wp-content\/uploads\/2023\/08\/wbcil-welcome.webp","type":"image\/webp"}],"twitter_card":"summary_large_image","twitter_misc":{"Gesch\u00e4tzte Lesezeit":"1\u00a0Minute"},"schema":{"@context":"https:\/\/schema.org","@graph":[{"@type":"WebPage","@id":"https:\/\/www.wbcil.com\/de\/liposom\/","url":"https:\/\/www.wbcil.com\/de\/liposom\/","name":"Liposomen f\u00fcr Pharmahersteller","isPartOf":{"@id":"https:\/\/www.wbcil.com\/de\/#website"},"datePublished":"2025-05-10T05:31:44+00:00","dateModified":"2026-02-17T13:33:35+00:00","description":"Hochwertige Liposomenformulierungen und Liposomen-Arzneimittelabgabesysteme f\u00fcr eine verbesserte Absorption. Kundenspezifische Entwicklung und Gro\u00dflieferungen.","breadcrumb":{"@id":"https:\/\/www.wbcil.com\/de\/liposom\/#breadcrumb"},"inLanguage":"de","potentialAction":[{"@type":"ReadAction","target":["https:\/\/www.wbcil.com\/de\/liposom\/"]}]},{"@type":"BreadcrumbList","@id":"https:\/\/www.wbcil.com\/de\/liposom\/#breadcrumb","itemListElement":[{"@type":"ListItem","position":1,"name":"WBCIL","item":"https:\/\/www.wbcil.com\/de\/"},{"@type":"ListItem","position":2,"name":"Die Wissenschaft hinter den Liposom-Produkten von WBCIL"}]},{"@type":"WebSite","@id":"https:\/\/www.wbcil.com\/de\/#website","url":"https:\/\/www.wbcil.com\/de\/","name":"West Bengal Chemical Industries Limited","description":"API &amp; Fine Pharmaceutical Manufacturer in India","publisher":{"@id":"https:\/\/www.wbcil.com\/de\/#organization"},"alternateName":"API & Fine Pharmaceutical Companies - Manufacturers in India","potentialAction":[{"@type":"SearchAction","target":{"@type":"EntryPoint","urlTemplate":"https:\/\/www.wbcil.com\/de\/?s={search_term_string}"},"query-input":{"@type":"PropertyValueSpecification","valueRequired":true,"valueName":"search_term_string"}}],"inLanguage":"de"},{"@type":"Organization","@id":"https:\/\/www.wbcil.com\/de\/#organization","name":"West Bengal Chemical Industries Limited","alternateName":"WBCIL","url":"https:\/\/www.wbcil.com\/de\/","logo":{"@type":"ImageObject","inLanguage":"de","@id":"https:\/\/www.wbcil.com\/de\/#\/schema\/logo\/image\/","url":"https:\/\/www.wbcil.com\/wp-content\/uploads\/2023\/09\/west-bengal-chemical-industries-limited-logo.webp","contentUrl":"https:\/\/www.wbcil.com\/wp-content\/uploads\/2023\/09\/west-bengal-chemical-industries-limited-logo.webp","width":411,"height":80,"caption":"West Bengal Chemical Industries Limited"},"image":{"@id":"https:\/\/www.wbcil.com\/de\/#\/schema\/logo\/image\/"},"sameAs":["https:\/\/www.facebook.com\/wbcilindia","https:\/\/www.linkedin.com\/company\/5808423\/"]}]}},"_links":{"self":[{"href":"https:\/\/www.wbcil.com\/de\/wp-json\/wp\/v2\/pages\/53280","targetHints":{"allow":["GET"]}}],"collection":[{"href":"https:\/\/www.wbcil.com\/de\/wp-json\/wp\/v2\/pages"}],"about":[{"href":"https:\/\/www.wbcil.com\/de\/wp-json\/wp\/v2\/types\/page"}],"author":[{"embeddable":true,"href":"https:\/\/www.wbcil.com\/de\/wp-json\/wp\/v2\/users\/1"}],"replies":[{"embeddable":true,"href":"https:\/\/www.wbcil.com\/de\/wp-json\/wp\/v2\/comments?post=53280"}],"version-history":[{"count":1,"href":"https:\/\/www.wbcil.com\/de\/wp-json\/wp\/v2\/pages\/53280\/revisions"}],"predecessor-version":[{"id":53642,"href":"https:\/\/www.wbcil.com\/de\/wp-json\/wp\/v2\/pages\/53280\/revisions\/53642"}],"wp:attachment":[{"href":"https:\/\/www.wbcil.com\/de\/wp-json\/wp\/v2\/media?parent=53280"}],"curies":[{"name":"wp","href":"https:\/\/api.w.org\/{rel}","templated":true}]}}