{"id":19484,"date":"2023-08-01T11:17:59","date_gmt":"2023-08-01T05:47:59","guid":{"rendered":"https:\/\/www.wbcil.com\/api-manufacturer-west-bengal-chemical-industries-ltd\/"},"modified":"2025-11-03T11:08:46","modified_gmt":"2025-11-03T05:38:46","slug":"api-manufacturer-west-bengal-chemical-industries-ltd","status":"publish","type":"page","link":"https:\/\/www.wbcil.com\/es\/","title":{"rendered":"Empresa farmac\u00e9utica l\u00edder en API de la India &#8211; WBCIL"},"content":{"rendered":"<p>WBCIL se ha convertido en una de las <strong>empresas farmac\u00e9uticas API de confianza en la India<\/strong> a trav\u00e9s de nuestros productos de calidad de API o ingredientes farmac\u00e9uticos activos y numerosos productos qu\u00edmicos finos que se utilizan en la formulaci\u00f3n de medicamentos.<\/p>\n<p>WBCIL destaca en el panorama farmac\u00e9utico con su amplia gama de grados DC, premezclas y minerales quelados, junto con un conjunto de ofertas farmac\u00e9uticas de primera calidad. Estos productos se elaboran meticulosamente para satisfacer las cambiantes demandas del mercado mundial, garantizando la m\u00e1xima calidad y eficacia. Como entidad l\u00edder entre las <strong>empresas farmac\u00e9uticas de la India<\/strong>, WBCIL cuenta con una amplia cartera que abarca API farmac\u00e9uticos esenciales. WBCIL afirma ser uno de los principales fabricantes de API farmac\u00e9uticos de la India, con una amplia cartera que incluye sales de calcio, magnesio, hierro, potasio y zinc, entre otros. WBCIL tambi\u00e9n suministra oligoelementos como cromo, manganeso y cobre, adem\u00e1s de ascorbato, acetato, fosfato, propionato, citrato, gluconato, aspartato, bisglicinato, malato y otros aniones.<\/p>\n<p>La arraigada experiencia de WBCIL no se limita al sector farmac\u00e9utico, sino que se extiende tambi\u00e9n a las industrias de qu\u00edmica fina.<\/p>\n","protected":false},"excerpt":{"rendered":"<p>WBCIL se ha convertido en una de las empresas farmac\u00e9uticas API de confianza en la India a trav\u00e9s de nuestros productos de calidad de API o ingredientes farmac\u00e9uticos activos y numerosos productos qu\u00edmicos finos que se utilizan en la formulaci\u00f3n de medicamentos. WBCIL destaca en el panorama farmac\u00e9utico con su amplia gama de grados DC, &hellip; <a href=\"https:\/\/www.wbcil.com\/es\/\" class=\"more-link\">Continue reading<span class=\"screen-reader-text\"> \u00abEmpresa farmac\u00e9utica l\u00edder en API de la India &#8211; WBCIL\u00bb<\/span><\/a><\/p>\n","protected":false},"author":1,"featured_media":6766,"parent":0,"menu_order":0,"comment_status":"closed","ping_status":"closed","template":"","meta":{"_acf_changed":false,"footnotes":""},"class_list":["post-19484","page","type-page","status-publish","has-post-thumbnail","hentry"],"acf":[],"yoast_head":"<!-- This site is optimized with the Yoast SEO plugin v27.5 - https:\/\/yoast.com\/product\/yoast-seo-wordpress\/ -->\n<title>Fabricante de API en India &amp; Compa\u00f1\u00eda farmac\u00e9utica API<\/title>\n<meta name=\"description\" content=\"WBCIL es un l\u00edder en fabricaci\u00f3n y suministro de API en India, con m\u00e1s de 30 a\u00f1os ofreciendo productos farmac\u00e9uticos de alta calidad.\" \/>\n<meta name=\"robots\" content=\"index, follow, max-snippet:-1, max-image-preview:large, max-video-preview:-1\" \/>\n<link rel=\"canonical\" href=\"https:\/\/www.wbcil.com\/es\/\" \/>\n<meta property=\"og:locale\" content=\"es_ES\" \/>\n<meta property=\"og:type\" content=\"article\" \/>\n<meta property=\"og:title\" content=\"Fabricante de API en India &amp; Compa\u00f1\u00eda farmac\u00e9utica API\" \/>\n<meta property=\"og:description\" content=\"WBCIL es un l\u00edder en fabricaci\u00f3n y suministro de API en India, con m\u00e1s de 30 a\u00f1os ofreciendo productos farmac\u00e9uticos de alta calidad.\" \/>\n<meta property=\"og:url\" content=\"https:\/\/www.wbcil.com\/es\/\" \/>\n<meta property=\"og:site_name\" content=\"Industrias Qu\u00edmicas de Bengala Occidental\" \/>\n<meta property=\"article:publisher\" content=\"https:\/\/www.facebook.com\/wbcilindia\" \/>\n<meta property=\"article:modified_time\" content=\"2025-11-03T05:38:46+00:00\" \/>\n<meta property=\"og:image\" content=\"https:\/\/www.wbcil.com\/wp-content\/uploads\/2023\/08\/wbcil-welcome.webp\" \/>\n\t<meta property=\"og:image:width\" content=\"800\" \/>\n\t<meta property=\"og:image:height\" content=\"721\" \/>\n\t<meta property=\"og:image:type\" content=\"image\/webp\" \/>\n<meta name=\"twitter:card\" content=\"summary_large_image\" \/>\n<meta name=\"twitter:label1\" content=\"Tiempo de lectura\" \/>\n\t<meta name=\"twitter:data1\" content=\"2 minutos\" \/>\n<script type=\"application\/ld+json\" class=\"yoast-schema-graph\">{\"@context\":\"https:\\\/\\\/schema.org\",\"@graph\":[{\"@type\":\"WebPage\",\"@id\":\"https:\\\/\\\/www.wbcil.com\\\/es\\\/\",\"url\":\"https:\\\/\\\/www.wbcil.com\\\/es\\\/\",\"name\":\"Fabricante de API en India & Compa\u00f1\u00eda farmac\u00e9utica API\",\"isPartOf\":{\"@id\":\"https:\\\/\\\/www.wbcil.com\\\/es\\\/#website\"},\"primaryImageOfPage\":{\"@id\":\"https:\\\/\\\/www.wbcil.com\\\/es\\\/#primaryimage\"},\"image\":{\"@id\":\"https:\\\/\\\/www.wbcil.com\\\/es\\\/#primaryimage\"},\"thumbnailUrl\":\"https:\\\/\\\/www.wbcil.com\\\/wp-content\\\/uploads\\\/2023\\\/08\\\/wbcil-welcome.webp\",\"datePublished\":\"2023-08-01T05:47:59+00:00\",\"dateModified\":\"2025-11-03T05:38:46+00:00\",\"description\":\"WBCIL es un l\u00edder en fabricaci\u00f3n y suministro de API en India, con m\u00e1s de 30 a\u00f1os ofreciendo productos farmac\u00e9uticos de alta calidad.\",\"breadcrumb\":{\"@id\":\"https:\\\/\\\/www.wbcil.com\\\/es\\\/#breadcrumb\"},\"inLanguage\":\"es\",\"potentialAction\":[{\"@type\":\"ReadAction\",\"target\":[\"https:\\\/\\\/www.wbcil.com\\\/es\\\/\"]}]},{\"@type\":\"ImageObject\",\"inLanguage\":\"es\",\"@id\":\"https:\\\/\\\/www.wbcil.com\\\/es\\\/#primaryimage\",\"url\":\"https:\\\/\\\/www.wbcil.com\\\/wp-content\\\/uploads\\\/2023\\\/08\\\/wbcil-welcome.webp\",\"contentUrl\":\"https:\\\/\\\/www.wbcil.com\\\/wp-content\\\/uploads\\\/2023\\\/08\\\/wbcil-welcome.webp\",\"width\":800,\"height\":721,\"caption\":\"West Bengal Chemical Industries Limited (WBCIL) - A Trusted Name Among API Manufacturing Companies in India - Specializing in Pharmaceutical APIs and Fine Chemicals - Over 60 Years of Excellence\"},{\"@type\":\"BreadcrumbList\",\"@id\":\"https:\\\/\\\/www.wbcil.com\\\/es\\\/#breadcrumb\",\"itemListElement\":[{\"@type\":\"ListItem\",\"position\":1,\"name\":\"WBCIL\",\"item\":\"https:\\\/\\\/www.wbcil.com\\\/es\\\/\"},{\"@type\":\"ListItem\",\"position\":2,\"name\":\"Empresa farmac\u00e9utica l\u00edder en API de la India &#8211; WBCIL\"}]},{\"@type\":\"WebSite\",\"@id\":\"https:\\\/\\\/www.wbcil.com\\\/es\\\/#website\",\"url\":\"https:\\\/\\\/www.wbcil.com\\\/es\\\/\",\"name\":\"Industrias Qu\u00edmicas de Bengala Occidental\",\"description\":\"Fabricante de API y productos farmac\u00e9uticos finos en la India\",\"publisher\":{\"@id\":\"https:\\\/\\\/www.wbcil.com\\\/es\\\/#organization\"},\"alternateName\":\"API & Fine Pharmaceutical Companies - Manufacturers in India\",\"potentialAction\":[{\"@type\":\"SearchAction\",\"target\":{\"@type\":\"EntryPoint\",\"urlTemplate\":\"https:\\\/\\\/www.wbcil.com\\\/es\\\/?s={search_term_string}\"},\"query-input\":{\"@type\":\"PropertyValueSpecification\",\"valueRequired\":true,\"valueName\":\"search_term_string\"}}],\"inLanguage\":\"es\"},{\"@type\":\"Organization\",\"@id\":\"https:\\\/\\\/www.wbcil.com\\\/es\\\/#organization\",\"name\":\"West Bengal Chemical Industries Limited\",\"alternateName\":\"WBCIL\",\"url\":\"https:\\\/\\\/www.wbcil.com\\\/es\\\/\",\"logo\":{\"@type\":\"ImageObject\",\"inLanguage\":\"es\",\"@id\":\"https:\\\/\\\/www.wbcil.com\\\/es\\\/#\\\/schema\\\/logo\\\/image\\\/\",\"url\":\"https:\\\/\\\/www.wbcil.com\\\/wp-content\\\/uploads\\\/2023\\\/09\\\/west-bengal-chemical-industries-limited-logo.webp\",\"contentUrl\":\"https:\\\/\\\/www.wbcil.com\\\/wp-content\\\/uploads\\\/2023\\\/09\\\/west-bengal-chemical-industries-limited-logo.webp\",\"width\":411,\"height\":80,\"caption\":\"West Bengal Chemical Industries Limited\"},\"image\":{\"@id\":\"https:\\\/\\\/www.wbcil.com\\\/es\\\/#\\\/schema\\\/logo\\\/image\\\/\"},\"sameAs\":[\"https:\\\/\\\/www.facebook.com\\\/wbcilindia\",\"https:\\\/\\\/www.linkedin.com\\\/company\\\/5808423\\\/\"]}]}<\/script>\n<!-- \/ Yoast SEO plugin. -->","yoast_head_json":{"title":"Fabricante de API en India & Compa\u00f1\u00eda farmac\u00e9utica API","description":"WBCIL es un l\u00edder en fabricaci\u00f3n y suministro de API en India, con m\u00e1s de 30 a\u00f1os ofreciendo productos farmac\u00e9uticos de alta calidad.","robots":{"index":"index","follow":"follow","max-snippet":"max-snippet:-1","max-image-preview":"max-image-preview:large","max-video-preview":"max-video-preview:-1"},"canonical":"https:\/\/www.wbcil.com\/es\/","og_locale":"es_ES","og_type":"article","og_title":"Fabricante de API en India & Compa\u00f1\u00eda farmac\u00e9utica API","og_description":"WBCIL es un l\u00edder en fabricaci\u00f3n y suministro de API en India, con m\u00e1s de 30 a\u00f1os ofreciendo productos farmac\u00e9uticos de alta calidad.","og_url":"https:\/\/www.wbcil.com\/es\/","og_site_name":"Industrias Qu\u00edmicas de Bengala Occidental","article_publisher":"https:\/\/www.facebook.com\/wbcilindia","article_modified_time":"2025-11-03T05:38:46+00:00","og_image":[{"width":800,"height":721,"url":"https:\/\/www.wbcil.com\/wp-content\/uploads\/2023\/08\/wbcil-welcome.webp","type":"image\/webp"}],"twitter_card":"summary_large_image","twitter_misc":{"Tiempo de lectura":"2 minutos"},"schema":{"@context":"https:\/\/schema.org","@graph":[{"@type":"WebPage","@id":"https:\/\/www.wbcil.com\/es\/","url":"https:\/\/www.wbcil.com\/es\/","name":"Fabricante de API en India & Compa\u00f1\u00eda farmac\u00e9utica API","isPartOf":{"@id":"https:\/\/www.wbcil.com\/es\/#website"},"primaryImageOfPage":{"@id":"https:\/\/www.wbcil.com\/es\/#primaryimage"},"image":{"@id":"https:\/\/www.wbcil.com\/es\/#primaryimage"},"thumbnailUrl":"https:\/\/www.wbcil.com\/wp-content\/uploads\/2023\/08\/wbcil-welcome.webp","datePublished":"2023-08-01T05:47:59+00:00","dateModified":"2025-11-03T05:38:46+00:00","description":"WBCIL es un l\u00edder en fabricaci\u00f3n y suministro de API en India, con m\u00e1s de 30 a\u00f1os ofreciendo productos farmac\u00e9uticos de alta calidad.","breadcrumb":{"@id":"https:\/\/www.wbcil.com\/es\/#breadcrumb"},"inLanguage":"es","potentialAction":[{"@type":"ReadAction","target":["https:\/\/www.wbcil.com\/es\/"]}]},{"@type":"ImageObject","inLanguage":"es","@id":"https:\/\/www.wbcil.com\/es\/#primaryimage","url":"https:\/\/www.wbcil.com\/wp-content\/uploads\/2023\/08\/wbcil-welcome.webp","contentUrl":"https:\/\/www.wbcil.com\/wp-content\/uploads\/2023\/08\/wbcil-welcome.webp","width":800,"height":721,"caption":"West Bengal Chemical Industries Limited (WBCIL) - A Trusted Name Among API Manufacturing Companies in India - Specializing in Pharmaceutical APIs and Fine Chemicals - Over 60 Years of Excellence"},{"@type":"BreadcrumbList","@id":"https:\/\/www.wbcil.com\/es\/#breadcrumb","itemListElement":[{"@type":"ListItem","position":1,"name":"WBCIL","item":"https:\/\/www.wbcil.com\/es\/"},{"@type":"ListItem","position":2,"name":"Empresa farmac\u00e9utica l\u00edder en API de la India &#8211; WBCIL"}]},{"@type":"WebSite","@id":"https:\/\/www.wbcil.com\/es\/#website","url":"https:\/\/www.wbcil.com\/es\/","name":"Industrias Qu\u00edmicas de Bengala Occidental","description":"Fabricante de API y productos farmac\u00e9uticos finos en la India","publisher":{"@id":"https:\/\/www.wbcil.com\/es\/#organization"},"alternateName":"API & Fine Pharmaceutical Companies - Manufacturers in India","potentialAction":[{"@type":"SearchAction","target":{"@type":"EntryPoint","urlTemplate":"https:\/\/www.wbcil.com\/es\/?s={search_term_string}"},"query-input":{"@type":"PropertyValueSpecification","valueRequired":true,"valueName":"search_term_string"}}],"inLanguage":"es"},{"@type":"Organization","@id":"https:\/\/www.wbcil.com\/es\/#organization","name":"West Bengal Chemical Industries Limited","alternateName":"WBCIL","url":"https:\/\/www.wbcil.com\/es\/","logo":{"@type":"ImageObject","inLanguage":"es","@id":"https:\/\/www.wbcil.com\/es\/#\/schema\/logo\/image\/","url":"https:\/\/www.wbcil.com\/wp-content\/uploads\/2023\/09\/west-bengal-chemical-industries-limited-logo.webp","contentUrl":"https:\/\/www.wbcil.com\/wp-content\/uploads\/2023\/09\/west-bengal-chemical-industries-limited-logo.webp","width":411,"height":80,"caption":"West Bengal Chemical Industries Limited"},"image":{"@id":"https:\/\/www.wbcil.com\/es\/#\/schema\/logo\/image\/"},"sameAs":["https:\/\/www.facebook.com\/wbcilindia","https:\/\/www.linkedin.com\/company\/5808423\/"]}]}},"_links":{"self":[{"href":"https:\/\/www.wbcil.com\/es\/wp-json\/wp\/v2\/pages\/19484","targetHints":{"allow":["GET"]}}],"collection":[{"href":"https:\/\/www.wbcil.com\/es\/wp-json\/wp\/v2\/pages"}],"about":[{"href":"https:\/\/www.wbcil.com\/es\/wp-json\/wp\/v2\/types\/page"}],"author":[{"embeddable":true,"href":"https:\/\/www.wbcil.com\/es\/wp-json\/wp\/v2\/users\/1"}],"replies":[{"embeddable":true,"href":"https:\/\/www.wbcil.com\/es\/wp-json\/wp\/v2\/comments?post=19484"}],"version-history":[{"count":0,"href":"https:\/\/www.wbcil.com\/es\/wp-json\/wp\/v2\/pages\/19484\/revisions"}],"wp:featuredmedia":[{"embeddable":true,"href":"https:\/\/www.wbcil.com\/es\/wp-json\/wp\/v2\/media\/6766"}],"wp:attachment":[{"href":"https:\/\/www.wbcil.com\/es\/wp-json\/wp\/v2\/media?parent=19484"}],"curies":[{"name":"wp","href":"https:\/\/api.w.org\/{rel}","templated":true}]}}