{"id":19544,"date":"2023-09-15T12:00:27","date_gmt":"2023-09-15T06:30:27","guid":{"rendered":"https:\/\/www.wbcil.com\/dc-granules\/"},"modified":"2025-08-20T04:20:38","modified_gmt":"2025-08-19T22:50:38","slug":"granulos-dc","status":"publish","type":"page","link":"https:\/\/www.wbcil.com\/es\/granulos-dc\/","title":{"rendered":"Gr\u00e1nulos DC"},"content":{"rendered":"&#013;\n<h2 class=\"wp-block-heading\">Granules for Direct Compression<\/h2>&#013;\n&#013;\n<p class=\"has-text-align-center\">DC granules are widely used in pharmaceutical industries for manufacturing tablets and other solid dosage forms. Granulation process involves dry mixing, particle size reduction and dry granulation.<\/p>&#013;\n&#013;\n<p class=\"has-text-align-center\"><strong>Benefits:<\/strong><br \/>Excellent tableting properties.<br \/>Perfect dissolution profile.<br \/>Improved flowability.<br \/>Decrease dust generation.<br \/>Lower costs, faster processing.<\/p>&#013;\n","protected":false},"excerpt":{"rendered":"<p>&#013; Granules for Direct Compression &#013; &#013; DC granules are widely used in pharmaceutical industries for manufacturing tablets and other solid dosage forms. Granulation process involves dry mixing, particle size reduction and dry granulation. &#013; &#013; Benefits:Excellent tableting properties.Perfect dissolution profile.Improved flowability.Decrease dust generation.Lower costs, faster processing. &#013;<\/p>\n","protected":false},"author":1,"featured_media":0,"parent":0,"menu_order":0,"comment_status":"closed","ping_status":"closed","template":"page-dc-granules.php","meta":{"_acf_changed":false,"footnotes":""},"class_list":["post-19544","page","type-page","status-publish","hentry"],"acf":[],"yoast_head":"<!-- This site is optimized with the Yoast SEO plugin v27.4 - https:\/\/yoast.com\/product\/yoast-seo-wordpress\/ -->\n<title>Gr\u00e1nulos DC | Eficiencia en Compresi\u00f3n Farmac\u00e9utica<\/title>\n<meta name=\"description\" content=\"Optimize tablet production with WBCIL DC Granules: better flowability, less dust, and maximum efficiency in direct compression.\" \/>\n<meta name=\"robots\" content=\"index, follow, max-snippet:-1, max-image-preview:large, max-video-preview:-1\" \/>\n<link rel=\"canonical\" href=\"https:\/\/www.wbcil.com\/es\/granulos-dc\/\" \/>\n<meta property=\"og:locale\" content=\"es_ES\" \/>\n<meta property=\"og:type\" content=\"article\" \/>\n<meta property=\"og:title\" content=\"Gr\u00e1nulos DC | Eficiencia en Compresi\u00f3n Farmac\u00e9utica\" \/>\n<meta property=\"og:description\" content=\"Optimize tablet production with WBCIL DC Granules: better flowability, less dust, and maximum efficiency in direct compression.\" \/>\n<meta property=\"og:url\" content=\"https:\/\/www.wbcil.com\/es\/granulos-dc\/\" \/>\n<meta property=\"og:site_name\" content=\"Industrias Qu\u00edmicas de Bengala Occidental\" \/>\n<meta property=\"article:publisher\" content=\"https:\/\/www.facebook.com\/wbcilindia\" \/>\n<meta property=\"article:modified_time\" content=\"2025-08-19T22:50:38+00:00\" \/>\n<meta property=\"og:image\" content=\"https:\/\/www.wbcil.com\/wp-content\/uploads\/2023\/08\/wbcil-welcome.webp\" \/>\n\t<meta property=\"og:image:width\" content=\"800\" \/>\n\t<meta property=\"og:image:height\" content=\"721\" \/>\n\t<meta property=\"og:image:type\" content=\"image\/webp\" \/>\n<meta name=\"twitter:card\" content=\"summary_large_image\" \/>\n<meta name=\"twitter:label1\" content=\"Tiempo de lectura\" \/>\n\t<meta name=\"twitter:data1\" content=\"1 minuto\" \/>\n<script type=\"application\/ld+json\" class=\"yoast-schema-graph\">{\"@context\":\"https:\\\/\\\/schema.org\",\"@graph\":[{\"@type\":\"WebPage\",\"@id\":\"https:\\\/\\\/www.wbcil.com\\\/es\\\/granulos-dc\\\/\",\"url\":\"https:\\\/\\\/www.wbcil.com\\\/es\\\/granulos-dc\\\/\",\"name\":\"Gr\u00e1nulos DC | Eficiencia en Compresi\u00f3n Farmac\u00e9utica\",\"isPartOf\":{\"@id\":\"https:\\\/\\\/www.wbcil.com\\\/es\\\/#website\"},\"datePublished\":\"2023-09-15T06:30:27+00:00\",\"dateModified\":\"2025-08-19T22:50:38+00:00\",\"description\":\"Optimize tablet production with WBCIL DC Granules: better flowability, less dust, and maximum efficiency in direct compression.\",\"breadcrumb\":{\"@id\":\"https:\\\/\\\/www.wbcil.com\\\/es\\\/granulos-dc\\\/#breadcrumb\"},\"inLanguage\":\"es\",\"potentialAction\":[{\"@type\":\"ReadAction\",\"target\":[\"https:\\\/\\\/www.wbcil.com\\\/es\\\/granulos-dc\\\/\"]}]},{\"@type\":\"BreadcrumbList\",\"@id\":\"https:\\\/\\\/www.wbcil.com\\\/es\\\/granulos-dc\\\/#breadcrumb\",\"itemListElement\":[{\"@type\":\"ListItem\",\"position\":1,\"name\":\"WBCIL\",\"item\":\"https:\\\/\\\/www.wbcil.com\\\/es\\\/\"},{\"@type\":\"ListItem\",\"position\":2,\"name\":\"Gr\u00e1nulos DC\"}]},{\"@type\":\"WebSite\",\"@id\":\"https:\\\/\\\/www.wbcil.com\\\/es\\\/#website\",\"url\":\"https:\\\/\\\/www.wbcil.com\\\/es\\\/\",\"name\":\"Industrias Qu\u00edmicas de Bengala Occidental\",\"description\":\"Fabricante de API y productos farmac\u00e9uticos finos en la India\",\"publisher\":{\"@id\":\"https:\\\/\\\/www.wbcil.com\\\/es\\\/#organization\"},\"alternateName\":\"API & Fine Pharmaceutical Companies - Manufacturers in India\",\"potentialAction\":[{\"@type\":\"SearchAction\",\"target\":{\"@type\":\"EntryPoint\",\"urlTemplate\":\"https:\\\/\\\/www.wbcil.com\\\/es\\\/?s={search_term_string}\"},\"query-input\":{\"@type\":\"PropertyValueSpecification\",\"valueRequired\":true,\"valueName\":\"search_term_string\"}}],\"inLanguage\":\"es\"},{\"@type\":\"Organization\",\"@id\":\"https:\\\/\\\/www.wbcil.com\\\/es\\\/#organization\",\"name\":\"West Bengal Chemical Industries Limited\",\"alternateName\":\"WBCIL\",\"url\":\"https:\\\/\\\/www.wbcil.com\\\/es\\\/\",\"logo\":{\"@type\":\"ImageObject\",\"inLanguage\":\"es\",\"@id\":\"https:\\\/\\\/www.wbcil.com\\\/es\\\/#\\\/schema\\\/logo\\\/image\\\/\",\"url\":\"https:\\\/\\\/www.wbcil.com\\\/wp-content\\\/uploads\\\/2023\\\/09\\\/west-bengal-chemical-industries-limited-logo.webp\",\"contentUrl\":\"https:\\\/\\\/www.wbcil.com\\\/wp-content\\\/uploads\\\/2023\\\/09\\\/west-bengal-chemical-industries-limited-logo.webp\",\"width\":411,\"height\":80,\"caption\":\"West Bengal Chemical Industries Limited\"},\"image\":{\"@id\":\"https:\\\/\\\/www.wbcil.com\\\/es\\\/#\\\/schema\\\/logo\\\/image\\\/\"},\"sameAs\":[\"https:\\\/\\\/www.facebook.com\\\/wbcilindia\",\"https:\\\/\\\/www.linkedin.com\\\/company\\\/5808423\\\/\"]}]}<\/script>\n<!-- \/ Yoast SEO plugin. -->","yoast_head_json":{"title":"Gr\u00e1nulos DC | Eficiencia en Compresi\u00f3n Farmac\u00e9utica","description":"Optimize tablet production with WBCIL DC Granules: better flowability, less dust, and maximum efficiency in direct compression.","robots":{"index":"index","follow":"follow","max-snippet":"max-snippet:-1","max-image-preview":"max-image-preview:large","max-video-preview":"max-video-preview:-1"},"canonical":"https:\/\/www.wbcil.com\/es\/granulos-dc\/","og_locale":"es_ES","og_type":"article","og_title":"Gr\u00e1nulos DC | Eficiencia en Compresi\u00f3n Farmac\u00e9utica","og_description":"Optimize tablet production with WBCIL DC Granules: better flowability, less dust, and maximum efficiency in direct compression.","og_url":"https:\/\/www.wbcil.com\/es\/granulos-dc\/","og_site_name":"Industrias Qu\u00edmicas de Bengala Occidental","article_publisher":"https:\/\/www.facebook.com\/wbcilindia","article_modified_time":"2025-08-19T22:50:38+00:00","og_image":[{"width":800,"height":721,"url":"https:\/\/www.wbcil.com\/wp-content\/uploads\/2023\/08\/wbcil-welcome.webp","type":"image\/webp"}],"twitter_card":"summary_large_image","twitter_misc":{"Tiempo de lectura":"1 minuto"},"schema":{"@context":"https:\/\/schema.org","@graph":[{"@type":"WebPage","@id":"https:\/\/www.wbcil.com\/es\/granulos-dc\/","url":"https:\/\/www.wbcil.com\/es\/granulos-dc\/","name":"Gr\u00e1nulos DC | Eficiencia en Compresi\u00f3n Farmac\u00e9utica","isPartOf":{"@id":"https:\/\/www.wbcil.com\/es\/#website"},"datePublished":"2023-09-15T06:30:27+00:00","dateModified":"2025-08-19T22:50:38+00:00","description":"Optimize tablet production with WBCIL DC Granules: better flowability, less dust, and maximum efficiency in direct compression.","breadcrumb":{"@id":"https:\/\/www.wbcil.com\/es\/granulos-dc\/#breadcrumb"},"inLanguage":"es","potentialAction":[{"@type":"ReadAction","target":["https:\/\/www.wbcil.com\/es\/granulos-dc\/"]}]},{"@type":"BreadcrumbList","@id":"https:\/\/www.wbcil.com\/es\/granulos-dc\/#breadcrumb","itemListElement":[{"@type":"ListItem","position":1,"name":"WBCIL","item":"https:\/\/www.wbcil.com\/es\/"},{"@type":"ListItem","position":2,"name":"Gr\u00e1nulos DC"}]},{"@type":"WebSite","@id":"https:\/\/www.wbcil.com\/es\/#website","url":"https:\/\/www.wbcil.com\/es\/","name":"Industrias Qu\u00edmicas de Bengala Occidental","description":"Fabricante de API y productos farmac\u00e9uticos finos en la India","publisher":{"@id":"https:\/\/www.wbcil.com\/es\/#organization"},"alternateName":"API & Fine Pharmaceutical Companies - Manufacturers in India","potentialAction":[{"@type":"SearchAction","target":{"@type":"EntryPoint","urlTemplate":"https:\/\/www.wbcil.com\/es\/?s={search_term_string}"},"query-input":{"@type":"PropertyValueSpecification","valueRequired":true,"valueName":"search_term_string"}}],"inLanguage":"es"},{"@type":"Organization","@id":"https:\/\/www.wbcil.com\/es\/#organization","name":"West Bengal Chemical Industries Limited","alternateName":"WBCIL","url":"https:\/\/www.wbcil.com\/es\/","logo":{"@type":"ImageObject","inLanguage":"es","@id":"https:\/\/www.wbcil.com\/es\/#\/schema\/logo\/image\/","url":"https:\/\/www.wbcil.com\/wp-content\/uploads\/2023\/09\/west-bengal-chemical-industries-limited-logo.webp","contentUrl":"https:\/\/www.wbcil.com\/wp-content\/uploads\/2023\/09\/west-bengal-chemical-industries-limited-logo.webp","width":411,"height":80,"caption":"West Bengal Chemical Industries Limited"},"image":{"@id":"https:\/\/www.wbcil.com\/es\/#\/schema\/logo\/image\/"},"sameAs":["https:\/\/www.facebook.com\/wbcilindia","https:\/\/www.linkedin.com\/company\/5808423\/"]}]}},"_links":{"self":[{"href":"https:\/\/www.wbcil.com\/es\/wp-json\/wp\/v2\/pages\/19544","targetHints":{"allow":["GET"]}}],"collection":[{"href":"https:\/\/www.wbcil.com\/es\/wp-json\/wp\/v2\/pages"}],"about":[{"href":"https:\/\/www.wbcil.com\/es\/wp-json\/wp\/v2\/types\/page"}],"author":[{"embeddable":true,"href":"https:\/\/www.wbcil.com\/es\/wp-json\/wp\/v2\/users\/1"}],"replies":[{"embeddable":true,"href":"https:\/\/www.wbcil.com\/es\/wp-json\/wp\/v2\/comments?post=19544"}],"version-history":[{"count":0,"href":"https:\/\/www.wbcil.com\/es\/wp-json\/wp\/v2\/pages\/19544\/revisions"}],"wp:attachment":[{"href":"https:\/\/www.wbcil.com\/es\/wp-json\/wp\/v2\/media?parent=19544"}],"curies":[{"name":"wp","href":"https:\/\/api.w.org\/{rel}","templated":true}]}}