{"id":19738,"date":"2023-12-20T11:11:22","date_gmt":"2023-12-20T05:41:22","guid":{"rendered":"https:\/\/www.wbcil.com\/research-and-development\/"},"modified":"2025-08-21T14:11:36","modified_gmt":"2025-08-21T08:41:36","slug":"investigacion-y-desarrollo","status":"publish","type":"page","link":"https:\/\/www.wbcil.com\/es\/investigacion-y-desarrollo\/","title":{"rendered":"Investigaci\u00f3n y Desarrollo (I+D) en WBCIL"},"content":{"rendered":"<p>El equipo de West Bengal Chemical Industries Limited est\u00e1 compuesto por expertos l\u00edderes en la industria que cuentan con el respaldo de recursos de vanguardia. West Bengal Chemical Industries cuenta con equipos, tecnolog\u00eda e instrumentaci\u00f3n de \u00faltima generaci\u00f3n, lo que permite a nuestro personal de investigaci\u00f3n destacar en el desarrollo general de API. Aprovechando herramientas avanzadas, gestionamos con maestr\u00eda el desarrollo de productos, la fabricaci\u00f3n, el control de calidad y el soporte t\u00e9cnico.<\/p>\n<p>Nuestro equipo de Investigaci\u00f3n y Desarrollo (I+D) es el motor de innovaci\u00f3n de nuestra empresa. Al combinar la experiencia cient\u00edfica con las demandas del mercado, concebimos y desarrollamos nuevos productos. Nuestro riguroso proceso de investigaci\u00f3n y desarrollo nos permite mantenernos a la vanguardia de las tendencias del sector y ofrecer soluciones de vanguardia a nuestros clientes.<\/p>\n","protected":false},"excerpt":{"rendered":"<p>El equipo de West Bengal Chemical Industries Limited est\u00e1 compuesto por expertos l\u00edderes en la industria que cuentan con el respaldo de recursos de vanguardia. West Bengal Chemical Industries cuenta con equipos, tecnolog\u00eda e instrumentaci\u00f3n de \u00faltima generaci\u00f3n, lo que permite a nuestro personal de investigaci\u00f3n destacar en el desarrollo general de API. Aprovechando herramientas &hellip; <a href=\"https:\/\/www.wbcil.com\/es\/investigacion-y-desarrollo\/\" class=\"more-link\">Continue reading<span class=\"screen-reader-text\"> \u00abInvestigaci\u00f3n y Desarrollo (I+D) en WBCIL\u00bb<\/span><\/a><\/p>\n","protected":false},"author":1,"featured_media":13097,"parent":0,"menu_order":0,"comment_status":"closed","ping_status":"closed","template":"page-rnd.php","meta":{"_acf_changed":false,"footnotes":""},"class_list":["post-19738","page","type-page","status-publish","has-post-thumbnail","hentry"],"acf":[],"yoast_head":"<!-- This site is optimized with the Yoast SEO plugin v27.4 - https:\/\/yoast.com\/product\/yoast-seo-wordpress\/ -->\n<title>Innovaci\u00f3n en Investigaci\u00f3n y Desarrollo Farmac\u00e9utico | WBCIL<\/title>\n<meta name=\"description\" content=\"Descubre nuestros esfuerzos innovadores en investigaci\u00f3n y desarrollo en West Bengal Chemical Industries Limited.\" \/>\n<meta name=\"robots\" content=\"index, follow, max-snippet:-1, max-image-preview:large, max-video-preview:-1\" \/>\n<link rel=\"canonical\" href=\"https:\/\/www.wbcil.com\/es\/investigacion-y-desarrollo\/\" \/>\n<meta property=\"og:locale\" content=\"es_ES\" \/>\n<meta property=\"og:type\" content=\"article\" \/>\n<meta property=\"og:title\" content=\"Innovaci\u00f3n en Investigaci\u00f3n y Desarrollo Farmac\u00e9utico | WBCIL\" \/>\n<meta property=\"og:description\" content=\"Descubre nuestros esfuerzos innovadores en investigaci\u00f3n y desarrollo en West Bengal Chemical Industries Limited.\" \/>\n<meta property=\"og:url\" content=\"https:\/\/www.wbcil.com\/es\/investigacion-y-desarrollo\/\" \/>\n<meta property=\"og:site_name\" content=\"Industrias Qu\u00edmicas de Bengala Occidental\" \/>\n<meta property=\"article:publisher\" content=\"https:\/\/www.facebook.com\/wbcilindia\" \/>\n<meta property=\"article:modified_time\" content=\"2025-08-21T08:41:36+00:00\" \/>\n<meta property=\"og:image\" content=\"https:\/\/www.wbcil.com\/wp-content\/uploads\/2023\/12\/wbcil-thumb.webp\" \/>\n\t<meta property=\"og:image:width\" content=\"600\" \/>\n\t<meta property=\"og:image:height\" content=\"600\" \/>\n\t<meta property=\"og:image:type\" content=\"image\/webp\" \/>\n<meta name=\"twitter:card\" content=\"summary_large_image\" \/>\n<meta name=\"twitter:label1\" content=\"Tiempo de lectura\" \/>\n\t<meta name=\"twitter:data1\" content=\"1 minuto\" \/>\n<script type=\"application\/ld+json\" class=\"yoast-schema-graph\">{\"@context\":\"https:\\\/\\\/schema.org\",\"@graph\":[{\"@type\":\"WebPage\",\"@id\":\"https:\\\/\\\/www.wbcil.com\\\/es\\\/investigacion-y-desarrollo\\\/\",\"url\":\"https:\\\/\\\/www.wbcil.com\\\/es\\\/investigacion-y-desarrollo\\\/\",\"name\":\"Innovaci\u00f3n en Investigaci\u00f3n y Desarrollo Farmac\u00e9utico | WBCIL\",\"isPartOf\":{\"@id\":\"https:\\\/\\\/www.wbcil.com\\\/es\\\/#website\"},\"primaryImageOfPage\":{\"@id\":\"https:\\\/\\\/www.wbcil.com\\\/es\\\/investigacion-y-desarrollo\\\/#primaryimage\"},\"image\":{\"@id\":\"https:\\\/\\\/www.wbcil.com\\\/es\\\/investigacion-y-desarrollo\\\/#primaryimage\"},\"thumbnailUrl\":\"https:\\\/\\\/www.wbcil.com\\\/wp-content\\\/uploads\\\/2023\\\/12\\\/wbcil-thumb.webp\",\"datePublished\":\"2023-12-20T05:41:22+00:00\",\"dateModified\":\"2025-08-21T08:41:36+00:00\",\"description\":\"Descubre nuestros esfuerzos innovadores en investigaci\u00f3n y desarrollo en West Bengal Chemical Industries Limited.\",\"breadcrumb\":{\"@id\":\"https:\\\/\\\/www.wbcil.com\\\/es\\\/investigacion-y-desarrollo\\\/#breadcrumb\"},\"inLanguage\":\"es\",\"potentialAction\":[{\"@type\":\"ReadAction\",\"target\":[\"https:\\\/\\\/www.wbcil.com\\\/es\\\/investigacion-y-desarrollo\\\/\"]}]},{\"@type\":\"ImageObject\",\"inLanguage\":\"es\",\"@id\":\"https:\\\/\\\/www.wbcil.com\\\/es\\\/investigacion-y-desarrollo\\\/#primaryimage\",\"url\":\"https:\\\/\\\/www.wbcil.com\\\/wp-content\\\/uploads\\\/2023\\\/12\\\/wbcil-thumb.webp\",\"contentUrl\":\"https:\\\/\\\/www.wbcil.com\\\/wp-content\\\/uploads\\\/2023\\\/12\\\/wbcil-thumb.webp\",\"width\":600,\"height\":600,\"caption\":\"Pharmaceutical research and development\"},{\"@type\":\"BreadcrumbList\",\"@id\":\"https:\\\/\\\/www.wbcil.com\\\/es\\\/investigacion-y-desarrollo\\\/#breadcrumb\",\"itemListElement\":[{\"@type\":\"ListItem\",\"position\":1,\"name\":\"WBCIL\",\"item\":\"https:\\\/\\\/www.wbcil.com\\\/es\\\/\"},{\"@type\":\"ListItem\",\"position\":2,\"name\":\"Investigaci\u00f3n y Desarrollo (I+D) en WBCIL\"}]},{\"@type\":\"WebSite\",\"@id\":\"https:\\\/\\\/www.wbcil.com\\\/es\\\/#website\",\"url\":\"https:\\\/\\\/www.wbcil.com\\\/es\\\/\",\"name\":\"Industrias Qu\u00edmicas de Bengala Occidental\",\"description\":\"Fabricante de API y productos farmac\u00e9uticos finos en la India\",\"publisher\":{\"@id\":\"https:\\\/\\\/www.wbcil.com\\\/es\\\/#organization\"},\"alternateName\":\"API & Fine Pharmaceutical Companies - Manufacturers in India\",\"potentialAction\":[{\"@type\":\"SearchAction\",\"target\":{\"@type\":\"EntryPoint\",\"urlTemplate\":\"https:\\\/\\\/www.wbcil.com\\\/es\\\/?s={search_term_string}\"},\"query-input\":{\"@type\":\"PropertyValueSpecification\",\"valueRequired\":true,\"valueName\":\"search_term_string\"}}],\"inLanguage\":\"es\"},{\"@type\":\"Organization\",\"@id\":\"https:\\\/\\\/www.wbcil.com\\\/es\\\/#organization\",\"name\":\"West Bengal Chemical Industries Limited\",\"alternateName\":\"WBCIL\",\"url\":\"https:\\\/\\\/www.wbcil.com\\\/es\\\/\",\"logo\":{\"@type\":\"ImageObject\",\"inLanguage\":\"es\",\"@id\":\"https:\\\/\\\/www.wbcil.com\\\/es\\\/#\\\/schema\\\/logo\\\/image\\\/\",\"url\":\"https:\\\/\\\/www.wbcil.com\\\/wp-content\\\/uploads\\\/2023\\\/09\\\/west-bengal-chemical-industries-limited-logo.webp\",\"contentUrl\":\"https:\\\/\\\/www.wbcil.com\\\/wp-content\\\/uploads\\\/2023\\\/09\\\/west-bengal-chemical-industries-limited-logo.webp\",\"width\":411,\"height\":80,\"caption\":\"West Bengal Chemical Industries Limited\"},\"image\":{\"@id\":\"https:\\\/\\\/www.wbcil.com\\\/es\\\/#\\\/schema\\\/logo\\\/image\\\/\"},\"sameAs\":[\"https:\\\/\\\/www.facebook.com\\\/wbcilindia\",\"https:\\\/\\\/www.linkedin.com\\\/company\\\/5808423\\\/\"]}]}<\/script>\n<!-- \/ Yoast SEO plugin. -->","yoast_head_json":{"title":"Innovaci\u00f3n en Investigaci\u00f3n y Desarrollo Farmac\u00e9utico | WBCIL","description":"Descubre nuestros esfuerzos innovadores en investigaci\u00f3n y desarrollo en West Bengal Chemical Industries Limited.","robots":{"index":"index","follow":"follow","max-snippet":"max-snippet:-1","max-image-preview":"max-image-preview:large","max-video-preview":"max-video-preview:-1"},"canonical":"https:\/\/www.wbcil.com\/es\/investigacion-y-desarrollo\/","og_locale":"es_ES","og_type":"article","og_title":"Innovaci\u00f3n en Investigaci\u00f3n y Desarrollo Farmac\u00e9utico | WBCIL","og_description":"Descubre nuestros esfuerzos innovadores en investigaci\u00f3n y desarrollo en West Bengal Chemical Industries Limited.","og_url":"https:\/\/www.wbcil.com\/es\/investigacion-y-desarrollo\/","og_site_name":"Industrias Qu\u00edmicas de Bengala Occidental","article_publisher":"https:\/\/www.facebook.com\/wbcilindia","article_modified_time":"2025-08-21T08:41:36+00:00","og_image":[{"width":600,"height":600,"url":"https:\/\/www.wbcil.com\/wp-content\/uploads\/2023\/12\/wbcil-thumb.webp","type":"image\/webp"}],"twitter_card":"summary_large_image","twitter_misc":{"Tiempo de lectura":"1 minuto"},"schema":{"@context":"https:\/\/schema.org","@graph":[{"@type":"WebPage","@id":"https:\/\/www.wbcil.com\/es\/investigacion-y-desarrollo\/","url":"https:\/\/www.wbcil.com\/es\/investigacion-y-desarrollo\/","name":"Innovaci\u00f3n en Investigaci\u00f3n y Desarrollo Farmac\u00e9utico | WBCIL","isPartOf":{"@id":"https:\/\/www.wbcil.com\/es\/#website"},"primaryImageOfPage":{"@id":"https:\/\/www.wbcil.com\/es\/investigacion-y-desarrollo\/#primaryimage"},"image":{"@id":"https:\/\/www.wbcil.com\/es\/investigacion-y-desarrollo\/#primaryimage"},"thumbnailUrl":"https:\/\/www.wbcil.com\/wp-content\/uploads\/2023\/12\/wbcil-thumb.webp","datePublished":"2023-12-20T05:41:22+00:00","dateModified":"2025-08-21T08:41:36+00:00","description":"Descubre nuestros esfuerzos innovadores en investigaci\u00f3n y desarrollo en West Bengal Chemical Industries Limited.","breadcrumb":{"@id":"https:\/\/www.wbcil.com\/es\/investigacion-y-desarrollo\/#breadcrumb"},"inLanguage":"es","potentialAction":[{"@type":"ReadAction","target":["https:\/\/www.wbcil.com\/es\/investigacion-y-desarrollo\/"]}]},{"@type":"ImageObject","inLanguage":"es","@id":"https:\/\/www.wbcil.com\/es\/investigacion-y-desarrollo\/#primaryimage","url":"https:\/\/www.wbcil.com\/wp-content\/uploads\/2023\/12\/wbcil-thumb.webp","contentUrl":"https:\/\/www.wbcil.com\/wp-content\/uploads\/2023\/12\/wbcil-thumb.webp","width":600,"height":600,"caption":"Pharmaceutical research and development"},{"@type":"BreadcrumbList","@id":"https:\/\/www.wbcil.com\/es\/investigacion-y-desarrollo\/#breadcrumb","itemListElement":[{"@type":"ListItem","position":1,"name":"WBCIL","item":"https:\/\/www.wbcil.com\/es\/"},{"@type":"ListItem","position":2,"name":"Investigaci\u00f3n y Desarrollo (I+D) en WBCIL"}]},{"@type":"WebSite","@id":"https:\/\/www.wbcil.com\/es\/#website","url":"https:\/\/www.wbcil.com\/es\/","name":"Industrias Qu\u00edmicas de Bengala Occidental","description":"Fabricante de API y productos farmac\u00e9uticos finos en la India","publisher":{"@id":"https:\/\/www.wbcil.com\/es\/#organization"},"alternateName":"API & Fine Pharmaceutical Companies - Manufacturers in India","potentialAction":[{"@type":"SearchAction","target":{"@type":"EntryPoint","urlTemplate":"https:\/\/www.wbcil.com\/es\/?s={search_term_string}"},"query-input":{"@type":"PropertyValueSpecification","valueRequired":true,"valueName":"search_term_string"}}],"inLanguage":"es"},{"@type":"Organization","@id":"https:\/\/www.wbcil.com\/es\/#organization","name":"West Bengal Chemical Industries Limited","alternateName":"WBCIL","url":"https:\/\/www.wbcil.com\/es\/","logo":{"@type":"ImageObject","inLanguage":"es","@id":"https:\/\/www.wbcil.com\/es\/#\/schema\/logo\/image\/","url":"https:\/\/www.wbcil.com\/wp-content\/uploads\/2023\/09\/west-bengal-chemical-industries-limited-logo.webp","contentUrl":"https:\/\/www.wbcil.com\/wp-content\/uploads\/2023\/09\/west-bengal-chemical-industries-limited-logo.webp","width":411,"height":80,"caption":"West Bengal Chemical Industries Limited"},"image":{"@id":"https:\/\/www.wbcil.com\/es\/#\/schema\/logo\/image\/"},"sameAs":["https:\/\/www.facebook.com\/wbcilindia","https:\/\/www.linkedin.com\/company\/5808423\/"]}]}},"_links":{"self":[{"href":"https:\/\/www.wbcil.com\/es\/wp-json\/wp\/v2\/pages\/19738","targetHints":{"allow":["GET"]}}],"collection":[{"href":"https:\/\/www.wbcil.com\/es\/wp-json\/wp\/v2\/pages"}],"about":[{"href":"https:\/\/www.wbcil.com\/es\/wp-json\/wp\/v2\/types\/page"}],"author":[{"embeddable":true,"href":"https:\/\/www.wbcil.com\/es\/wp-json\/wp\/v2\/users\/1"}],"replies":[{"embeddable":true,"href":"https:\/\/www.wbcil.com\/es\/wp-json\/wp\/v2\/comments?post=19738"}],"version-history":[{"count":0,"href":"https:\/\/www.wbcil.com\/es\/wp-json\/wp\/v2\/pages\/19738\/revisions"}],"wp:featuredmedia":[{"embeddable":true,"href":"https:\/\/www.wbcil.com\/es\/wp-json\/wp\/v2\/media\/13097"}],"wp:attachment":[{"href":"https:\/\/www.wbcil.com\/es\/wp-json\/wp\/v2\/media?parent=19738"}],"curies":[{"name":"wp","href":"https:\/\/api.w.org\/{rel}","templated":true}]}}