{"id":19797,"date":"2023-08-02T10:54:40","date_gmt":"2023-08-02T05:24:40","guid":{"rendered":"https:\/\/www.wbcil.com\/patent\/"},"modified":"2025-12-23T11:41:14","modified_gmt":"2025-12-23T06:11:14","slug":"patentes","status":"publish","type":"page","link":"https:\/\/www.wbcil.com\/es\/patentes\/","title":{"rendered":"16 Patentes farmac\u00e9uticas de WBCIL: Un compromiso con el progreso"},"content":{"rendered":"\r\n<p>West Bengal Chemical Industries Limited (WBCIL) es titular de 16 <strong>patentes farmac\u00e9uticas<\/strong>, lo que demuestra su liderazgo en innovaci\u00f3n sanitaria. Estas patentes cubren una serie de mol\u00e9culas, incluida la carboximaltosa f\u00e9rrica, lo que pone de relieve el compromiso de WBCIL con el avance de la ciencia m\u00e9dica y la mejora de la salud y el bienestar en todo el mundo. Nuestros desarrollos patentados muestran avances en la reducci\u00f3n de los efectos secundarios y la rentabilidad, subrayando nuestra dedicaci\u00f3n al progreso y la excelencia en la industria farmac\u00e9utica.<\/p>\r\n<h2 class=\"wp-block-heading\">WBCIL logra el reconocimiento mundial con el Certificado de Producto Farmac\u00e9utico<\/h2>\r\n<p>El Certificado de Producto Farmac\u00e9utico (CPP) de West Bengal Chemical Industries Limited (WBCIL) significa que cumplimos las normas reglamentarias internacionales para la exportaci\u00f3n de productos farmac\u00e9uticos. Dichos certificados confirman que nuestros productos est\u00e1n aprobados para su comercializaci\u00f3n en el \u00e1mbito nacional e internacional y cumplen las normas de calidad, seguridad y eficacia necesarias, lo que permite que otros pa\u00edses los consideren para su importaci\u00f3n. Esta acreditaci\u00f3n es crucial para las operaciones comerciales globales de WBCIL, ya que garantiza el reconocimiento de nuestros API en una plataforma internacional.<\/p>\r\n\r\n\r\n\r\n<h2 class=\"wp-block-heading\">West Bengal Chemical Industries Limited se enorgullece de poseer el certificado de patente de 16 mol\u00e9culas:<\/h2>\r\n<ul>\r\n<li>Carboximaltosa f\u00e9rrica<\/li>\r\n<li>Hierro-Isomaltosida<\/li>\r\n<li>Complejo de coordinaci\u00f3n de hierro (III)<\/li>\r\n<li><a href=\"https:\/\/www.wbcil.com\/es\/api-quimica-fina-nutraceuticos\/hierro\/derisomaltosa-ferrica\/\">Derisomaltosa f\u00e9rrica<\/a><\/li>\r\n<li><a href=\"https:\/\/www.wbcil.com\/es\/api-quimica-fina-nutraceuticos\/hierro\/citrato-ferrico-citrato-ferrico-idratado\/\">Citrato f\u00e9rrico<\/a><\/li>\r\n<li><a href=\"https:\/\/www.wbcil.com\/es\/api-quimica-fina-nutraceuticos\/hierro\/oxihidroxido-sucroferrico\/\">Oxihidr\u00f3xido Sucroferrico<\/a><\/li>\r\n<li><a href=\"https:\/\/www.wbcil.com\/es\/api-quimica-fina-nutraceuticos\/productos-adicionales\/citrato-de-enclomifeno\/\">Citrato de Enclomifeno<\/a><\/li>\r\n<li>Carboximaltosa f\u00e9rrica mejorada con menos efectos secundarios obtenida de forma rentable<\/li>\r\n<li>Maltol f\u00e9rrico: Preparaci\u00f3n de una nueva forma polim\u00f3rfica \u00abs\u00bb de maltol f\u00e9rrico estabilizado y proceso escalable<\/li>\r\n<li>Una carboximaltosa f\u00e9rrica farmac\u00e9uticamente aceptable y su preparaci\u00f3n<\/li>\r\n<li>Proceso para la preparaci\u00f3n de un complejo de polimaltosa de hierro (III) con peso molecular controlado.<\/li>\r\n<li>Hierro liposomal: un enfoque novedoso para mejorar la suplementaci\u00f3n con hierro, con mayor estabilidad y fabricaci\u00f3n del mismo.<\/li>\r\n<\/ul>\r\n<p>Estos certificados son un testimonio de nuestro compromiso con la superaci\u00f3n de los l\u00edmites de la ciencia y la mejora de la salud y el bienestar del mundo. Exhiba con orgullo estos logros como s\u00edmbolo de nuestra dedicaci\u00f3n a la innovaci\u00f3n y el progreso.<\/p>\r\n\r\n\r\n\r\n<h3 class=\"wp-block-heading\">He aqu\u00ed algunos detalles de las principales certificaciones:<\/h3>\r\n<p>West Bengal Chemical Industries Limited muestra un firme compromiso con la calidad y el cumplimiento de la normativa a trav\u00e9s de la obtenci\u00f3n de diversos certificados:<\/p>\r\n<ul>\r\n<li><strong>Consejo de Promoci\u00f3n de las Exportaciones Farmac\u00e9uticas de la India (Pharmexcil):<\/strong> Demuestra el compromiso de WBCIL con las iniciativas mundiales de exportaci\u00f3n de productos farmac\u00e9uticos.<\/li>\r\n<li><strong>Sistema de gesti\u00f3n de calidad (SGC): <\/strong>Indica la adhesi\u00f3n a normas internacionales de garant\u00eda de calidad en los procesos de fabricaci\u00f3n.<\/li>\r\n<li><strong>C\u00f3digo Importador-Exportador (CEI):<\/strong> Certificaci\u00f3n clave para las empresas dedicadas al comercio internacional, que refleja la capacidad de WBCIL para exportar e importar mercanc\u00edas.<\/li>\r\n<li><strong>An\u00e1lisis de Peligros y Puntos de Control Cr\u00edtico (APPCC):<\/strong> Esta certificaci\u00f3n subraya el compromiso de WBCIL con la seguridad alimentaria y el control de calidad en sus operaciones.<\/li>\r\n<li><strong>Autoridad de Seguridad Alimentaria y Normas de la India (FSSAI):<\/strong> Garantiza el cumplimiento de la normativa de seguridad alimentaria, fundamental para los productos nutrac\u00e9uticos.<\/li>\r\n<\/ul>\r\n<p>Estas certificaciones ponen de relieve nuestra dedicaci\u00f3n durante m\u00e1s de 60 a\u00f1os y el mantenimiento de altos est\u00e1ndares en la calidad del producto, la seguridad y el cumplimiento normativo, facilitando la reputaci\u00f3n como un nombre de confianza en la industria farmac\u00e9utica y nutrac\u00e9utica.<\/p>\r\n","protected":false},"excerpt":{"rendered":"<p>West Bengal Chemical Industries Limited (WBCIL) es titular de 16 patentes farmac\u00e9uticas, lo que demuestra su liderazgo en innovaci\u00f3n sanitaria. Estas patentes cubren una serie de mol\u00e9culas, incluida la carboximaltosa f\u00e9rrica, lo que pone de relieve el compromiso de WBCIL con el avance de la ciencia m\u00e9dica y la mejora de la salud y el &hellip; <a href=\"https:\/\/www.wbcil.com\/es\/patentes\/\" class=\"more-link\">Continue reading<span class=\"screen-reader-text\"> \u00ab16 Patentes farmac\u00e9uticas de WBCIL: Un compromiso con el progreso\u00bb<\/span><\/a><\/p>\n","protected":false},"author":1,"featured_media":0,"parent":0,"menu_order":0,"comment_status":"closed","ping_status":"closed","template":"","meta":{"_acf_changed":false,"footnotes":""},"class_list":["post-19797","page","type-page","status-publish","hentry"],"acf":[],"yoast_head":"<!-- This site is optimized with the Yoast SEO plugin v27.4 - https:\/\/yoast.com\/product\/yoast-seo-wordpress\/ -->\n<title>Patente y certificado de productos farmac\u00e9uticos de WBCIL<\/title>\n<meta name=\"description\" content=\"Explore la p\u00e1gina de WBCIL con patentes y certificados de productos farmac\u00e9uticos, que destacan nuestro liderazgo en innovaci\u00f3n sanitaria.\" \/>\n<meta name=\"robots\" content=\"index, follow, max-snippet:-1, max-image-preview:large, max-video-preview:-1\" \/>\n<link rel=\"canonical\" href=\"https:\/\/www.wbcil.com\/es\/patentes\/\" \/>\n<meta property=\"og:locale\" content=\"es_ES\" \/>\n<meta property=\"og:type\" content=\"article\" \/>\n<meta property=\"og:title\" content=\"Patente y certificado de productos farmac\u00e9uticos de WBCIL\" \/>\n<meta property=\"og:description\" content=\"Explore la p\u00e1gina de WBCIL con patentes y certificados de productos farmac\u00e9uticos, que destacan nuestro liderazgo en innovaci\u00f3n sanitaria.\" \/>\n<meta property=\"og:url\" content=\"https:\/\/www.wbcil.com\/es\/patentes\/\" \/>\n<meta property=\"og:site_name\" content=\"Industrias Qu\u00edmicas de Bengala Occidental\" \/>\n<meta property=\"article:publisher\" content=\"https:\/\/www.facebook.com\/wbcilindia\" \/>\n<meta property=\"article:modified_time\" content=\"2025-12-23T06:11:14+00:00\" \/>\n<meta property=\"og:image\" content=\"https:\/\/www.wbcil.com\/wp-content\/uploads\/2023\/08\/wbcil-welcome.webp\" \/>\n\t<meta property=\"og:image:width\" content=\"800\" \/>\n\t<meta property=\"og:image:height\" content=\"721\" \/>\n\t<meta property=\"og:image:type\" content=\"image\/webp\" \/>\n<meta name=\"twitter:card\" content=\"summary_large_image\" \/>\n<meta name=\"twitter:label1\" content=\"Tiempo de lectura\" \/>\n\t<meta name=\"twitter:data1\" content=\"3 minutos\" \/>\n<script type=\"application\/ld+json\" class=\"yoast-schema-graph\">{\"@context\":\"https:\\\/\\\/schema.org\",\"@graph\":[{\"@type\":\"WebPage\",\"@id\":\"https:\\\/\\\/www.wbcil.com\\\/es\\\/patentes\\\/\",\"url\":\"https:\\\/\\\/www.wbcil.com\\\/es\\\/patentes\\\/\",\"name\":\"Patente y certificado de productos farmac\u00e9uticos de WBCIL\",\"isPartOf\":{\"@id\":\"https:\\\/\\\/www.wbcil.com\\\/es\\\/#website\"},\"datePublished\":\"2023-08-02T05:24:40+00:00\",\"dateModified\":\"2025-12-23T06:11:14+00:00\",\"description\":\"Explore la p\u00e1gina de WBCIL con patentes y certificados de productos farmac\u00e9uticos, que destacan nuestro liderazgo en innovaci\u00f3n sanitaria.\",\"breadcrumb\":{\"@id\":\"https:\\\/\\\/www.wbcil.com\\\/es\\\/patentes\\\/#breadcrumb\"},\"inLanguage\":\"es\",\"potentialAction\":[{\"@type\":\"ReadAction\",\"target\":[\"https:\\\/\\\/www.wbcil.com\\\/es\\\/patentes\\\/\"]}]},{\"@type\":\"BreadcrumbList\",\"@id\":\"https:\\\/\\\/www.wbcil.com\\\/es\\\/patentes\\\/#breadcrumb\",\"itemListElement\":[{\"@type\":\"ListItem\",\"position\":1,\"name\":\"WBCIL\",\"item\":\"https:\\\/\\\/www.wbcil.com\\\/es\\\/\"},{\"@type\":\"ListItem\",\"position\":2,\"name\":\"16 Patentes farmac\u00e9uticas de WBCIL: Un compromiso con el progreso\"}]},{\"@type\":\"WebSite\",\"@id\":\"https:\\\/\\\/www.wbcil.com\\\/es\\\/#website\",\"url\":\"https:\\\/\\\/www.wbcil.com\\\/es\\\/\",\"name\":\"Industrias Qu\u00edmicas de Bengala Occidental\",\"description\":\"Fabricante de API y productos farmac\u00e9uticos finos en la India\",\"publisher\":{\"@id\":\"https:\\\/\\\/www.wbcil.com\\\/es\\\/#organization\"},\"alternateName\":\"API & Fine Pharmaceutical Companies - Manufacturers in India\",\"potentialAction\":[{\"@type\":\"SearchAction\",\"target\":{\"@type\":\"EntryPoint\",\"urlTemplate\":\"https:\\\/\\\/www.wbcil.com\\\/es\\\/?s={search_term_string}\"},\"query-input\":{\"@type\":\"PropertyValueSpecification\",\"valueRequired\":true,\"valueName\":\"search_term_string\"}}],\"inLanguage\":\"es\"},{\"@type\":\"Organization\",\"@id\":\"https:\\\/\\\/www.wbcil.com\\\/es\\\/#organization\",\"name\":\"West Bengal Chemical Industries Limited\",\"alternateName\":\"WBCIL\",\"url\":\"https:\\\/\\\/www.wbcil.com\\\/es\\\/\",\"logo\":{\"@type\":\"ImageObject\",\"inLanguage\":\"es\",\"@id\":\"https:\\\/\\\/www.wbcil.com\\\/es\\\/#\\\/schema\\\/logo\\\/image\\\/\",\"url\":\"https:\\\/\\\/www.wbcil.com\\\/wp-content\\\/uploads\\\/2023\\\/09\\\/west-bengal-chemical-industries-limited-logo.webp\",\"contentUrl\":\"https:\\\/\\\/www.wbcil.com\\\/wp-content\\\/uploads\\\/2023\\\/09\\\/west-bengal-chemical-industries-limited-logo.webp\",\"width\":411,\"height\":80,\"caption\":\"West Bengal Chemical Industries Limited\"},\"image\":{\"@id\":\"https:\\\/\\\/www.wbcil.com\\\/es\\\/#\\\/schema\\\/logo\\\/image\\\/\"},\"sameAs\":[\"https:\\\/\\\/www.facebook.com\\\/wbcilindia\",\"https:\\\/\\\/www.linkedin.com\\\/company\\\/5808423\\\/\"]}]}<\/script>\n<!-- \/ Yoast SEO plugin. -->","yoast_head_json":{"title":"Patente y certificado de productos farmac\u00e9uticos de WBCIL","description":"Explore la p\u00e1gina de WBCIL con patentes y certificados de productos farmac\u00e9uticos, que destacan nuestro liderazgo en innovaci\u00f3n sanitaria.","robots":{"index":"index","follow":"follow","max-snippet":"max-snippet:-1","max-image-preview":"max-image-preview:large","max-video-preview":"max-video-preview:-1"},"canonical":"https:\/\/www.wbcil.com\/es\/patentes\/","og_locale":"es_ES","og_type":"article","og_title":"Patente y certificado de productos farmac\u00e9uticos de WBCIL","og_description":"Explore la p\u00e1gina de WBCIL con patentes y certificados de productos farmac\u00e9uticos, que destacan nuestro liderazgo en innovaci\u00f3n sanitaria.","og_url":"https:\/\/www.wbcil.com\/es\/patentes\/","og_site_name":"Industrias Qu\u00edmicas de Bengala Occidental","article_publisher":"https:\/\/www.facebook.com\/wbcilindia","article_modified_time":"2025-12-23T06:11:14+00:00","og_image":[{"width":800,"height":721,"url":"https:\/\/www.wbcil.com\/wp-content\/uploads\/2023\/08\/wbcil-welcome.webp","type":"image\/webp"}],"twitter_card":"summary_large_image","twitter_misc":{"Tiempo de lectura":"3 minutos"},"schema":{"@context":"https:\/\/schema.org","@graph":[{"@type":"WebPage","@id":"https:\/\/www.wbcil.com\/es\/patentes\/","url":"https:\/\/www.wbcil.com\/es\/patentes\/","name":"Patente y certificado de productos farmac\u00e9uticos de WBCIL","isPartOf":{"@id":"https:\/\/www.wbcil.com\/es\/#website"},"datePublished":"2023-08-02T05:24:40+00:00","dateModified":"2025-12-23T06:11:14+00:00","description":"Explore la p\u00e1gina de WBCIL con patentes y certificados de productos farmac\u00e9uticos, que destacan nuestro liderazgo en innovaci\u00f3n sanitaria.","breadcrumb":{"@id":"https:\/\/www.wbcil.com\/es\/patentes\/#breadcrumb"},"inLanguage":"es","potentialAction":[{"@type":"ReadAction","target":["https:\/\/www.wbcil.com\/es\/patentes\/"]}]},{"@type":"BreadcrumbList","@id":"https:\/\/www.wbcil.com\/es\/patentes\/#breadcrumb","itemListElement":[{"@type":"ListItem","position":1,"name":"WBCIL","item":"https:\/\/www.wbcil.com\/es\/"},{"@type":"ListItem","position":2,"name":"16 Patentes farmac\u00e9uticas de WBCIL: Un compromiso con el progreso"}]},{"@type":"WebSite","@id":"https:\/\/www.wbcil.com\/es\/#website","url":"https:\/\/www.wbcil.com\/es\/","name":"Industrias Qu\u00edmicas de Bengala Occidental","description":"Fabricante de API y productos farmac\u00e9uticos finos en la India","publisher":{"@id":"https:\/\/www.wbcil.com\/es\/#organization"},"alternateName":"API & Fine Pharmaceutical Companies - Manufacturers in India","potentialAction":[{"@type":"SearchAction","target":{"@type":"EntryPoint","urlTemplate":"https:\/\/www.wbcil.com\/es\/?s={search_term_string}"},"query-input":{"@type":"PropertyValueSpecification","valueRequired":true,"valueName":"search_term_string"}}],"inLanguage":"es"},{"@type":"Organization","@id":"https:\/\/www.wbcil.com\/es\/#organization","name":"West Bengal Chemical Industries Limited","alternateName":"WBCIL","url":"https:\/\/www.wbcil.com\/es\/","logo":{"@type":"ImageObject","inLanguage":"es","@id":"https:\/\/www.wbcil.com\/es\/#\/schema\/logo\/image\/","url":"https:\/\/www.wbcil.com\/wp-content\/uploads\/2023\/09\/west-bengal-chemical-industries-limited-logo.webp","contentUrl":"https:\/\/www.wbcil.com\/wp-content\/uploads\/2023\/09\/west-bengal-chemical-industries-limited-logo.webp","width":411,"height":80,"caption":"West Bengal Chemical Industries Limited"},"image":{"@id":"https:\/\/www.wbcil.com\/es\/#\/schema\/logo\/image\/"},"sameAs":["https:\/\/www.facebook.com\/wbcilindia","https:\/\/www.linkedin.com\/company\/5808423\/"]}]}},"_links":{"self":[{"href":"https:\/\/www.wbcil.com\/es\/wp-json\/wp\/v2\/pages\/19797","targetHints":{"allow":["GET"]}}],"collection":[{"href":"https:\/\/www.wbcil.com\/es\/wp-json\/wp\/v2\/pages"}],"about":[{"href":"https:\/\/www.wbcil.com\/es\/wp-json\/wp\/v2\/types\/page"}],"author":[{"embeddable":true,"href":"https:\/\/www.wbcil.com\/es\/wp-json\/wp\/v2\/users\/1"}],"replies":[{"embeddable":true,"href":"https:\/\/www.wbcil.com\/es\/wp-json\/wp\/v2\/comments?post=19797"}],"version-history":[{"count":0,"href":"https:\/\/www.wbcil.com\/es\/wp-json\/wp\/v2\/pages\/19797\/revisions"}],"wp:attachment":[{"href":"https:\/\/www.wbcil.com\/es\/wp-json\/wp\/v2\/media?parent=19797"}],"curies":[{"name":"wp","href":"https:\/\/api.w.org\/{rel}","templated":true}]}}