{"id":19834,"date":"2024-04-20T10:18:49","date_gmt":"2024-04-20T04:48:49","guid":{"rendered":"https:\/\/www.wbcil.com\/video-gallery\/"},"modified":"2025-08-19T18:43:36","modified_gmt":"2025-08-19T13:13:36","slug":"galeria-de-videos","status":"publish","type":"page","link":"https:\/\/www.wbcil.com\/es\/galeria-de-videos\/","title":{"rendered":"Galer\u00eda de v\u00eddeos WBCIL"},"content":{"rendered":"","protected":false},"excerpt":{"rendered":"","protected":false},"author":1,"featured_media":0,"parent":0,"menu_order":0,"comment_status":"closed","ping_status":"closed","template":"page-video.php","meta":{"_acf_changed":false,"footnotes":""},"class_list":["post-19834","page","type-page","status-publish","hentry"],"acf":[],"yoast_head":"<!-- This site is optimized with the Yoast SEO plugin v27.3 - https:\/\/yoast.com\/product\/yoast-seo-wordpress\/ -->\n<title>Galer\u00eda de v\u00eddeos de WBCIL Pharma | Eventos, Salud, Usos<\/title>\n<meta name=\"description\" content=\"Explore la galer\u00eda de v\u00eddeos farmac\u00e9uticos de WBCIL. Descubra interesantes v\u00eddeos sobre salud, eventos, usos, etc.\" \/>\n<meta name=\"robots\" content=\"index, follow, max-snippet:-1, max-image-preview:large, max-video-preview:-1\" \/>\n<link rel=\"canonical\" href=\"https:\/\/www.wbcil.com\/es\/galeria-de-videos\/\" \/>\n<meta property=\"og:locale\" content=\"es_ES\" \/>\n<meta property=\"og:type\" content=\"article\" \/>\n<meta property=\"og:title\" content=\"Galer\u00eda de v\u00eddeos de WBCIL Pharma | Eventos, Salud, Usos\" \/>\n<meta property=\"og:description\" content=\"Explore la galer\u00eda de v\u00eddeos farmac\u00e9uticos de WBCIL. Descubra interesantes v\u00eddeos sobre salud, eventos, usos, etc.\" \/>\n<meta property=\"og:url\" content=\"https:\/\/www.wbcil.com\/es\/galeria-de-videos\/\" \/>\n<meta property=\"og:site_name\" content=\"Industrias Qu\u00edmicas de Bengala Occidental\" \/>\n<meta property=\"article:publisher\" content=\"https:\/\/www.facebook.com\/wbcilindia\" \/>\n<meta property=\"article:modified_time\" content=\"2025-08-19T13:13:36+00:00\" \/>\n<meta property=\"og:image\" content=\"https:\/\/www.wbcil.com\/wp-content\/uploads\/2023\/08\/wbcil-welcome.webp\" \/>\n\t<meta property=\"og:image:width\" content=\"800\" \/>\n\t<meta property=\"og:image:height\" content=\"721\" \/>\n\t<meta property=\"og:image:type\" content=\"image\/webp\" \/>\n<meta name=\"twitter:card\" content=\"summary_large_image\" \/>\n<script type=\"application\/ld+json\" class=\"yoast-schema-graph\">{\"@context\":\"https:\\\/\\\/schema.org\",\"@graph\":[{\"@type\":\"WebPage\",\"@id\":\"https:\\\/\\\/www.wbcil.com\\\/es\\\/galeria-de-videos\\\/\",\"url\":\"https:\\\/\\\/www.wbcil.com\\\/es\\\/galeria-de-videos\\\/\",\"name\":\"Galer\u00eda de v\u00eddeos de WBCIL Pharma | Eventos, Salud, Usos\",\"isPartOf\":{\"@id\":\"https:\\\/\\\/www.wbcil.com\\\/es\\\/#website\"},\"datePublished\":\"2024-04-20T04:48:49+00:00\",\"dateModified\":\"2025-08-19T13:13:36+00:00\",\"description\":\"Explore la galer\u00eda de v\u00eddeos farmac\u00e9uticos de WBCIL. Descubra interesantes v\u00eddeos sobre salud, eventos, usos, etc.\",\"breadcrumb\":{\"@id\":\"https:\\\/\\\/www.wbcil.com\\\/es\\\/galeria-de-videos\\\/#breadcrumb\"},\"inLanguage\":\"es\",\"potentialAction\":[{\"@type\":\"ReadAction\",\"target\":[\"https:\\\/\\\/www.wbcil.com\\\/es\\\/galeria-de-videos\\\/\"]}]},{\"@type\":\"BreadcrumbList\",\"@id\":\"https:\\\/\\\/www.wbcil.com\\\/es\\\/galeria-de-videos\\\/#breadcrumb\",\"itemListElement\":[{\"@type\":\"ListItem\",\"position\":1,\"name\":\"WBCIL\",\"item\":\"https:\\\/\\\/www.wbcil.com\\\/es\\\/\"},{\"@type\":\"ListItem\",\"position\":2,\"name\":\"Galer\u00eda de v\u00eddeos WBCIL\"}]},{\"@type\":\"WebSite\",\"@id\":\"https:\\\/\\\/www.wbcil.com\\\/es\\\/#website\",\"url\":\"https:\\\/\\\/www.wbcil.com\\\/es\\\/\",\"name\":\"Industrias Qu\u00edmicas de Bengala Occidental\",\"description\":\"Fabricante de API y productos farmac\u00e9uticos finos en la India\",\"publisher\":{\"@id\":\"https:\\\/\\\/www.wbcil.com\\\/es\\\/#organization\"},\"alternateName\":\"API & Fine Pharmaceutical Companies - Manufacturers in India\",\"potentialAction\":[{\"@type\":\"SearchAction\",\"target\":{\"@type\":\"EntryPoint\",\"urlTemplate\":\"https:\\\/\\\/www.wbcil.com\\\/es\\\/?s={search_term_string}\"},\"query-input\":{\"@type\":\"PropertyValueSpecification\",\"valueRequired\":true,\"valueName\":\"search_term_string\"}}],\"inLanguage\":\"es\"},{\"@type\":\"Organization\",\"@id\":\"https:\\\/\\\/www.wbcil.com\\\/es\\\/#organization\",\"name\":\"West Bengal Chemical Industries Limited\",\"alternateName\":\"WBCIL\",\"url\":\"https:\\\/\\\/www.wbcil.com\\\/es\\\/\",\"logo\":{\"@type\":\"ImageObject\",\"inLanguage\":\"es\",\"@id\":\"https:\\\/\\\/www.wbcil.com\\\/es\\\/#\\\/schema\\\/logo\\\/image\\\/\",\"url\":\"https:\\\/\\\/www.wbcil.com\\\/wp-content\\\/uploads\\\/2023\\\/09\\\/west-bengal-chemical-industries-limited-logo.webp\",\"contentUrl\":\"https:\\\/\\\/www.wbcil.com\\\/wp-content\\\/uploads\\\/2023\\\/09\\\/west-bengal-chemical-industries-limited-logo.webp\",\"width\":411,\"height\":80,\"caption\":\"West Bengal Chemical Industries Limited\"},\"image\":{\"@id\":\"https:\\\/\\\/www.wbcil.com\\\/es\\\/#\\\/schema\\\/logo\\\/image\\\/\"},\"sameAs\":[\"https:\\\/\\\/www.facebook.com\\\/wbcilindia\",\"https:\\\/\\\/www.linkedin.com\\\/company\\\/5808423\\\/\"]}]}<\/script>\n<!-- \/ Yoast SEO plugin. -->","yoast_head_json":{"title":"Galer\u00eda de v\u00eddeos de WBCIL Pharma | Eventos, Salud, Usos","description":"Explore la galer\u00eda de v\u00eddeos farmac\u00e9uticos de WBCIL. Descubra interesantes v\u00eddeos sobre salud, eventos, usos, etc.","robots":{"index":"index","follow":"follow","max-snippet":"max-snippet:-1","max-image-preview":"max-image-preview:large","max-video-preview":"max-video-preview:-1"},"canonical":"https:\/\/www.wbcil.com\/es\/galeria-de-videos\/","og_locale":"es_ES","og_type":"article","og_title":"Galer\u00eda de v\u00eddeos de WBCIL Pharma | Eventos, Salud, Usos","og_description":"Explore la galer\u00eda de v\u00eddeos farmac\u00e9uticos de WBCIL. Descubra interesantes v\u00eddeos sobre salud, eventos, usos, etc.","og_url":"https:\/\/www.wbcil.com\/es\/galeria-de-videos\/","og_site_name":"Industrias Qu\u00edmicas de Bengala Occidental","article_publisher":"https:\/\/www.facebook.com\/wbcilindia","article_modified_time":"2025-08-19T13:13:36+00:00","og_image":[{"width":800,"height":721,"url":"https:\/\/www.wbcil.com\/wp-content\/uploads\/2023\/08\/wbcil-welcome.webp","type":"image\/webp"}],"twitter_card":"summary_large_image","schema":{"@context":"https:\/\/schema.org","@graph":[{"@type":"WebPage","@id":"https:\/\/www.wbcil.com\/es\/galeria-de-videos\/","url":"https:\/\/www.wbcil.com\/es\/galeria-de-videos\/","name":"Galer\u00eda de v\u00eddeos de WBCIL Pharma | Eventos, Salud, Usos","isPartOf":{"@id":"https:\/\/www.wbcil.com\/es\/#website"},"datePublished":"2024-04-20T04:48:49+00:00","dateModified":"2025-08-19T13:13:36+00:00","description":"Explore la galer\u00eda de v\u00eddeos farmac\u00e9uticos de WBCIL. Descubra interesantes v\u00eddeos sobre salud, eventos, usos, etc.","breadcrumb":{"@id":"https:\/\/www.wbcil.com\/es\/galeria-de-videos\/#breadcrumb"},"inLanguage":"es","potentialAction":[{"@type":"ReadAction","target":["https:\/\/www.wbcil.com\/es\/galeria-de-videos\/"]}]},{"@type":"BreadcrumbList","@id":"https:\/\/www.wbcil.com\/es\/galeria-de-videos\/#breadcrumb","itemListElement":[{"@type":"ListItem","position":1,"name":"WBCIL","item":"https:\/\/www.wbcil.com\/es\/"},{"@type":"ListItem","position":2,"name":"Galer\u00eda de v\u00eddeos WBCIL"}]},{"@type":"WebSite","@id":"https:\/\/www.wbcil.com\/es\/#website","url":"https:\/\/www.wbcil.com\/es\/","name":"Industrias Qu\u00edmicas de Bengala Occidental","description":"Fabricante de API y productos farmac\u00e9uticos finos en la India","publisher":{"@id":"https:\/\/www.wbcil.com\/es\/#organization"},"alternateName":"API & Fine Pharmaceutical Companies - Manufacturers in India","potentialAction":[{"@type":"SearchAction","target":{"@type":"EntryPoint","urlTemplate":"https:\/\/www.wbcil.com\/es\/?s={search_term_string}"},"query-input":{"@type":"PropertyValueSpecification","valueRequired":true,"valueName":"search_term_string"}}],"inLanguage":"es"},{"@type":"Organization","@id":"https:\/\/www.wbcil.com\/es\/#organization","name":"West Bengal Chemical Industries Limited","alternateName":"WBCIL","url":"https:\/\/www.wbcil.com\/es\/","logo":{"@type":"ImageObject","inLanguage":"es","@id":"https:\/\/www.wbcil.com\/es\/#\/schema\/logo\/image\/","url":"https:\/\/www.wbcil.com\/wp-content\/uploads\/2023\/09\/west-bengal-chemical-industries-limited-logo.webp","contentUrl":"https:\/\/www.wbcil.com\/wp-content\/uploads\/2023\/09\/west-bengal-chemical-industries-limited-logo.webp","width":411,"height":80,"caption":"West Bengal Chemical Industries Limited"},"image":{"@id":"https:\/\/www.wbcil.com\/es\/#\/schema\/logo\/image\/"},"sameAs":["https:\/\/www.facebook.com\/wbcilindia","https:\/\/www.linkedin.com\/company\/5808423\/"]}]}},"_links":{"self":[{"href":"https:\/\/www.wbcil.com\/es\/wp-json\/wp\/v2\/pages\/19834","targetHints":{"allow":["GET"]}}],"collection":[{"href":"https:\/\/www.wbcil.com\/es\/wp-json\/wp\/v2\/pages"}],"about":[{"href":"https:\/\/www.wbcil.com\/es\/wp-json\/wp\/v2\/types\/page"}],"author":[{"embeddable":true,"href":"https:\/\/www.wbcil.com\/es\/wp-json\/wp\/v2\/users\/1"}],"replies":[{"embeddable":true,"href":"https:\/\/www.wbcil.com\/es\/wp-json\/wp\/v2\/comments?post=19834"}],"version-history":[{"count":0,"href":"https:\/\/www.wbcil.com\/es\/wp-json\/wp\/v2\/pages\/19834\/revisions"}],"wp:attachment":[{"href":"https:\/\/www.wbcil.com\/es\/wp-json\/wp\/v2\/media?parent=19834"}],"curies":[{"name":"wp","href":"https:\/\/api.w.org\/{rel}","templated":true}]}}