{"id":21130,"date":"2023-10-03T05:50:43","date_gmt":"2023-10-03T00:20:43","guid":{"rendered":"https:\/\/www.wbcil.com\/thank-you\/"},"modified":"2025-08-19T20:33:30","modified_gmt":"2025-08-19T15:03:30","slug":"thank-you","status":"publish","type":"page","link":"https:\/\/www.wbcil.com\/es\/thank-you\/","title":{"rendered":"Gracias"},"content":{"rendered":"<h2 class=\"wp-block-heading\">Your Email Sent Successfully.<\/h2>\n<p>Thank you for taking time to show your kind attention to our organization.<\/p>\n<p>Our team will connect with you very soon.<\/p>\n<p><strong>West Bengal Chemical Industries Limited<\/strong>\u00a0is a globally recognized as one of the major chemical manufacturing companies in India that provides quality APIs, fine chemical products, specialty mineral chelates used in pharmaceutical, nutritional supplements, animal nutrition.<\/p>\n<p>WBCIL adapting to the changing needs of the global market, WBCIL\u2019s quality products are designed to accentuate optimum performance in pharmaceutical applications. WBCIL has an extensive portfolio that includes Iron, Magnesium, Copper, Potassium, and Zinc salts, Calcium.<\/p>\n","protected":false},"excerpt":{"rendered":"<p>Your Email Sent Successfully. Thank you for taking time to show your kind attention to our organization. Our team will connect with you very soon. West Bengal Chemical Industries Limited\u00a0is a globally recognized as one of the major chemical manufacturing companies in India that provides quality APIs, fine chemical products, specialty mineral chelates used in &hellip; <a href=\"https:\/\/www.wbcil.com\/es\/thank-you\/\" class=\"more-link\">Continue reading<span class=\"screen-reader-text\"> \u00abGracias\u00bb<\/span><\/a><\/p>\n","protected":false},"author":1,"featured_media":9678,"parent":0,"menu_order":0,"comment_status":"closed","ping_status":"closed","template":"thank.php","meta":{"_acf_changed":false,"footnotes":""},"class_list":["post-21130","page","type-page","status-publish","has-post-thumbnail","hentry"],"acf":[],"yoast_head":"<!-- This site is optimized with the Yoast SEO plugin v27.4 - https:\/\/yoast.com\/product\/yoast-seo-wordpress\/ -->\n<title>P\u00e1gina de agradecimiento | WBCIL<\/title>\n<meta name=\"description\" content=\"Nuestro equipo se pondr\u00e1 en contacto con usted muy pronto. Su correo electr\u00f3nico se ha enviado correctamente. Gracias por dedicar su tiempo a mostrar su atenci\u00f3n a nuestra organizaci\u00f3n.\" \/>\n<meta name=\"robots\" content=\"index, follow, max-snippet:-1, max-image-preview:large, max-video-preview:-1\" \/>\n<link rel=\"canonical\" href=\"https:\/\/www.wbcil.com\/es\/thank-you\/\" \/>\n<meta property=\"og:locale\" content=\"es_ES\" \/>\n<meta property=\"og:type\" content=\"article\" \/>\n<meta property=\"og:title\" content=\"P\u00e1gina de agradecimiento | WBCIL\" \/>\n<meta property=\"og:description\" content=\"Nuestro equipo se pondr\u00e1 en contacto con usted muy pronto. Su correo electr\u00f3nico se ha enviado correctamente. Gracias por dedicar su tiempo a mostrar su atenci\u00f3n a nuestra organizaci\u00f3n.\" \/>\n<meta property=\"og:url\" content=\"https:\/\/www.wbcil.com\/es\/thank-you\/\" \/>\n<meta property=\"og:site_name\" content=\"Industrias Qu\u00edmicas de Bengala Occidental\" \/>\n<meta property=\"article:publisher\" content=\"https:\/\/www.facebook.com\/wbcilindia\" \/>\n<meta property=\"article:modified_time\" content=\"2025-08-19T15:03:30+00:00\" \/>\n<meta property=\"og:image\" content=\"https:\/\/www.wbcil.com\/wp-content\/uploads\/2023\/10\/thanks-1.webp\" \/>\n\t<meta property=\"og:image:width\" content=\"918\" \/>\n\t<meta property=\"og:image:height\" content=\"461\" \/>\n\t<meta property=\"og:image:type\" content=\"image\/webp\" \/>\n<meta name=\"twitter:card\" content=\"summary_large_image\" \/>\n<meta name=\"twitter:label1\" content=\"Tiempo de lectura\" \/>\n\t<meta name=\"twitter:data1\" content=\"1 minuto\" \/>\n<script type=\"application\/ld+json\" class=\"yoast-schema-graph\">{\"@context\":\"https:\\\/\\\/schema.org\",\"@graph\":[{\"@type\":\"WebPage\",\"@id\":\"https:\\\/\\\/www.wbcil.com\\\/es\\\/thank-you\\\/\",\"url\":\"https:\\\/\\\/www.wbcil.com\\\/es\\\/thank-you\\\/\",\"name\":\"P\u00e1gina de agradecimiento | WBCIL\",\"isPartOf\":{\"@id\":\"https:\\\/\\\/www.wbcil.com\\\/es\\\/#website\"},\"primaryImageOfPage\":{\"@id\":\"https:\\\/\\\/www.wbcil.com\\\/es\\\/thank-you\\\/#primaryimage\"},\"image\":{\"@id\":\"https:\\\/\\\/www.wbcil.com\\\/es\\\/thank-you\\\/#primaryimage\"},\"thumbnailUrl\":\"https:\\\/\\\/www.wbcil.com\\\/wp-content\\\/uploads\\\/2023\\\/10\\\/thanks-1.webp\",\"datePublished\":\"2023-10-03T00:20:43+00:00\",\"dateModified\":\"2025-08-19T15:03:30+00:00\",\"description\":\"Nuestro equipo se pondr\u00e1 en contacto con usted muy pronto. Su correo electr\u00f3nico se ha enviado correctamente. Gracias por dedicar su tiempo a mostrar su atenci\u00f3n a nuestra organizaci\u00f3n.\",\"breadcrumb\":{\"@id\":\"https:\\\/\\\/www.wbcil.com\\\/es\\\/thank-you\\\/#breadcrumb\"},\"inLanguage\":\"es\",\"potentialAction\":[{\"@type\":\"ReadAction\",\"target\":[\"https:\\\/\\\/www.wbcil.com\\\/es\\\/thank-you\\\/\"]}]},{\"@type\":\"ImageObject\",\"inLanguage\":\"es\",\"@id\":\"https:\\\/\\\/www.wbcil.com\\\/es\\\/thank-you\\\/#primaryimage\",\"url\":\"https:\\\/\\\/www.wbcil.com\\\/wp-content\\\/uploads\\\/2023\\\/10\\\/thanks-1.webp\",\"contentUrl\":\"https:\\\/\\\/www.wbcil.com\\\/wp-content\\\/uploads\\\/2023\\\/10\\\/thanks-1.webp\",\"width\":918,\"height\":461},{\"@type\":\"BreadcrumbList\",\"@id\":\"https:\\\/\\\/www.wbcil.com\\\/es\\\/thank-you\\\/#breadcrumb\",\"itemListElement\":[{\"@type\":\"ListItem\",\"position\":1,\"name\":\"WBCIL\",\"item\":\"https:\\\/\\\/www.wbcil.com\\\/es\\\/\"},{\"@type\":\"ListItem\",\"position\":2,\"name\":\"Gracias\"}]},{\"@type\":\"WebSite\",\"@id\":\"https:\\\/\\\/www.wbcil.com\\\/es\\\/#website\",\"url\":\"https:\\\/\\\/www.wbcil.com\\\/es\\\/\",\"name\":\"Industrias Qu\u00edmicas de Bengala Occidental\",\"description\":\"Fabricante de API y productos farmac\u00e9uticos finos en la India\",\"publisher\":{\"@id\":\"https:\\\/\\\/www.wbcil.com\\\/es\\\/#organization\"},\"alternateName\":\"API & Fine Pharmaceutical Companies - Manufacturers in India\",\"potentialAction\":[{\"@type\":\"SearchAction\",\"target\":{\"@type\":\"EntryPoint\",\"urlTemplate\":\"https:\\\/\\\/www.wbcil.com\\\/es\\\/?s={search_term_string}\"},\"query-input\":{\"@type\":\"PropertyValueSpecification\",\"valueRequired\":true,\"valueName\":\"search_term_string\"}}],\"inLanguage\":\"es\"},{\"@type\":\"Organization\",\"@id\":\"https:\\\/\\\/www.wbcil.com\\\/es\\\/#organization\",\"name\":\"West Bengal Chemical Industries Limited\",\"alternateName\":\"WBCIL\",\"url\":\"https:\\\/\\\/www.wbcil.com\\\/es\\\/\",\"logo\":{\"@type\":\"ImageObject\",\"inLanguage\":\"es\",\"@id\":\"https:\\\/\\\/www.wbcil.com\\\/es\\\/#\\\/schema\\\/logo\\\/image\\\/\",\"url\":\"https:\\\/\\\/www.wbcil.com\\\/wp-content\\\/uploads\\\/2023\\\/09\\\/west-bengal-chemical-industries-limited-logo.webp\",\"contentUrl\":\"https:\\\/\\\/www.wbcil.com\\\/wp-content\\\/uploads\\\/2023\\\/09\\\/west-bengal-chemical-industries-limited-logo.webp\",\"width\":411,\"height\":80,\"caption\":\"West Bengal Chemical Industries Limited\"},\"image\":{\"@id\":\"https:\\\/\\\/www.wbcil.com\\\/es\\\/#\\\/schema\\\/logo\\\/image\\\/\"},\"sameAs\":[\"https:\\\/\\\/www.facebook.com\\\/wbcilindia\",\"https:\\\/\\\/www.linkedin.com\\\/company\\\/5808423\\\/\"]}]}<\/script>\n<!-- \/ Yoast SEO plugin. -->","yoast_head_json":{"title":"P\u00e1gina de agradecimiento | WBCIL","description":"Nuestro equipo se pondr\u00e1 en contacto con usted muy pronto. Su correo electr\u00f3nico se ha enviado correctamente. Gracias por dedicar su tiempo a mostrar su atenci\u00f3n a nuestra organizaci\u00f3n.","robots":{"index":"index","follow":"follow","max-snippet":"max-snippet:-1","max-image-preview":"max-image-preview:large","max-video-preview":"max-video-preview:-1"},"canonical":"https:\/\/www.wbcil.com\/es\/thank-you\/","og_locale":"es_ES","og_type":"article","og_title":"P\u00e1gina de agradecimiento | WBCIL","og_description":"Nuestro equipo se pondr\u00e1 en contacto con usted muy pronto. Su correo electr\u00f3nico se ha enviado correctamente. Gracias por dedicar su tiempo a mostrar su atenci\u00f3n a nuestra organizaci\u00f3n.","og_url":"https:\/\/www.wbcil.com\/es\/thank-you\/","og_site_name":"Industrias Qu\u00edmicas de Bengala Occidental","article_publisher":"https:\/\/www.facebook.com\/wbcilindia","article_modified_time":"2025-08-19T15:03:30+00:00","og_image":[{"width":918,"height":461,"url":"https:\/\/www.wbcil.com\/wp-content\/uploads\/2023\/10\/thanks-1.webp","type":"image\/webp"}],"twitter_card":"summary_large_image","twitter_misc":{"Tiempo de lectura":"1 minuto"},"schema":{"@context":"https:\/\/schema.org","@graph":[{"@type":"WebPage","@id":"https:\/\/www.wbcil.com\/es\/thank-you\/","url":"https:\/\/www.wbcil.com\/es\/thank-you\/","name":"P\u00e1gina de agradecimiento | WBCIL","isPartOf":{"@id":"https:\/\/www.wbcil.com\/es\/#website"},"primaryImageOfPage":{"@id":"https:\/\/www.wbcil.com\/es\/thank-you\/#primaryimage"},"image":{"@id":"https:\/\/www.wbcil.com\/es\/thank-you\/#primaryimage"},"thumbnailUrl":"https:\/\/www.wbcil.com\/wp-content\/uploads\/2023\/10\/thanks-1.webp","datePublished":"2023-10-03T00:20:43+00:00","dateModified":"2025-08-19T15:03:30+00:00","description":"Nuestro equipo se pondr\u00e1 en contacto con usted muy pronto. Su correo electr\u00f3nico se ha enviado correctamente. Gracias por dedicar su tiempo a mostrar su atenci\u00f3n a nuestra organizaci\u00f3n.","breadcrumb":{"@id":"https:\/\/www.wbcil.com\/es\/thank-you\/#breadcrumb"},"inLanguage":"es","potentialAction":[{"@type":"ReadAction","target":["https:\/\/www.wbcil.com\/es\/thank-you\/"]}]},{"@type":"ImageObject","inLanguage":"es","@id":"https:\/\/www.wbcil.com\/es\/thank-you\/#primaryimage","url":"https:\/\/www.wbcil.com\/wp-content\/uploads\/2023\/10\/thanks-1.webp","contentUrl":"https:\/\/www.wbcil.com\/wp-content\/uploads\/2023\/10\/thanks-1.webp","width":918,"height":461},{"@type":"BreadcrumbList","@id":"https:\/\/www.wbcil.com\/es\/thank-you\/#breadcrumb","itemListElement":[{"@type":"ListItem","position":1,"name":"WBCIL","item":"https:\/\/www.wbcil.com\/es\/"},{"@type":"ListItem","position":2,"name":"Gracias"}]},{"@type":"WebSite","@id":"https:\/\/www.wbcil.com\/es\/#website","url":"https:\/\/www.wbcil.com\/es\/","name":"Industrias Qu\u00edmicas de Bengala Occidental","description":"Fabricante de API y productos farmac\u00e9uticos finos en la India","publisher":{"@id":"https:\/\/www.wbcil.com\/es\/#organization"},"alternateName":"API & Fine Pharmaceutical Companies - Manufacturers in India","potentialAction":[{"@type":"SearchAction","target":{"@type":"EntryPoint","urlTemplate":"https:\/\/www.wbcil.com\/es\/?s={search_term_string}"},"query-input":{"@type":"PropertyValueSpecification","valueRequired":true,"valueName":"search_term_string"}}],"inLanguage":"es"},{"@type":"Organization","@id":"https:\/\/www.wbcil.com\/es\/#organization","name":"West Bengal Chemical Industries Limited","alternateName":"WBCIL","url":"https:\/\/www.wbcil.com\/es\/","logo":{"@type":"ImageObject","inLanguage":"es","@id":"https:\/\/www.wbcil.com\/es\/#\/schema\/logo\/image\/","url":"https:\/\/www.wbcil.com\/wp-content\/uploads\/2023\/09\/west-bengal-chemical-industries-limited-logo.webp","contentUrl":"https:\/\/www.wbcil.com\/wp-content\/uploads\/2023\/09\/west-bengal-chemical-industries-limited-logo.webp","width":411,"height":80,"caption":"West Bengal Chemical Industries Limited"},"image":{"@id":"https:\/\/www.wbcil.com\/es\/#\/schema\/logo\/image\/"},"sameAs":["https:\/\/www.facebook.com\/wbcilindia","https:\/\/www.linkedin.com\/company\/5808423\/"]}]}},"_links":{"self":[{"href":"https:\/\/www.wbcil.com\/es\/wp-json\/wp\/v2\/pages\/21130","targetHints":{"allow":["GET"]}}],"collection":[{"href":"https:\/\/www.wbcil.com\/es\/wp-json\/wp\/v2\/pages"}],"about":[{"href":"https:\/\/www.wbcil.com\/es\/wp-json\/wp\/v2\/types\/page"}],"author":[{"embeddable":true,"href":"https:\/\/www.wbcil.com\/es\/wp-json\/wp\/v2\/users\/1"}],"replies":[{"embeddable":true,"href":"https:\/\/www.wbcil.com\/es\/wp-json\/wp\/v2\/comments?post=21130"}],"version-history":[{"count":0,"href":"https:\/\/www.wbcil.com\/es\/wp-json\/wp\/v2\/pages\/21130\/revisions"}],"wp:featuredmedia":[{"embeddable":true,"href":"https:\/\/www.wbcil.com\/es\/wp-json\/wp\/v2\/media\/9678"}],"wp:attachment":[{"href":"https:\/\/www.wbcil.com\/es\/wp-json\/wp\/v2\/media?parent=21130"}],"curies":[{"name":"wp","href":"https:\/\/api.w.org\/{rel}","templated":true}]}}