{"id":53284,"date":"2025-05-10T11:01:44","date_gmt":"2025-05-10T05:31:44","guid":{"rendered":"https:\/\/www.wbcil.com\/liposomal\/"},"modified":"2026-02-18T18:04:36","modified_gmt":"2026-02-18T12:34:36","slug":"liposomal","status":"publish","type":"page","link":"https:\/\/www.wbcil.com\/es\/liposomal\/","title":{"rendered":"La ciencia del producto liposomal de WBCIL"},"content":{"rendered":"<p>En WBCIL, no solo fabricamos nutrientes, sino que redise\u00f1amos la forma en que interact\u00faan con el cuerpo humano. Nuestra gama de productos liposomales representa un gran avance en biodisponibilidad, ya que utiliza nanotecnolog\u00eda de vanguardia para resolver el problema m\u00e1s antiguo de los suplementos: la brecha de absorci\u00f3n.<\/p>\n<p>Al envolver los ingredientes activos en una bicapa lip\u00eddica \u2014esencialmente una burbuja \u00abbioid\u00e9ntica\u00bb\u2014 protegemos la carga del entorno hostil del intestino. Esto garantiza que los nutrientes no solo lleguen al est\u00f3mago, sino que realmente lleguen al torrente sangu\u00edneo y a las c\u00e9lulas.<\/p>\n","protected":false},"excerpt":{"rendered":"<p>En WBCIL, no solo fabricamos nutrientes, sino que redise\u00f1amos la forma en que interact\u00faan con el cuerpo humano. Nuestra gama de productos liposomales representa un gran avance en biodisponibilidad, ya que utiliza nanotecnolog\u00eda de vanguardia para resolver el problema m\u00e1s antiguo de los suplementos: la brecha de absorci\u00f3n. Al envolver los ingredientes activos en una &hellip; <a href=\"https:\/\/www.wbcil.com\/es\/liposomal\/\" class=\"more-link\">Continue reading<span class=\"screen-reader-text\"> \u00abLa ciencia del producto liposomal de WBCIL\u00bb<\/span><\/a><\/p>\n","protected":false},"author":1,"featured_media":0,"parent":0,"menu_order":0,"comment_status":"closed","ping_status":"closed","template":"page-liposomal.php","meta":{"_acf_changed":false,"footnotes":""},"class_list":["post-53284","page","type-page","status-publish","hentry"],"acf":[],"yoast_head":"<!-- This site is optimized with the Yoast SEO plugin v27.3 - https:\/\/yoast.com\/product\/yoast-seo-wordpress\/ -->\n<title>Soluciones liposomales para fabricantes de suplementos<\/title>\n<meta name=\"description\" content=\"Formulaciones liposomales de alta calidad y soluciones de administraci\u00f3n de f\u00e1rmacos liposomales para una mejor absorci\u00f3n. Desarrollo personalizado y suministro a granel.\" \/>\n<meta name=\"robots\" content=\"index, follow, max-snippet:-1, max-image-preview:large, max-video-preview:-1\" \/>\n<link rel=\"canonical\" href=\"https:\/\/www.wbcil.com\/es\/liposomal\/\" \/>\n<meta property=\"og:locale\" content=\"es_ES\" \/>\n<meta property=\"og:type\" content=\"article\" \/>\n<meta property=\"og:title\" content=\"Soluciones liposomales para fabricantes de suplementos\" \/>\n<meta property=\"og:description\" content=\"Formulaciones liposomales de alta calidad y soluciones de administraci\u00f3n de f\u00e1rmacos liposomales para una mejor absorci\u00f3n. Desarrollo personalizado y suministro a granel.\" \/>\n<meta property=\"og:url\" content=\"https:\/\/www.wbcil.com\/es\/liposomal\/\" \/>\n<meta property=\"og:site_name\" content=\"Industrias Qu\u00edmicas de Bengala Occidental\" \/>\n<meta property=\"article:publisher\" content=\"https:\/\/www.facebook.com\/wbcilindia\" \/>\n<meta property=\"article:modified_time\" content=\"2026-02-18T12:34:36+00:00\" \/>\n<meta property=\"og:image\" content=\"https:\/\/www.wbcil.com\/wp-content\/uploads\/2023\/08\/wbcil-welcome.webp\" \/>\n\t<meta property=\"og:image:width\" content=\"800\" \/>\n\t<meta property=\"og:image:height\" content=\"721\" \/>\n\t<meta property=\"og:image:type\" content=\"image\/webp\" \/>\n<meta name=\"twitter:card\" content=\"summary_large_image\" \/>\n<meta name=\"twitter:label1\" content=\"Tiempo de lectura\" \/>\n\t<meta name=\"twitter:data1\" content=\"1 minuto\" \/>\n<script type=\"application\/ld+json\" class=\"yoast-schema-graph\">{\"@context\":\"https:\\\/\\\/schema.org\",\"@graph\":[{\"@type\":\"WebPage\",\"@id\":\"https:\\\/\\\/www.wbcil.com\\\/es\\\/liposomal\\\/\",\"url\":\"https:\\\/\\\/www.wbcil.com\\\/es\\\/liposomal\\\/\",\"name\":\"Soluciones liposomales para fabricantes de suplementos\",\"isPartOf\":{\"@id\":\"https:\\\/\\\/www.wbcil.com\\\/es\\\/#website\"},\"datePublished\":\"2025-05-10T05:31:44+00:00\",\"dateModified\":\"2026-02-18T12:34:36+00:00\",\"description\":\"Formulaciones liposomales de alta calidad y soluciones de administraci\u00f3n de f\u00e1rmacos liposomales para una mejor absorci\u00f3n. Desarrollo personalizado y suministro a granel.\",\"breadcrumb\":{\"@id\":\"https:\\\/\\\/www.wbcil.com\\\/es\\\/liposomal\\\/#breadcrumb\"},\"inLanguage\":\"es\",\"potentialAction\":[{\"@type\":\"ReadAction\",\"target\":[\"https:\\\/\\\/www.wbcil.com\\\/es\\\/liposomal\\\/\"]}]},{\"@type\":\"BreadcrumbList\",\"@id\":\"https:\\\/\\\/www.wbcil.com\\\/es\\\/liposomal\\\/#breadcrumb\",\"itemListElement\":[{\"@type\":\"ListItem\",\"position\":1,\"name\":\"WBCIL\",\"item\":\"https:\\\/\\\/www.wbcil.com\\\/es\\\/\"},{\"@type\":\"ListItem\",\"position\":2,\"name\":\"La ciencia del producto liposomal de WBCIL\"}]},{\"@type\":\"WebSite\",\"@id\":\"https:\\\/\\\/www.wbcil.com\\\/es\\\/#website\",\"url\":\"https:\\\/\\\/www.wbcil.com\\\/es\\\/\",\"name\":\"Industrias Qu\u00edmicas de Bengala Occidental\",\"description\":\"Fabricante de API y productos farmac\u00e9uticos finos en la India\",\"publisher\":{\"@id\":\"https:\\\/\\\/www.wbcil.com\\\/es\\\/#organization\"},\"alternateName\":\"API & Fine Pharmaceutical Companies - Manufacturers in India\",\"potentialAction\":[{\"@type\":\"SearchAction\",\"target\":{\"@type\":\"EntryPoint\",\"urlTemplate\":\"https:\\\/\\\/www.wbcil.com\\\/es\\\/?s={search_term_string}\"},\"query-input\":{\"@type\":\"PropertyValueSpecification\",\"valueRequired\":true,\"valueName\":\"search_term_string\"}}],\"inLanguage\":\"es\"},{\"@type\":\"Organization\",\"@id\":\"https:\\\/\\\/www.wbcil.com\\\/es\\\/#organization\",\"name\":\"West Bengal Chemical Industries Limited\",\"alternateName\":\"WBCIL\",\"url\":\"https:\\\/\\\/www.wbcil.com\\\/es\\\/\",\"logo\":{\"@type\":\"ImageObject\",\"inLanguage\":\"es\",\"@id\":\"https:\\\/\\\/www.wbcil.com\\\/es\\\/#\\\/schema\\\/logo\\\/image\\\/\",\"url\":\"https:\\\/\\\/www.wbcil.com\\\/wp-content\\\/uploads\\\/2023\\\/09\\\/west-bengal-chemical-industries-limited-logo.webp\",\"contentUrl\":\"https:\\\/\\\/www.wbcil.com\\\/wp-content\\\/uploads\\\/2023\\\/09\\\/west-bengal-chemical-industries-limited-logo.webp\",\"width\":411,\"height\":80,\"caption\":\"West Bengal Chemical Industries Limited\"},\"image\":{\"@id\":\"https:\\\/\\\/www.wbcil.com\\\/es\\\/#\\\/schema\\\/logo\\\/image\\\/\"},\"sameAs\":[\"https:\\\/\\\/www.facebook.com\\\/wbcilindia\",\"https:\\\/\\\/www.linkedin.com\\\/company\\\/5808423\\\/\"]}]}<\/script>\n<!-- \/ Yoast SEO plugin. -->","yoast_head_json":{"title":"Soluciones liposomales para fabricantes de suplementos","description":"Formulaciones liposomales de alta calidad y soluciones de administraci\u00f3n de f\u00e1rmacos liposomales para una mejor absorci\u00f3n. Desarrollo personalizado y suministro a granel.","robots":{"index":"index","follow":"follow","max-snippet":"max-snippet:-1","max-image-preview":"max-image-preview:large","max-video-preview":"max-video-preview:-1"},"canonical":"https:\/\/www.wbcil.com\/es\/liposomal\/","og_locale":"es_ES","og_type":"article","og_title":"Soluciones liposomales para fabricantes de suplementos","og_description":"Formulaciones liposomales de alta calidad y soluciones de administraci\u00f3n de f\u00e1rmacos liposomales para una mejor absorci\u00f3n. Desarrollo personalizado y suministro a granel.","og_url":"https:\/\/www.wbcil.com\/es\/liposomal\/","og_site_name":"Industrias Qu\u00edmicas de Bengala Occidental","article_publisher":"https:\/\/www.facebook.com\/wbcilindia","article_modified_time":"2026-02-18T12:34:36+00:00","og_image":[{"width":800,"height":721,"url":"https:\/\/www.wbcil.com\/wp-content\/uploads\/2023\/08\/wbcil-welcome.webp","type":"image\/webp"}],"twitter_card":"summary_large_image","twitter_misc":{"Tiempo de lectura":"1 minuto"},"schema":{"@context":"https:\/\/schema.org","@graph":[{"@type":"WebPage","@id":"https:\/\/www.wbcil.com\/es\/liposomal\/","url":"https:\/\/www.wbcil.com\/es\/liposomal\/","name":"Soluciones liposomales para fabricantes de suplementos","isPartOf":{"@id":"https:\/\/www.wbcil.com\/es\/#website"},"datePublished":"2025-05-10T05:31:44+00:00","dateModified":"2026-02-18T12:34:36+00:00","description":"Formulaciones liposomales de alta calidad y soluciones de administraci\u00f3n de f\u00e1rmacos liposomales para una mejor absorci\u00f3n. Desarrollo personalizado y suministro a granel.","breadcrumb":{"@id":"https:\/\/www.wbcil.com\/es\/liposomal\/#breadcrumb"},"inLanguage":"es","potentialAction":[{"@type":"ReadAction","target":["https:\/\/www.wbcil.com\/es\/liposomal\/"]}]},{"@type":"BreadcrumbList","@id":"https:\/\/www.wbcil.com\/es\/liposomal\/#breadcrumb","itemListElement":[{"@type":"ListItem","position":1,"name":"WBCIL","item":"https:\/\/www.wbcil.com\/es\/"},{"@type":"ListItem","position":2,"name":"La ciencia del producto liposomal de WBCIL"}]},{"@type":"WebSite","@id":"https:\/\/www.wbcil.com\/es\/#website","url":"https:\/\/www.wbcil.com\/es\/","name":"Industrias Qu\u00edmicas de Bengala Occidental","description":"Fabricante de API y productos farmac\u00e9uticos finos en la India","publisher":{"@id":"https:\/\/www.wbcil.com\/es\/#organization"},"alternateName":"API & Fine Pharmaceutical Companies - Manufacturers in India","potentialAction":[{"@type":"SearchAction","target":{"@type":"EntryPoint","urlTemplate":"https:\/\/www.wbcil.com\/es\/?s={search_term_string}"},"query-input":{"@type":"PropertyValueSpecification","valueRequired":true,"valueName":"search_term_string"}}],"inLanguage":"es"},{"@type":"Organization","@id":"https:\/\/www.wbcil.com\/es\/#organization","name":"West Bengal Chemical Industries Limited","alternateName":"WBCIL","url":"https:\/\/www.wbcil.com\/es\/","logo":{"@type":"ImageObject","inLanguage":"es","@id":"https:\/\/www.wbcil.com\/es\/#\/schema\/logo\/image\/","url":"https:\/\/www.wbcil.com\/wp-content\/uploads\/2023\/09\/west-bengal-chemical-industries-limited-logo.webp","contentUrl":"https:\/\/www.wbcil.com\/wp-content\/uploads\/2023\/09\/west-bengal-chemical-industries-limited-logo.webp","width":411,"height":80,"caption":"West Bengal Chemical Industries Limited"},"image":{"@id":"https:\/\/www.wbcil.com\/es\/#\/schema\/logo\/image\/"},"sameAs":["https:\/\/www.facebook.com\/wbcilindia","https:\/\/www.linkedin.com\/company\/5808423\/"]}]}},"_links":{"self":[{"href":"https:\/\/www.wbcil.com\/es\/wp-json\/wp\/v2\/pages\/53284","targetHints":{"allow":["GET"]}}],"collection":[{"href":"https:\/\/www.wbcil.com\/es\/wp-json\/wp\/v2\/pages"}],"about":[{"href":"https:\/\/www.wbcil.com\/es\/wp-json\/wp\/v2\/types\/page"}],"author":[{"embeddable":true,"href":"https:\/\/www.wbcil.com\/es\/wp-json\/wp\/v2\/users\/1"}],"replies":[{"embeddable":true,"href":"https:\/\/www.wbcil.com\/es\/wp-json\/wp\/v2\/comments?post=53284"}],"version-history":[{"count":1,"href":"https:\/\/www.wbcil.com\/es\/wp-json\/wp\/v2\/pages\/53284\/revisions"}],"predecessor-version":[{"id":53690,"href":"https:\/\/www.wbcil.com\/es\/wp-json\/wp\/v2\/pages\/53284\/revisions\/53690"}],"wp:attachment":[{"href":"https:\/\/www.wbcil.com\/es\/wp-json\/wp\/v2\/media?parent=53284"}],"curies":[{"name":"wp","href":"https:\/\/api.w.org\/{rel}","templated":true}]}}