{"id":14664,"date":"2023-08-01T11:17:59","date_gmt":"2023-08-01T05:47:59","guid":{"rendered":"https:\/\/www.wbcil.com\/api-manufacturer-west-bengal-chemical-industries-ltd\/"},"modified":"2025-11-03T11:07:51","modified_gmt":"2025-11-03T05:37:51","slug":"api-manufacturer-west-bengal-chemical-industries-ltd","status":"publish","type":"page","link":"https:\/\/www.wbcil.com\/fr\/","title":{"rendered":"Fabricant d&rsquo;API West Bengal Chemical Industries Ltd."},"content":{"rendered":"\r\n<p>WBCIL est devenue l&rsquo;une des entreprises pharmaceutiques de confiance en Inde gr\u00e2ce \u00e0 ses produits de qualit\u00e9 en mati\u00e8re d&rsquo;API (ingr\u00e9dients pharmaceutiques actifs) et de nombreux produits chimiques fins utilis\u00e9s dans la formulation de m\u00e9dicaments.<\/p>\r\n\r\n\r\n\r\n<p>WBCIL se distingue dans le paysage pharmaceutique par sa gamme compl\u00e8te de grades DC, de pr\u00e9m\u00e9langes et de min\u00e9raux ch\u00e9lat\u00e9s, ainsi que par une s\u00e9rie de produits pharmaceutiques de qualit\u00e9 sup\u00e9rieure. Ces produits sont m\u00e9ticuleusement con\u00e7us pour r\u00e9pondre \u00e0 l&rsquo;\u00e9volution des exigences du march\u00e9 mondial, en garantissant une qualit\u00e9 et une efficacit\u00e9 de premier ordre. En tant qu&rsquo;entit\u00e9 de premier plan parmi les <strong>entreprises pharmaceutiques en Inde<\/strong>, WBCIL s&rsquo;enorgueillit d&rsquo;un large portefeuille qui englobe des API pharmaceutiques essentiels. WBCIL affirme \u00eatre l&rsquo;un des principaux fabricants d&rsquo;API pharmaceutiques en Inde avec un portefeuille \u00e9tendu qui comprend des sels de calcium, de magn\u00e9sium, entre autres de fer, de potassium et de zinc. WBCIL fournit \u00e9galement des oligo-\u00e9l\u00e9ments comme le chrome, le mangan\u00e8se et le cuivre, ainsi que de l&rsquo;ascorbate, de l&rsquo;ac\u00e9tate, du phosphate, du propionate, du citrate, du gluconate, de l&rsquo;aspartate, du bisglycinate, du malate et d&rsquo;autres anions.<\/p>\r\n\r\n\r\n\r\n<p>L&rsquo;expertise profond\u00e9ment enracin\u00e9e de WBCIL ne se limite pas au domaine des produits pharmaceutiques, mais s&rsquo;\u00e9tend \u00e9galement de mani\u00e8re significative aux <strong><a href=\"https:\/\/www.wbcil.com\/fr\/product-type\/api-fine-chemicals-nutraceutical-fr\/\">industries chimiques fines<\/a><\/strong>.<\/p>\r\n","protected":false},"excerpt":{"rendered":"<p>WBCIL est devenue l&rsquo;une des entreprises pharmaceutiques de confiance en Inde gr\u00e2ce \u00e0 ses produits de qualit\u00e9 en mati\u00e8re d&rsquo;API (ingr\u00e9dients pharmaceutiques actifs) et de nombreux produits chimiques fins utilis\u00e9s dans la formulation de m\u00e9dicaments. WBCIL se distingue dans le paysage pharmaceutique par sa gamme compl\u00e8te de grades DC, de pr\u00e9m\u00e9langes et de min\u00e9raux ch\u00e9lat\u00e9s, &hellip; <a href=\"https:\/\/www.wbcil.com\/fr\/\" class=\"more-link\">Continue reading<span class=\"screen-reader-text\"> \u00ab\u00a0Fabricant d&rsquo;API West Bengal Chemical Industries Ltd.\u00a0\u00bb<\/span><\/a><\/p>\n","protected":false},"author":1,"featured_media":6759,"parent":0,"menu_order":0,"comment_status":"closed","ping_status":"closed","template":"","meta":{"_acf_changed":false,"footnotes":""},"class_list":["post-14664","page","type-page","status-publish","has-post-thumbnail","hentry"],"acf":[],"yoast_head":"<!-- This site is optimized with the Yoast SEO plugin v27.4 - https:\/\/yoast.com\/product\/yoast-seo-wordpress\/ -->\n<title>Fabricant d&#039;API en Inde | West Bengal Chemical Industries Ltd.<\/title>\n<meta name=\"description\" content=\"West Bengal Chemical Industries est l&#039;un des principaux fabricants d&#039;API en Inde, produisant des ingr\u00e9dients pharmaceutiques de qualit\u00e9 et des produits chimiques fins depuis plus de 30 ans.\" \/>\n<meta name=\"robots\" content=\"index, follow, max-snippet:-1, max-image-preview:large, max-video-preview:-1\" \/>\n<link rel=\"canonical\" href=\"https:\/\/www.wbcil.com\/fr\/\" \/>\n<meta property=\"og:locale\" content=\"fr_FR\" \/>\n<meta property=\"og:type\" content=\"article\" \/>\n<meta property=\"og:title\" content=\"Fabricant d&#039;API en Inde | West Bengal Chemical Industries Ltd.\" \/>\n<meta property=\"og:description\" content=\"West Bengal Chemical Industries est l&#039;un des principaux fabricants d&#039;API en Inde, produisant des ingr\u00e9dients pharmaceutiques de qualit\u00e9 et des produits chimiques fins depuis plus de 30 ans.\" \/>\n<meta property=\"og:url\" content=\"https:\/\/www.wbcil.com\/fr\/\" \/>\n<meta property=\"og:site_name\" content=\"West Bengal Chemical Industries Limited\" \/>\n<meta property=\"article:publisher\" content=\"https:\/\/www.facebook.com\/wbcilindia\" \/>\n<meta property=\"article:modified_time\" content=\"2025-11-03T05:37:51+00:00\" \/>\n<meta property=\"og:image\" content=\"https:\/\/www.wbcil.com\/wp-content\/uploads\/2023\/08\/wbcil-welcome.webp\" \/>\n\t<meta property=\"og:image:width\" content=\"800\" \/>\n\t<meta property=\"og:image:height\" content=\"721\" \/>\n\t<meta property=\"og:image:type\" content=\"image\/webp\" \/>\n<meta name=\"twitter:card\" content=\"summary_large_image\" \/>\n<meta name=\"twitter:label1\" content=\"Dur\u00e9e de lecture estim\u00e9e\" \/>\n\t<meta name=\"twitter:data1\" content=\"2 minutes\" \/>\n<script type=\"application\/ld+json\" class=\"yoast-schema-graph\">{\"@context\":\"https:\\\/\\\/schema.org\",\"@graph\":[{\"@type\":\"WebPage\",\"@id\":\"https:\\\/\\\/www.wbcil.com\\\/fr\\\/\",\"url\":\"https:\\\/\\\/www.wbcil.com\\\/fr\\\/\",\"name\":\"Fabricant d'API en Inde | West Bengal Chemical Industries Ltd.\",\"isPartOf\":{\"@id\":\"https:\\\/\\\/www.wbcil.com\\\/fr\\\/#website\"},\"primaryImageOfPage\":{\"@id\":\"https:\\\/\\\/www.wbcil.com\\\/fr\\\/#primaryimage\"},\"image\":{\"@id\":\"https:\\\/\\\/www.wbcil.com\\\/fr\\\/#primaryimage\"},\"thumbnailUrl\":\"https:\\\/\\\/www.wbcil.com\\\/wp-content\\\/uploads\\\/2023\\\/08\\\/wbcil-welcome.webp\",\"datePublished\":\"2023-08-01T05:47:59+00:00\",\"dateModified\":\"2025-11-03T05:37:51+00:00\",\"description\":\"West Bengal Chemical Industries est l'un des principaux fabricants d'API en Inde, produisant des ingr\u00e9dients pharmaceutiques de qualit\u00e9 et des produits chimiques fins depuis plus de 30 ans.\",\"breadcrumb\":{\"@id\":\"https:\\\/\\\/www.wbcil.com\\\/fr\\\/#breadcrumb\"},\"inLanguage\":\"fr-FR\",\"potentialAction\":[{\"@type\":\"ReadAction\",\"target\":[\"https:\\\/\\\/www.wbcil.com\\\/fr\\\/\"]}]},{\"@type\":\"ImageObject\",\"inLanguage\":\"fr-FR\",\"@id\":\"https:\\\/\\\/www.wbcil.com\\\/fr\\\/#primaryimage\",\"url\":\"https:\\\/\\\/www.wbcil.com\\\/wp-content\\\/uploads\\\/2023\\\/08\\\/wbcil-welcome.webp\",\"contentUrl\":\"https:\\\/\\\/www.wbcil.com\\\/wp-content\\\/uploads\\\/2023\\\/08\\\/wbcil-welcome.webp\",\"width\":800,\"height\":721,\"caption\":\"West Bengal Chemical Industries Limited (WBCIL) - A Trusted Name Among API Manufacturing Companies in India - Specializing in Pharmaceutical APIs and Fine Chemicals - Over 60 Years of Excellence\"},{\"@type\":\"BreadcrumbList\",\"@id\":\"https:\\\/\\\/www.wbcil.com\\\/fr\\\/#breadcrumb\",\"itemListElement\":[{\"@type\":\"ListItem\",\"position\":1,\"name\":\"WBCIL\",\"item\":\"https:\\\/\\\/www.wbcil.com\\\/fr\\\/\"},{\"@type\":\"ListItem\",\"position\":2,\"name\":\"Fabricant d&rsquo;API West Bengal Chemical Industries Ltd.\"}]},{\"@type\":\"WebSite\",\"@id\":\"https:\\\/\\\/www.wbcil.com\\\/fr\\\/#website\",\"url\":\"https:\\\/\\\/www.wbcil.com\\\/fr\\\/\",\"name\":\"West Bengal Chemical Industries Limited\",\"description\":\"Fabricant d'API et de produits pharmaceutiques fins en Inde\",\"publisher\":{\"@id\":\"https:\\\/\\\/www.wbcil.com\\\/fr\\\/#organization\"},\"alternateName\":\"API & Fine Pharmaceutical Companies - Manufacturers in India\",\"potentialAction\":[{\"@type\":\"SearchAction\",\"target\":{\"@type\":\"EntryPoint\",\"urlTemplate\":\"https:\\\/\\\/www.wbcil.com\\\/fr\\\/?s={search_term_string}\"},\"query-input\":{\"@type\":\"PropertyValueSpecification\",\"valueRequired\":true,\"valueName\":\"search_term_string\"}}],\"inLanguage\":\"fr-FR\"},{\"@type\":\"Organization\",\"@id\":\"https:\\\/\\\/www.wbcil.com\\\/fr\\\/#organization\",\"name\":\"West Bengal Chemical Industries Limited\",\"alternateName\":\"WBCIL\",\"url\":\"https:\\\/\\\/www.wbcil.com\\\/fr\\\/\",\"logo\":{\"@type\":\"ImageObject\",\"inLanguage\":\"fr-FR\",\"@id\":\"https:\\\/\\\/www.wbcil.com\\\/fr\\\/#\\\/schema\\\/logo\\\/image\\\/\",\"url\":\"https:\\\/\\\/www.wbcil.com\\\/wp-content\\\/uploads\\\/2023\\\/09\\\/west-bengal-chemical-industries-limited-logo.webp\",\"contentUrl\":\"https:\\\/\\\/www.wbcil.com\\\/wp-content\\\/uploads\\\/2023\\\/09\\\/west-bengal-chemical-industries-limited-logo.webp\",\"width\":411,\"height\":80,\"caption\":\"West Bengal Chemical Industries Limited\"},\"image\":{\"@id\":\"https:\\\/\\\/www.wbcil.com\\\/fr\\\/#\\\/schema\\\/logo\\\/image\\\/\"},\"sameAs\":[\"https:\\\/\\\/www.facebook.com\\\/wbcilindia\",\"https:\\\/\\\/www.linkedin.com\\\/company\\\/5808423\\\/\"]}]}<\/script>\n<!-- \/ Yoast SEO plugin. -->","yoast_head_json":{"title":"Fabricant d'API en Inde | West Bengal Chemical Industries Ltd.","description":"West Bengal Chemical Industries est l'un des principaux fabricants d'API en Inde, produisant des ingr\u00e9dients pharmaceutiques de qualit\u00e9 et des produits chimiques fins depuis plus de 30 ans.","robots":{"index":"index","follow":"follow","max-snippet":"max-snippet:-1","max-image-preview":"max-image-preview:large","max-video-preview":"max-video-preview:-1"},"canonical":"https:\/\/www.wbcil.com\/fr\/","og_locale":"fr_FR","og_type":"article","og_title":"Fabricant d'API en Inde | West Bengal Chemical Industries Ltd.","og_description":"West Bengal Chemical Industries est l'un des principaux fabricants d'API en Inde, produisant des ingr\u00e9dients pharmaceutiques de qualit\u00e9 et des produits chimiques fins depuis plus de 30 ans.","og_url":"https:\/\/www.wbcil.com\/fr\/","og_site_name":"West Bengal Chemical Industries Limited","article_publisher":"https:\/\/www.facebook.com\/wbcilindia","article_modified_time":"2025-11-03T05:37:51+00:00","og_image":[{"width":800,"height":721,"url":"https:\/\/www.wbcil.com\/wp-content\/uploads\/2023\/08\/wbcil-welcome.webp","type":"image\/webp"}],"twitter_card":"summary_large_image","twitter_misc":{"Dur\u00e9e de lecture estim\u00e9e":"2 minutes"},"schema":{"@context":"https:\/\/schema.org","@graph":[{"@type":"WebPage","@id":"https:\/\/www.wbcil.com\/fr\/","url":"https:\/\/www.wbcil.com\/fr\/","name":"Fabricant d'API en Inde | West Bengal Chemical Industries Ltd.","isPartOf":{"@id":"https:\/\/www.wbcil.com\/fr\/#website"},"primaryImageOfPage":{"@id":"https:\/\/www.wbcil.com\/fr\/#primaryimage"},"image":{"@id":"https:\/\/www.wbcil.com\/fr\/#primaryimage"},"thumbnailUrl":"https:\/\/www.wbcil.com\/wp-content\/uploads\/2023\/08\/wbcil-welcome.webp","datePublished":"2023-08-01T05:47:59+00:00","dateModified":"2025-11-03T05:37:51+00:00","description":"West Bengal Chemical Industries est l'un des principaux fabricants d'API en Inde, produisant des ingr\u00e9dients pharmaceutiques de qualit\u00e9 et des produits chimiques fins depuis plus de 30 ans.","breadcrumb":{"@id":"https:\/\/www.wbcil.com\/fr\/#breadcrumb"},"inLanguage":"fr-FR","potentialAction":[{"@type":"ReadAction","target":["https:\/\/www.wbcil.com\/fr\/"]}]},{"@type":"ImageObject","inLanguage":"fr-FR","@id":"https:\/\/www.wbcil.com\/fr\/#primaryimage","url":"https:\/\/www.wbcil.com\/wp-content\/uploads\/2023\/08\/wbcil-welcome.webp","contentUrl":"https:\/\/www.wbcil.com\/wp-content\/uploads\/2023\/08\/wbcil-welcome.webp","width":800,"height":721,"caption":"West Bengal Chemical Industries Limited (WBCIL) - A Trusted Name Among API Manufacturing Companies in India - Specializing in Pharmaceutical APIs and Fine Chemicals - Over 60 Years of Excellence"},{"@type":"BreadcrumbList","@id":"https:\/\/www.wbcil.com\/fr\/#breadcrumb","itemListElement":[{"@type":"ListItem","position":1,"name":"WBCIL","item":"https:\/\/www.wbcil.com\/fr\/"},{"@type":"ListItem","position":2,"name":"Fabricant d&rsquo;API West Bengal Chemical Industries Ltd."}]},{"@type":"WebSite","@id":"https:\/\/www.wbcil.com\/fr\/#website","url":"https:\/\/www.wbcil.com\/fr\/","name":"West Bengal Chemical Industries Limited","description":"Fabricant d'API et de produits pharmaceutiques fins en Inde","publisher":{"@id":"https:\/\/www.wbcil.com\/fr\/#organization"},"alternateName":"API & Fine Pharmaceutical Companies - Manufacturers in India","potentialAction":[{"@type":"SearchAction","target":{"@type":"EntryPoint","urlTemplate":"https:\/\/www.wbcil.com\/fr\/?s={search_term_string}"},"query-input":{"@type":"PropertyValueSpecification","valueRequired":true,"valueName":"search_term_string"}}],"inLanguage":"fr-FR"},{"@type":"Organization","@id":"https:\/\/www.wbcil.com\/fr\/#organization","name":"West Bengal Chemical Industries Limited","alternateName":"WBCIL","url":"https:\/\/www.wbcil.com\/fr\/","logo":{"@type":"ImageObject","inLanguage":"fr-FR","@id":"https:\/\/www.wbcil.com\/fr\/#\/schema\/logo\/image\/","url":"https:\/\/www.wbcil.com\/wp-content\/uploads\/2023\/09\/west-bengal-chemical-industries-limited-logo.webp","contentUrl":"https:\/\/www.wbcil.com\/wp-content\/uploads\/2023\/09\/west-bengal-chemical-industries-limited-logo.webp","width":411,"height":80,"caption":"West Bengal Chemical Industries Limited"},"image":{"@id":"https:\/\/www.wbcil.com\/fr\/#\/schema\/logo\/image\/"},"sameAs":["https:\/\/www.facebook.com\/wbcilindia","https:\/\/www.linkedin.com\/company\/5808423\/"]}]}},"_links":{"self":[{"href":"https:\/\/www.wbcil.com\/fr\/wp-json\/wp\/v2\/pages\/14664","targetHints":{"allow":["GET"]}}],"collection":[{"href":"https:\/\/www.wbcil.com\/fr\/wp-json\/wp\/v2\/pages"}],"about":[{"href":"https:\/\/www.wbcil.com\/fr\/wp-json\/wp\/v2\/types\/page"}],"author":[{"embeddable":true,"href":"https:\/\/www.wbcil.com\/fr\/wp-json\/wp\/v2\/users\/1"}],"replies":[{"embeddable":true,"href":"https:\/\/www.wbcil.com\/fr\/wp-json\/wp\/v2\/comments?post=14664"}],"version-history":[{"count":0,"href":"https:\/\/www.wbcil.com\/fr\/wp-json\/wp\/v2\/pages\/14664\/revisions"}],"wp:featuredmedia":[{"embeddable":true,"href":"https:\/\/www.wbcil.com\/fr\/wp-json\/wp\/v2\/media\/6759"}],"wp:attachment":[{"href":"https:\/\/www.wbcil.com\/fr\/wp-json\/wp\/v2\/media?parent=14664"}],"curies":[{"name":"wp","href":"https:\/\/api.w.org\/{rel}","templated":true}]}}