{"id":14682,"date":"2023-08-02T10:46:00","date_gmt":"2023-08-02T05:16:00","guid":{"rendered":"https:\/\/www.wbcil.com\/about-wbcil\/"},"modified":"2025-08-20T15:37:16","modified_gmt":"2025-08-20T10:07:16","slug":"propos-wbcil","status":"publish","type":"page","link":"https:\/\/www.wbcil.com\/fr\/propos-wbcil\/","title":{"rendered":"Qui sommes-nous ?"},"content":{"rendered":"\r\n<p>Bienvenue \u00e0 <strong>West Bengal Chemical Industries Limited<\/strong> (WBCIL), un pionnier dans le monde de la fabrication d&rsquo;ingr\u00e9dients pharmaceutiques actifs (API) et de produits chimiques fins en Inde. Avec un h\u00e9ritage de plus de 55 ann\u00e9es remarquables, nous avons \u00e9volu\u00e9 pour devenir une entreprise de fabrication de produits chimiques de premier plan dans l&rsquo;ar\u00e8ne mondiale, synonyme d&rsquo;excellence.<\/p>\r\n<p>Chez WBCIL, nous ne nous contentons pas de cr\u00e9er des produits chimiques, nous \u00e9laborons des solutions. Notre expertise s&rsquo;\u00e9tend au-del\u00e0 des fronti\u00e8res, ce qui fait de nous le fournisseur privil\u00e9gi\u00e9 de sels min\u00e9raux de sp\u00e9cialit\u00e9. Que ce soit pour l&rsquo;industrie pharmaceutique, les compl\u00e9ments nutritionnels, la production alimentaire, la nutrition animale ou m\u00eame le jardinage, nous avons tout ce qu&rsquo;il vous faut.<\/p>\r\n<h2 class=\"wp-block-heading\">Qu&rsquo;est-ce qui nous distingue ?<\/h2>\r\n<p>Ce n&rsquo;est pas seulement notre exp\u00e9rience, c&rsquo;est notre engagement in\u00e9branlable en faveur de l&rsquo;innovation. Nous relevons les d\u00e9fis et nous nous adaptons avec l&rsquo;agilit\u00e9 d&rsquo;un v\u00e9ritable pionnier du secteur. Dans un monde en constante \u00e9volution, nous sommes votre partenaire in\u00e9branlable, toujours pr\u00eat \u00e0 r\u00e9pondre \u00e0 vos besoins changeants.<\/p>\r\n<p>En choisissant WBCIL, vous choisissez un partenaire qui comprend que la chimie n&rsquo;est pas qu&rsquo;une affaire de compos\u00e9s, mais qu&rsquo;il s&rsquo;agit de faire la diff\u00e9rence. Notre engagement en faveur de la qualit\u00e9, de la pr\u00e9cision et de la satisfaction du client est la pierre angulaire de notre succ\u00e8s. Rejoignez-nous pour fa\u00e7onner l&rsquo;avenir des produits chimiques. D\u00e9couvrez l&rsquo;attrait de WBCIL, o\u00f9 l&rsquo;innovation rencontre la tradition et o\u00f9 l&rsquo;excellence est notre h\u00e9ritage.<\/p>\r\n","protected":false},"excerpt":{"rendered":"<p>Bienvenue \u00e0 West Bengal Chemical Industries Limited (WBCIL), un pionnier dans le monde de la fabrication d&rsquo;ingr\u00e9dients pharmaceutiques actifs (API) et de produits chimiques fins en Inde. Avec un h\u00e9ritage de plus de 55 ann\u00e9es remarquables, nous avons \u00e9volu\u00e9 pour devenir une entreprise de fabrication de produits chimiques de premier plan dans l&rsquo;ar\u00e8ne mondiale, synonyme &hellip; <a href=\"https:\/\/www.wbcil.com\/fr\/propos-wbcil\/\" class=\"more-link\">Continue reading<span class=\"screen-reader-text\"> \u00ab\u00a0Qui sommes-nous ?\u00a0\u00bb<\/span><\/a><\/p>\n","protected":false},"author":1,"featured_media":6759,"parent":0,"menu_order":0,"comment_status":"closed","ping_status":"closed","template":"page-about.php","meta":{"_acf_changed":false,"footnotes":""},"class_list":["post-14682","page","type-page","status-publish","has-post-thumbnail","hentry"],"acf":[],"yoast_head":"<!-- This site is optimized with the Yoast SEO plugin v27.3 - https:\/\/yoast.com\/product\/yoast-seo-wordpress\/ -->\n<title>A propos de West Bengal Chemical Industries Limited<\/title>\n<meta name=\"description\" content=\"WBCIL s&#039;efforce, en tant que fabricant d&#039;API de premier plan en Inde, de r\u00e9pondre \u00e0 toutes les exigences et de fournir des API de qualit\u00e9, des produits chimiques fins.\" \/>\n<meta name=\"robots\" content=\"index, follow, max-snippet:-1, max-image-preview:large, max-video-preview:-1\" \/>\n<link rel=\"canonical\" href=\"https:\/\/www.wbcil.com\/fr\/propos-wbcil\/\" \/>\n<meta property=\"og:locale\" content=\"fr_FR\" \/>\n<meta property=\"og:type\" content=\"article\" \/>\n<meta property=\"og:title\" content=\"A propos de West Bengal Chemical Industries Limited\" \/>\n<meta property=\"og:description\" content=\"WBCIL s&#039;efforce, en tant que fabricant d&#039;API de premier plan en Inde, de r\u00e9pondre \u00e0 toutes les exigences et de fournir des API de qualit\u00e9, des produits chimiques fins.\" \/>\n<meta property=\"og:url\" content=\"https:\/\/www.wbcil.com\/fr\/propos-wbcil\/\" \/>\n<meta property=\"og:site_name\" content=\"West Bengal Chemical Industries Limited\" \/>\n<meta property=\"article:publisher\" content=\"https:\/\/www.facebook.com\/wbcilindia\" \/>\n<meta property=\"article:modified_time\" content=\"2025-08-20T10:07:16+00:00\" \/>\n<meta property=\"og:image\" content=\"https:\/\/www.wbcil.com\/wp-content\/uploads\/2023\/08\/wbcil-welcome.webp\" \/>\n\t<meta property=\"og:image:width\" content=\"800\" \/>\n\t<meta property=\"og:image:height\" content=\"721\" \/>\n\t<meta property=\"og:image:type\" content=\"image\/webp\" \/>\n<meta name=\"twitter:card\" content=\"summary_large_image\" \/>\n<meta name=\"twitter:label1\" content=\"Dur\u00e9e de lecture estim\u00e9e\" \/>\n\t<meta name=\"twitter:data1\" content=\"2 minutes\" \/>\n<script type=\"application\/ld+json\" class=\"yoast-schema-graph\">{\"@context\":\"https:\\\/\\\/schema.org\",\"@graph\":[{\"@type\":\"WebPage\",\"@id\":\"https:\\\/\\\/www.wbcil.com\\\/fr\\\/propos-wbcil\\\/\",\"url\":\"https:\\\/\\\/www.wbcil.com\\\/fr\\\/propos-wbcil\\\/\",\"name\":\"A propos de West Bengal Chemical Industries Limited\",\"isPartOf\":{\"@id\":\"https:\\\/\\\/www.wbcil.com\\\/fr\\\/#website\"},\"primaryImageOfPage\":{\"@id\":\"https:\\\/\\\/www.wbcil.com\\\/fr\\\/propos-wbcil\\\/#primaryimage\"},\"image\":{\"@id\":\"https:\\\/\\\/www.wbcil.com\\\/fr\\\/propos-wbcil\\\/#primaryimage\"},\"thumbnailUrl\":\"https:\\\/\\\/www.wbcil.com\\\/wp-content\\\/uploads\\\/2023\\\/08\\\/wbcil-welcome.webp\",\"datePublished\":\"2023-08-02T05:16:00+00:00\",\"dateModified\":\"2025-08-20T10:07:16+00:00\",\"description\":\"WBCIL s'efforce, en tant que fabricant d'API de premier plan en Inde, de r\u00e9pondre \u00e0 toutes les exigences et de fournir des API de qualit\u00e9, des produits chimiques fins.\",\"breadcrumb\":{\"@id\":\"https:\\\/\\\/www.wbcil.com\\\/fr\\\/propos-wbcil\\\/#breadcrumb\"},\"inLanguage\":\"fr-FR\",\"potentialAction\":[{\"@type\":\"ReadAction\",\"target\":[\"https:\\\/\\\/www.wbcil.com\\\/fr\\\/propos-wbcil\\\/\"]}]},{\"@type\":\"ImageObject\",\"inLanguage\":\"fr-FR\",\"@id\":\"https:\\\/\\\/www.wbcil.com\\\/fr\\\/propos-wbcil\\\/#primaryimage\",\"url\":\"https:\\\/\\\/www.wbcil.com\\\/wp-content\\\/uploads\\\/2023\\\/08\\\/wbcil-welcome.webp\",\"contentUrl\":\"https:\\\/\\\/www.wbcil.com\\\/wp-content\\\/uploads\\\/2023\\\/08\\\/wbcil-welcome.webp\",\"width\":800,\"height\":721,\"caption\":\"West Bengal Chemical Industries Limited (WBCIL) - A Trusted Name Among API Manufacturing Companies in India - Specializing in Pharmaceutical APIs and Fine Chemicals - Over 60 Years of Excellence\"},{\"@type\":\"BreadcrumbList\",\"@id\":\"https:\\\/\\\/www.wbcil.com\\\/fr\\\/propos-wbcil\\\/#breadcrumb\",\"itemListElement\":[{\"@type\":\"ListItem\",\"position\":1,\"name\":\"WBCIL\",\"item\":\"https:\\\/\\\/www.wbcil.com\\\/fr\\\/\"},{\"@type\":\"ListItem\",\"position\":2,\"name\":\"Qui sommes-nous ?\"}]},{\"@type\":\"WebSite\",\"@id\":\"https:\\\/\\\/www.wbcil.com\\\/fr\\\/#website\",\"url\":\"https:\\\/\\\/www.wbcil.com\\\/fr\\\/\",\"name\":\"West Bengal Chemical Industries Limited\",\"description\":\"Fabricant d'API et de produits pharmaceutiques fins en Inde\",\"publisher\":{\"@id\":\"https:\\\/\\\/www.wbcil.com\\\/fr\\\/#organization\"},\"alternateName\":\"API & Fine Pharmaceutical Companies - Manufacturers in India\",\"potentialAction\":[{\"@type\":\"SearchAction\",\"target\":{\"@type\":\"EntryPoint\",\"urlTemplate\":\"https:\\\/\\\/www.wbcil.com\\\/fr\\\/?s={search_term_string}\"},\"query-input\":{\"@type\":\"PropertyValueSpecification\",\"valueRequired\":true,\"valueName\":\"search_term_string\"}}],\"inLanguage\":\"fr-FR\"},{\"@type\":\"Organization\",\"@id\":\"https:\\\/\\\/www.wbcil.com\\\/fr\\\/#organization\",\"name\":\"West Bengal Chemical Industries Limited\",\"alternateName\":\"WBCIL\",\"url\":\"https:\\\/\\\/www.wbcil.com\\\/fr\\\/\",\"logo\":{\"@type\":\"ImageObject\",\"inLanguage\":\"fr-FR\",\"@id\":\"https:\\\/\\\/www.wbcil.com\\\/fr\\\/#\\\/schema\\\/logo\\\/image\\\/\",\"url\":\"https:\\\/\\\/www.wbcil.com\\\/wp-content\\\/uploads\\\/2023\\\/09\\\/west-bengal-chemical-industries-limited-logo.webp\",\"contentUrl\":\"https:\\\/\\\/www.wbcil.com\\\/wp-content\\\/uploads\\\/2023\\\/09\\\/west-bengal-chemical-industries-limited-logo.webp\",\"width\":411,\"height\":80,\"caption\":\"West Bengal Chemical Industries Limited\"},\"image\":{\"@id\":\"https:\\\/\\\/www.wbcil.com\\\/fr\\\/#\\\/schema\\\/logo\\\/image\\\/\"},\"sameAs\":[\"https:\\\/\\\/www.facebook.com\\\/wbcilindia\",\"https:\\\/\\\/www.linkedin.com\\\/company\\\/5808423\\\/\"]}]}<\/script>\n<!-- \/ Yoast SEO plugin. -->","yoast_head_json":{"title":"A propos de West Bengal Chemical Industries Limited","description":"WBCIL s'efforce, en tant que fabricant d'API de premier plan en Inde, de r\u00e9pondre \u00e0 toutes les exigences et de fournir des API de qualit\u00e9, des produits chimiques fins.","robots":{"index":"index","follow":"follow","max-snippet":"max-snippet:-1","max-image-preview":"max-image-preview:large","max-video-preview":"max-video-preview:-1"},"canonical":"https:\/\/www.wbcil.com\/fr\/propos-wbcil\/","og_locale":"fr_FR","og_type":"article","og_title":"A propos de West Bengal Chemical Industries Limited","og_description":"WBCIL s'efforce, en tant que fabricant d'API de premier plan en Inde, de r\u00e9pondre \u00e0 toutes les exigences et de fournir des API de qualit\u00e9, des produits chimiques fins.","og_url":"https:\/\/www.wbcil.com\/fr\/propos-wbcil\/","og_site_name":"West Bengal Chemical Industries Limited","article_publisher":"https:\/\/www.facebook.com\/wbcilindia","article_modified_time":"2025-08-20T10:07:16+00:00","og_image":[{"width":800,"height":721,"url":"https:\/\/www.wbcil.com\/wp-content\/uploads\/2023\/08\/wbcil-welcome.webp","type":"image\/webp"}],"twitter_card":"summary_large_image","twitter_misc":{"Dur\u00e9e de lecture estim\u00e9e":"2 minutes"},"schema":{"@context":"https:\/\/schema.org","@graph":[{"@type":"WebPage","@id":"https:\/\/www.wbcil.com\/fr\/propos-wbcil\/","url":"https:\/\/www.wbcil.com\/fr\/propos-wbcil\/","name":"A propos de West Bengal Chemical Industries Limited","isPartOf":{"@id":"https:\/\/www.wbcil.com\/fr\/#website"},"primaryImageOfPage":{"@id":"https:\/\/www.wbcil.com\/fr\/propos-wbcil\/#primaryimage"},"image":{"@id":"https:\/\/www.wbcil.com\/fr\/propos-wbcil\/#primaryimage"},"thumbnailUrl":"https:\/\/www.wbcil.com\/wp-content\/uploads\/2023\/08\/wbcil-welcome.webp","datePublished":"2023-08-02T05:16:00+00:00","dateModified":"2025-08-20T10:07:16+00:00","description":"WBCIL s'efforce, en tant que fabricant d'API de premier plan en Inde, de r\u00e9pondre \u00e0 toutes les exigences et de fournir des API de qualit\u00e9, des produits chimiques fins.","breadcrumb":{"@id":"https:\/\/www.wbcil.com\/fr\/propos-wbcil\/#breadcrumb"},"inLanguage":"fr-FR","potentialAction":[{"@type":"ReadAction","target":["https:\/\/www.wbcil.com\/fr\/propos-wbcil\/"]}]},{"@type":"ImageObject","inLanguage":"fr-FR","@id":"https:\/\/www.wbcil.com\/fr\/propos-wbcil\/#primaryimage","url":"https:\/\/www.wbcil.com\/wp-content\/uploads\/2023\/08\/wbcil-welcome.webp","contentUrl":"https:\/\/www.wbcil.com\/wp-content\/uploads\/2023\/08\/wbcil-welcome.webp","width":800,"height":721,"caption":"West Bengal Chemical Industries Limited (WBCIL) - A Trusted Name Among API Manufacturing Companies in India - Specializing in Pharmaceutical APIs and Fine Chemicals - Over 60 Years of Excellence"},{"@type":"BreadcrumbList","@id":"https:\/\/www.wbcil.com\/fr\/propos-wbcil\/#breadcrumb","itemListElement":[{"@type":"ListItem","position":1,"name":"WBCIL","item":"https:\/\/www.wbcil.com\/fr\/"},{"@type":"ListItem","position":2,"name":"Qui sommes-nous ?"}]},{"@type":"WebSite","@id":"https:\/\/www.wbcil.com\/fr\/#website","url":"https:\/\/www.wbcil.com\/fr\/","name":"West Bengal Chemical Industries Limited","description":"Fabricant d'API et de produits pharmaceutiques fins en Inde","publisher":{"@id":"https:\/\/www.wbcil.com\/fr\/#organization"},"alternateName":"API & Fine Pharmaceutical Companies - Manufacturers in India","potentialAction":[{"@type":"SearchAction","target":{"@type":"EntryPoint","urlTemplate":"https:\/\/www.wbcil.com\/fr\/?s={search_term_string}"},"query-input":{"@type":"PropertyValueSpecification","valueRequired":true,"valueName":"search_term_string"}}],"inLanguage":"fr-FR"},{"@type":"Organization","@id":"https:\/\/www.wbcil.com\/fr\/#organization","name":"West Bengal Chemical Industries Limited","alternateName":"WBCIL","url":"https:\/\/www.wbcil.com\/fr\/","logo":{"@type":"ImageObject","inLanguage":"fr-FR","@id":"https:\/\/www.wbcil.com\/fr\/#\/schema\/logo\/image\/","url":"https:\/\/www.wbcil.com\/wp-content\/uploads\/2023\/09\/west-bengal-chemical-industries-limited-logo.webp","contentUrl":"https:\/\/www.wbcil.com\/wp-content\/uploads\/2023\/09\/west-bengal-chemical-industries-limited-logo.webp","width":411,"height":80,"caption":"West Bengal Chemical Industries Limited"},"image":{"@id":"https:\/\/www.wbcil.com\/fr\/#\/schema\/logo\/image\/"},"sameAs":["https:\/\/www.facebook.com\/wbcilindia","https:\/\/www.linkedin.com\/company\/5808423\/"]}]}},"_links":{"self":[{"href":"https:\/\/www.wbcil.com\/fr\/wp-json\/wp\/v2\/pages\/14682","targetHints":{"allow":["GET"]}}],"collection":[{"href":"https:\/\/www.wbcil.com\/fr\/wp-json\/wp\/v2\/pages"}],"about":[{"href":"https:\/\/www.wbcil.com\/fr\/wp-json\/wp\/v2\/types\/page"}],"author":[{"embeddable":true,"href":"https:\/\/www.wbcil.com\/fr\/wp-json\/wp\/v2\/users\/1"}],"replies":[{"embeddable":true,"href":"https:\/\/www.wbcil.com\/fr\/wp-json\/wp\/v2\/comments?post=14682"}],"version-history":[{"count":0,"href":"https:\/\/www.wbcil.com\/fr\/wp-json\/wp\/v2\/pages\/14682\/revisions"}],"wp:featuredmedia":[{"embeddable":true,"href":"https:\/\/www.wbcil.com\/fr\/wp-json\/wp\/v2\/media\/6759"}],"wp:attachment":[{"href":"https:\/\/www.wbcil.com\/fr\/wp-json\/wp\/v2\/media?parent=14682"}],"curies":[{"name":"wp","href":"https:\/\/api.w.org\/{rel}","templated":true}]}}