{"id":14689,"date":"2023-12-20T11:11:22","date_gmt":"2023-12-20T05:41:22","guid":{"rendered":"https:\/\/www.wbcil.com\/research-and-development\/"},"modified":"2025-08-21T14:00:41","modified_gmt":"2025-08-21T08:30:41","slug":"recherche-et-developpement","status":"publish","type":"page","link":"https:\/\/www.wbcil.com\/fr\/recherche-et-developpement\/","title":{"rendered":"Recherche et d\u00e9veloppement (RND) \u00e0 WBCIL"},"content":{"rendered":"<p>Notre \u00e9quipe chez West Bengal Chemical Industries Limited est compos\u00e9e d&rsquo;experts de premier plan dans leur domaine, soutenus par des ressources de pointe. West Bengal Chemical Industries dispose d&rsquo;\u00e9quipements, de technologies et d&rsquo;instruments de pointe, permettant \u00e0 notre personnel de recherche d&rsquo;exceller dans le d\u00e9veloppement global des API. Gr\u00e2ce \u00e0 des outils avanc\u00e9s, nous ma\u00eetrisons parfaitement le d\u00e9veloppement de produits, la fabrication, l&rsquo;assurance qualit\u00e9 et le support technique.<\/p>\n<p>Notre \u00e9quipe de recherche et d\u00e9veloppement (R&amp;D) est le moteur de l&rsquo;innovation de notre entreprise. En combinant notre expertise scientifique avec les demandes du march\u00e9, nous concevons et d\u00e9veloppons de nouveaux produits. Notre processus rigoureux de recherche et d\u00e9veloppement nous permet de rester \u00e0 la pointe des tendances du secteur et de fournir des solutions de pointe \u00e0 nos clients.<\/p>\n","protected":false},"excerpt":{"rendered":"<p>Notre \u00e9quipe chez West Bengal Chemical Industries Limited est compos\u00e9e d&rsquo;experts de premier plan dans leur domaine, soutenus par des ressources de pointe. West Bengal Chemical Industries dispose d&rsquo;\u00e9quipements, de technologies et d&rsquo;instruments de pointe, permettant \u00e0 notre personnel de recherche d&rsquo;exceller dans le d\u00e9veloppement global des API. Gr\u00e2ce \u00e0 des outils avanc\u00e9s, nous ma\u00eetrisons &hellip; <a href=\"https:\/\/www.wbcil.com\/fr\/recherche-et-developpement\/\" class=\"more-link\">Continue reading<span class=\"screen-reader-text\"> \u00ab\u00a0Recherche et d\u00e9veloppement (RND) \u00e0 WBCIL\u00a0\u00bb<\/span><\/a><\/p>\n","protected":false},"author":1,"featured_media":13090,"parent":0,"menu_order":0,"comment_status":"closed","ping_status":"closed","template":"page-rnd.php","meta":{"_acf_changed":false,"footnotes":""},"class_list":["post-14689","page","type-page","status-publish","has-post-thumbnail","hentry"],"acf":[],"yoast_head":"<!-- This site is optimized with the Yoast SEO plugin v27.3 - https:\/\/yoast.com\/product\/yoast-seo-wordpress\/ -->\n<title>Recherche et D\u00e9veloppement Innovant | WBCIL<\/title>\n<meta name=\"description\" content=\"Notre division de recherche et d\u00e9veloppement (R&amp;D) est la pierre angulaire de l&#039;innovation et de l&#039;avancement technologique de WBCIL.\" \/>\n<meta name=\"robots\" content=\"index, follow, max-snippet:-1, max-image-preview:large, max-video-preview:-1\" \/>\n<link rel=\"canonical\" href=\"https:\/\/www.wbcil.com\/fr\/recherche-et-developpement\/\" \/>\n<meta property=\"og:locale\" content=\"fr_FR\" \/>\n<meta property=\"og:type\" content=\"article\" \/>\n<meta property=\"og:title\" content=\"Recherche et D\u00e9veloppement Innovant | WBCIL\" \/>\n<meta property=\"og:description\" content=\"Notre division de recherche et d\u00e9veloppement (R&amp;D) est la pierre angulaire de l&#039;innovation et de l&#039;avancement technologique de WBCIL.\" \/>\n<meta property=\"og:url\" content=\"https:\/\/www.wbcil.com\/fr\/recherche-et-developpement\/\" \/>\n<meta property=\"og:site_name\" content=\"West Bengal Chemical Industries Limited\" \/>\n<meta property=\"article:publisher\" content=\"https:\/\/www.facebook.com\/wbcilindia\" \/>\n<meta property=\"article:modified_time\" content=\"2025-08-21T08:30:41+00:00\" \/>\n<meta property=\"og:image\" content=\"https:\/\/www.wbcil.com\/wp-content\/uploads\/2023\/12\/wbcil-thumb.webp\" \/>\n\t<meta property=\"og:image:width\" content=\"600\" \/>\n\t<meta property=\"og:image:height\" content=\"600\" \/>\n\t<meta property=\"og:image:type\" content=\"image\/webp\" \/>\n<meta name=\"twitter:card\" content=\"summary_large_image\" \/>\n<meta name=\"twitter:label1\" content=\"Dur\u00e9e de lecture estim\u00e9e\" \/>\n\t<meta name=\"twitter:data1\" content=\"1 minute\" \/>\n<script type=\"application\/ld+json\" class=\"yoast-schema-graph\">{\"@context\":\"https:\\\/\\\/schema.org\",\"@graph\":[{\"@type\":\"WebPage\",\"@id\":\"https:\\\/\\\/www.wbcil.com\\\/fr\\\/recherche-et-developpement\\\/\",\"url\":\"https:\\\/\\\/www.wbcil.com\\\/fr\\\/recherche-et-developpement\\\/\",\"name\":\"Recherche et D\u00e9veloppement Innovant | WBCIL\",\"isPartOf\":{\"@id\":\"https:\\\/\\\/www.wbcil.com\\\/fr\\\/#website\"},\"primaryImageOfPage\":{\"@id\":\"https:\\\/\\\/www.wbcil.com\\\/fr\\\/recherche-et-developpement\\\/#primaryimage\"},\"image\":{\"@id\":\"https:\\\/\\\/www.wbcil.com\\\/fr\\\/recherche-et-developpement\\\/#primaryimage\"},\"thumbnailUrl\":\"https:\\\/\\\/www.wbcil.com\\\/wp-content\\\/uploads\\\/2023\\\/12\\\/wbcil-thumb.webp\",\"datePublished\":\"2023-12-20T05:41:22+00:00\",\"dateModified\":\"2025-08-21T08:30:41+00:00\",\"description\":\"Notre division de recherche et d\u00e9veloppement (R&D) est la pierre angulaire de l'innovation et de l'avancement technologique de WBCIL.\",\"breadcrumb\":{\"@id\":\"https:\\\/\\\/www.wbcil.com\\\/fr\\\/recherche-et-developpement\\\/#breadcrumb\"},\"inLanguage\":\"fr-FR\",\"potentialAction\":[{\"@type\":\"ReadAction\",\"target\":[\"https:\\\/\\\/www.wbcil.com\\\/fr\\\/recherche-et-developpement\\\/\"]}]},{\"@type\":\"ImageObject\",\"inLanguage\":\"fr-FR\",\"@id\":\"https:\\\/\\\/www.wbcil.com\\\/fr\\\/recherche-et-developpement\\\/#primaryimage\",\"url\":\"https:\\\/\\\/www.wbcil.com\\\/wp-content\\\/uploads\\\/2023\\\/12\\\/wbcil-thumb.webp\",\"contentUrl\":\"https:\\\/\\\/www.wbcil.com\\\/wp-content\\\/uploads\\\/2023\\\/12\\\/wbcil-thumb.webp\",\"width\":600,\"height\":600,\"caption\":\"Pharmaceutical research and development\"},{\"@type\":\"BreadcrumbList\",\"@id\":\"https:\\\/\\\/www.wbcil.com\\\/fr\\\/recherche-et-developpement\\\/#breadcrumb\",\"itemListElement\":[{\"@type\":\"ListItem\",\"position\":1,\"name\":\"WBCIL\",\"item\":\"https:\\\/\\\/www.wbcil.com\\\/fr\\\/\"},{\"@type\":\"ListItem\",\"position\":2,\"name\":\"Recherche et d\u00e9veloppement (RND) \u00e0 WBCIL\"}]},{\"@type\":\"WebSite\",\"@id\":\"https:\\\/\\\/www.wbcil.com\\\/fr\\\/#website\",\"url\":\"https:\\\/\\\/www.wbcil.com\\\/fr\\\/\",\"name\":\"West Bengal Chemical Industries Limited\",\"description\":\"Fabricant d'API et de produits pharmaceutiques fins en Inde\",\"publisher\":{\"@id\":\"https:\\\/\\\/www.wbcil.com\\\/fr\\\/#organization\"},\"alternateName\":\"API & Fine Pharmaceutical Companies - Manufacturers in India\",\"potentialAction\":[{\"@type\":\"SearchAction\",\"target\":{\"@type\":\"EntryPoint\",\"urlTemplate\":\"https:\\\/\\\/www.wbcil.com\\\/fr\\\/?s={search_term_string}\"},\"query-input\":{\"@type\":\"PropertyValueSpecification\",\"valueRequired\":true,\"valueName\":\"search_term_string\"}}],\"inLanguage\":\"fr-FR\"},{\"@type\":\"Organization\",\"@id\":\"https:\\\/\\\/www.wbcil.com\\\/fr\\\/#organization\",\"name\":\"West Bengal Chemical Industries Limited\",\"alternateName\":\"WBCIL\",\"url\":\"https:\\\/\\\/www.wbcil.com\\\/fr\\\/\",\"logo\":{\"@type\":\"ImageObject\",\"inLanguage\":\"fr-FR\",\"@id\":\"https:\\\/\\\/www.wbcil.com\\\/fr\\\/#\\\/schema\\\/logo\\\/image\\\/\",\"url\":\"https:\\\/\\\/www.wbcil.com\\\/wp-content\\\/uploads\\\/2023\\\/09\\\/west-bengal-chemical-industries-limited-logo.webp\",\"contentUrl\":\"https:\\\/\\\/www.wbcil.com\\\/wp-content\\\/uploads\\\/2023\\\/09\\\/west-bengal-chemical-industries-limited-logo.webp\",\"width\":411,\"height\":80,\"caption\":\"West Bengal Chemical Industries Limited\"},\"image\":{\"@id\":\"https:\\\/\\\/www.wbcil.com\\\/fr\\\/#\\\/schema\\\/logo\\\/image\\\/\"},\"sameAs\":[\"https:\\\/\\\/www.facebook.com\\\/wbcilindia\",\"https:\\\/\\\/www.linkedin.com\\\/company\\\/5808423\\\/\"]}]}<\/script>\n<!-- \/ Yoast SEO plugin. -->","yoast_head_json":{"title":"Recherche et D\u00e9veloppement Innovant | WBCIL","description":"Notre division de recherche et d\u00e9veloppement (R&D) est la pierre angulaire de l'innovation et de l'avancement technologique de WBCIL.","robots":{"index":"index","follow":"follow","max-snippet":"max-snippet:-1","max-image-preview":"max-image-preview:large","max-video-preview":"max-video-preview:-1"},"canonical":"https:\/\/www.wbcil.com\/fr\/recherche-et-developpement\/","og_locale":"fr_FR","og_type":"article","og_title":"Recherche et D\u00e9veloppement Innovant | WBCIL","og_description":"Notre division de recherche et d\u00e9veloppement (R&D) est la pierre angulaire de l'innovation et de l'avancement technologique de WBCIL.","og_url":"https:\/\/www.wbcil.com\/fr\/recherche-et-developpement\/","og_site_name":"West Bengal Chemical Industries Limited","article_publisher":"https:\/\/www.facebook.com\/wbcilindia","article_modified_time":"2025-08-21T08:30:41+00:00","og_image":[{"width":600,"height":600,"url":"https:\/\/www.wbcil.com\/wp-content\/uploads\/2023\/12\/wbcil-thumb.webp","type":"image\/webp"}],"twitter_card":"summary_large_image","twitter_misc":{"Dur\u00e9e de lecture estim\u00e9e":"1 minute"},"schema":{"@context":"https:\/\/schema.org","@graph":[{"@type":"WebPage","@id":"https:\/\/www.wbcil.com\/fr\/recherche-et-developpement\/","url":"https:\/\/www.wbcil.com\/fr\/recherche-et-developpement\/","name":"Recherche et D\u00e9veloppement Innovant | WBCIL","isPartOf":{"@id":"https:\/\/www.wbcil.com\/fr\/#website"},"primaryImageOfPage":{"@id":"https:\/\/www.wbcil.com\/fr\/recherche-et-developpement\/#primaryimage"},"image":{"@id":"https:\/\/www.wbcil.com\/fr\/recherche-et-developpement\/#primaryimage"},"thumbnailUrl":"https:\/\/www.wbcil.com\/wp-content\/uploads\/2023\/12\/wbcil-thumb.webp","datePublished":"2023-12-20T05:41:22+00:00","dateModified":"2025-08-21T08:30:41+00:00","description":"Notre division de recherche et d\u00e9veloppement (R&D) est la pierre angulaire de l'innovation et de l'avancement technologique de WBCIL.","breadcrumb":{"@id":"https:\/\/www.wbcil.com\/fr\/recherche-et-developpement\/#breadcrumb"},"inLanguage":"fr-FR","potentialAction":[{"@type":"ReadAction","target":["https:\/\/www.wbcil.com\/fr\/recherche-et-developpement\/"]}]},{"@type":"ImageObject","inLanguage":"fr-FR","@id":"https:\/\/www.wbcil.com\/fr\/recherche-et-developpement\/#primaryimage","url":"https:\/\/www.wbcil.com\/wp-content\/uploads\/2023\/12\/wbcil-thumb.webp","contentUrl":"https:\/\/www.wbcil.com\/wp-content\/uploads\/2023\/12\/wbcil-thumb.webp","width":600,"height":600,"caption":"Pharmaceutical research and development"},{"@type":"BreadcrumbList","@id":"https:\/\/www.wbcil.com\/fr\/recherche-et-developpement\/#breadcrumb","itemListElement":[{"@type":"ListItem","position":1,"name":"WBCIL","item":"https:\/\/www.wbcil.com\/fr\/"},{"@type":"ListItem","position":2,"name":"Recherche et d\u00e9veloppement (RND) \u00e0 WBCIL"}]},{"@type":"WebSite","@id":"https:\/\/www.wbcil.com\/fr\/#website","url":"https:\/\/www.wbcil.com\/fr\/","name":"West Bengal Chemical Industries Limited","description":"Fabricant d'API et de produits pharmaceutiques fins en Inde","publisher":{"@id":"https:\/\/www.wbcil.com\/fr\/#organization"},"alternateName":"API & Fine Pharmaceutical Companies - Manufacturers in India","potentialAction":[{"@type":"SearchAction","target":{"@type":"EntryPoint","urlTemplate":"https:\/\/www.wbcil.com\/fr\/?s={search_term_string}"},"query-input":{"@type":"PropertyValueSpecification","valueRequired":true,"valueName":"search_term_string"}}],"inLanguage":"fr-FR"},{"@type":"Organization","@id":"https:\/\/www.wbcil.com\/fr\/#organization","name":"West Bengal Chemical Industries Limited","alternateName":"WBCIL","url":"https:\/\/www.wbcil.com\/fr\/","logo":{"@type":"ImageObject","inLanguage":"fr-FR","@id":"https:\/\/www.wbcil.com\/fr\/#\/schema\/logo\/image\/","url":"https:\/\/www.wbcil.com\/wp-content\/uploads\/2023\/09\/west-bengal-chemical-industries-limited-logo.webp","contentUrl":"https:\/\/www.wbcil.com\/wp-content\/uploads\/2023\/09\/west-bengal-chemical-industries-limited-logo.webp","width":411,"height":80,"caption":"West Bengal Chemical Industries Limited"},"image":{"@id":"https:\/\/www.wbcil.com\/fr\/#\/schema\/logo\/image\/"},"sameAs":["https:\/\/www.facebook.com\/wbcilindia","https:\/\/www.linkedin.com\/company\/5808423\/"]}]}},"_links":{"self":[{"href":"https:\/\/www.wbcil.com\/fr\/wp-json\/wp\/v2\/pages\/14689","targetHints":{"allow":["GET"]}}],"collection":[{"href":"https:\/\/www.wbcil.com\/fr\/wp-json\/wp\/v2\/pages"}],"about":[{"href":"https:\/\/www.wbcil.com\/fr\/wp-json\/wp\/v2\/types\/page"}],"author":[{"embeddable":true,"href":"https:\/\/www.wbcil.com\/fr\/wp-json\/wp\/v2\/users\/1"}],"replies":[{"embeddable":true,"href":"https:\/\/www.wbcil.com\/fr\/wp-json\/wp\/v2\/comments?post=14689"}],"version-history":[{"count":0,"href":"https:\/\/www.wbcil.com\/fr\/wp-json\/wp\/v2\/pages\/14689\/revisions"}],"wp:featuredmedia":[{"embeddable":true,"href":"https:\/\/www.wbcil.com\/fr\/wp-json\/wp\/v2\/media\/13090"}],"wp:attachment":[{"href":"https:\/\/www.wbcil.com\/fr\/wp-json\/wp\/v2\/media?parent=14689"}],"curies":[{"name":"wp","href":"https:\/\/api.w.org\/{rel}","templated":true}]}}