{"id":21223,"date":"2024-04-30T08:50:16","date_gmt":"2024-04-30T03:20:16","guid":{"rendered":"https:\/\/www.wbcil.com\/sample-request\/"},"modified":"2025-08-20T05:19:43","modified_gmt":"2025-08-19T23:49:43","slug":"sample-request","status":"publish","type":"page","link":"https:\/\/www.wbcil.com\/fr\/sample-request\/","title":{"rendered":"Demande d&rsquo;\u00e9chantillon"},"content":{"rendered":"<p>West Bengal Chemical Industries Limited is pleased to offer samples of our APIs, DC grades, premixes, and food supplements to our users. To request a sample, please complete the sample request form. We may contact you for additional details regarding your application once we review your request. Please note, sample requests are strictly for qualified commercial and research purposes.<\/p>\n<h5>Commitment to Excellence in Customer Care<\/h5>\n<p>West Bengal Chemical Industries Limited is pleased to offer samples of our APIs, DC grades, premixes, and food supplements to our users. Information about customized APIs is available. We focus on:<\/p>\n<ul>\n<li>Customization available<\/li>\n<li>Prompt Response<\/li>\n<li>High Quality Assurance<\/li>\n<li>Documentation available<\/li>\n<li>Export Globally<\/li>\n<\/ul>\n<h6>Custom Solutions, Superior Quality &#8211; WBCIL, your Trusted API Partner<\/h6>\n","protected":false},"excerpt":{"rendered":"<p>West Bengal Chemical Industries Limited is pleased to offer samples of our APIs, DC grades, premixes, and food supplements to our users. To request a sample, please complete the sample request form. We may contact you for additional details regarding your application once we review your request. Please note, sample requests are strictly for qualified &hellip; <a href=\"https:\/\/www.wbcil.com\/fr\/sample-request\/\" class=\"more-link\">Continue reading<span class=\"screen-reader-text\"> \u00ab\u00a0Demande d&rsquo;\u00e9chantillon\u00a0\u00bb<\/span><\/a><\/p>\n","protected":false},"author":1,"featured_media":0,"parent":0,"menu_order":0,"comment_status":"closed","ping_status":"closed","template":"page-sample-request.php","meta":{"_acf_changed":false,"footnotes":""},"class_list":["post-21223","page","type-page","status-publish","hentry"],"acf":[],"yoast_head":"<!-- This site is optimized with the Yoast SEO plugin v27.3 - https:\/\/yoast.com\/product\/yoast-seo-wordpress\/ -->\n<title>Demande d&#039;\u00e9chantillon - West Bengal Chemical Industries Limited<\/title>\n<meta name=\"description\" content=\"Nous mettons l&#039;accent sur : Personnalisation possible, R\u00e9ponse rapide, Assurance qualit\u00e9 \u00e9lev\u00e9e, Documentation disponible, Exportation dans le monde entier.\" \/>\n<meta name=\"robots\" content=\"index, follow, max-snippet:-1, max-image-preview:large, max-video-preview:-1\" \/>\n<link rel=\"canonical\" href=\"https:\/\/www.wbcil.com\/fr\/sample-request\/\" \/>\n<meta property=\"og:locale\" content=\"fr_FR\" \/>\n<meta property=\"og:type\" content=\"article\" \/>\n<meta property=\"og:title\" content=\"Demande d&#039;\u00e9chantillon - West Bengal Chemical Industries Limited\" \/>\n<meta property=\"og:description\" content=\"Nous mettons l&#039;accent sur : Personnalisation possible, R\u00e9ponse rapide, Assurance qualit\u00e9 \u00e9lev\u00e9e, Documentation disponible, Exportation dans le monde entier.\" \/>\n<meta property=\"og:url\" content=\"https:\/\/www.wbcil.com\/fr\/sample-request\/\" \/>\n<meta property=\"og:site_name\" content=\"West Bengal Chemical Industries Limited\" \/>\n<meta property=\"article:publisher\" content=\"https:\/\/www.facebook.com\/wbcilindia\" \/>\n<meta property=\"article:modified_time\" content=\"2025-08-19T23:49:43+00:00\" \/>\n<meta property=\"og:image\" content=\"https:\/\/www.wbcil.com\/wp-content\/uploads\/2023\/08\/wbcil-welcome.webp\" \/>\n\t<meta property=\"og:image:width\" content=\"800\" \/>\n\t<meta property=\"og:image:height\" content=\"721\" \/>\n\t<meta property=\"og:image:type\" content=\"image\/webp\" \/>\n<meta name=\"twitter:card\" content=\"summary_large_image\" \/>\n<meta name=\"twitter:label1\" content=\"Dur\u00e9e de lecture estim\u00e9e\" \/>\n\t<meta name=\"twitter:data1\" content=\"1 minute\" \/>\n<script type=\"application\/ld+json\" class=\"yoast-schema-graph\">{\"@context\":\"https:\\\/\\\/schema.org\",\"@graph\":[{\"@type\":\"WebPage\",\"@id\":\"https:\\\/\\\/www.wbcil.com\\\/fr\\\/sample-request\\\/\",\"url\":\"https:\\\/\\\/www.wbcil.com\\\/fr\\\/sample-request\\\/\",\"name\":\"Demande d'\u00e9chantillon - West Bengal Chemical Industries Limited\",\"isPartOf\":{\"@id\":\"https:\\\/\\\/www.wbcil.com\\\/fr\\\/#website\"},\"datePublished\":\"2024-04-30T03:20:16+00:00\",\"dateModified\":\"2025-08-19T23:49:43+00:00\",\"description\":\"Nous mettons l'accent sur : Personnalisation possible, R\u00e9ponse rapide, Assurance qualit\u00e9 \u00e9lev\u00e9e, Documentation disponible, Exportation dans le monde entier.\",\"breadcrumb\":{\"@id\":\"https:\\\/\\\/www.wbcil.com\\\/fr\\\/sample-request\\\/#breadcrumb\"},\"inLanguage\":\"fr-FR\",\"potentialAction\":[{\"@type\":\"ReadAction\",\"target\":[\"https:\\\/\\\/www.wbcil.com\\\/fr\\\/sample-request\\\/\"]}]},{\"@type\":\"BreadcrumbList\",\"@id\":\"https:\\\/\\\/www.wbcil.com\\\/fr\\\/sample-request\\\/#breadcrumb\",\"itemListElement\":[{\"@type\":\"ListItem\",\"position\":1,\"name\":\"WBCIL\",\"item\":\"https:\\\/\\\/www.wbcil.com\\\/fr\\\/\"},{\"@type\":\"ListItem\",\"position\":2,\"name\":\"Demande d&rsquo;\u00e9chantillon\"}]},{\"@type\":\"WebSite\",\"@id\":\"https:\\\/\\\/www.wbcil.com\\\/fr\\\/#website\",\"url\":\"https:\\\/\\\/www.wbcil.com\\\/fr\\\/\",\"name\":\"West Bengal Chemical Industries Limited\",\"description\":\"Fabricant d'API et de produits pharmaceutiques fins en Inde\",\"publisher\":{\"@id\":\"https:\\\/\\\/www.wbcil.com\\\/fr\\\/#organization\"},\"alternateName\":\"API & Fine Pharmaceutical Companies - Manufacturers in India\",\"potentialAction\":[{\"@type\":\"SearchAction\",\"target\":{\"@type\":\"EntryPoint\",\"urlTemplate\":\"https:\\\/\\\/www.wbcil.com\\\/fr\\\/?s={search_term_string}\"},\"query-input\":{\"@type\":\"PropertyValueSpecification\",\"valueRequired\":true,\"valueName\":\"search_term_string\"}}],\"inLanguage\":\"fr-FR\"},{\"@type\":\"Organization\",\"@id\":\"https:\\\/\\\/www.wbcil.com\\\/fr\\\/#organization\",\"name\":\"West Bengal Chemical Industries Limited\",\"alternateName\":\"WBCIL\",\"url\":\"https:\\\/\\\/www.wbcil.com\\\/fr\\\/\",\"logo\":{\"@type\":\"ImageObject\",\"inLanguage\":\"fr-FR\",\"@id\":\"https:\\\/\\\/www.wbcil.com\\\/fr\\\/#\\\/schema\\\/logo\\\/image\\\/\",\"url\":\"https:\\\/\\\/www.wbcil.com\\\/wp-content\\\/uploads\\\/2023\\\/09\\\/west-bengal-chemical-industries-limited-logo.webp\",\"contentUrl\":\"https:\\\/\\\/www.wbcil.com\\\/wp-content\\\/uploads\\\/2023\\\/09\\\/west-bengal-chemical-industries-limited-logo.webp\",\"width\":411,\"height\":80,\"caption\":\"West Bengal Chemical Industries Limited\"},\"image\":{\"@id\":\"https:\\\/\\\/www.wbcil.com\\\/fr\\\/#\\\/schema\\\/logo\\\/image\\\/\"},\"sameAs\":[\"https:\\\/\\\/www.facebook.com\\\/wbcilindia\",\"https:\\\/\\\/www.linkedin.com\\\/company\\\/5808423\\\/\"]}]}<\/script>\n<!-- \/ Yoast SEO plugin. -->","yoast_head_json":{"title":"Demande d'\u00e9chantillon - West Bengal Chemical Industries Limited","description":"Nous mettons l'accent sur : Personnalisation possible, R\u00e9ponse rapide, Assurance qualit\u00e9 \u00e9lev\u00e9e, Documentation disponible, Exportation dans le monde entier.","robots":{"index":"index","follow":"follow","max-snippet":"max-snippet:-1","max-image-preview":"max-image-preview:large","max-video-preview":"max-video-preview:-1"},"canonical":"https:\/\/www.wbcil.com\/fr\/sample-request\/","og_locale":"fr_FR","og_type":"article","og_title":"Demande d'\u00e9chantillon - West Bengal Chemical Industries Limited","og_description":"Nous mettons l'accent sur : Personnalisation possible, R\u00e9ponse rapide, Assurance qualit\u00e9 \u00e9lev\u00e9e, Documentation disponible, Exportation dans le monde entier.","og_url":"https:\/\/www.wbcil.com\/fr\/sample-request\/","og_site_name":"West Bengal Chemical Industries Limited","article_publisher":"https:\/\/www.facebook.com\/wbcilindia","article_modified_time":"2025-08-19T23:49:43+00:00","og_image":[{"width":800,"height":721,"url":"https:\/\/www.wbcil.com\/wp-content\/uploads\/2023\/08\/wbcil-welcome.webp","type":"image\/webp"}],"twitter_card":"summary_large_image","twitter_misc":{"Dur\u00e9e de lecture estim\u00e9e":"1 minute"},"schema":{"@context":"https:\/\/schema.org","@graph":[{"@type":"WebPage","@id":"https:\/\/www.wbcil.com\/fr\/sample-request\/","url":"https:\/\/www.wbcil.com\/fr\/sample-request\/","name":"Demande d'\u00e9chantillon - West Bengal Chemical Industries Limited","isPartOf":{"@id":"https:\/\/www.wbcil.com\/fr\/#website"},"datePublished":"2024-04-30T03:20:16+00:00","dateModified":"2025-08-19T23:49:43+00:00","description":"Nous mettons l'accent sur : Personnalisation possible, R\u00e9ponse rapide, Assurance qualit\u00e9 \u00e9lev\u00e9e, Documentation disponible, Exportation dans le monde entier.","breadcrumb":{"@id":"https:\/\/www.wbcil.com\/fr\/sample-request\/#breadcrumb"},"inLanguage":"fr-FR","potentialAction":[{"@type":"ReadAction","target":["https:\/\/www.wbcil.com\/fr\/sample-request\/"]}]},{"@type":"BreadcrumbList","@id":"https:\/\/www.wbcil.com\/fr\/sample-request\/#breadcrumb","itemListElement":[{"@type":"ListItem","position":1,"name":"WBCIL","item":"https:\/\/www.wbcil.com\/fr\/"},{"@type":"ListItem","position":2,"name":"Demande d&rsquo;\u00e9chantillon"}]},{"@type":"WebSite","@id":"https:\/\/www.wbcil.com\/fr\/#website","url":"https:\/\/www.wbcil.com\/fr\/","name":"West Bengal Chemical Industries Limited","description":"Fabricant d'API et de produits pharmaceutiques fins en Inde","publisher":{"@id":"https:\/\/www.wbcil.com\/fr\/#organization"},"alternateName":"API & Fine Pharmaceutical Companies - Manufacturers in India","potentialAction":[{"@type":"SearchAction","target":{"@type":"EntryPoint","urlTemplate":"https:\/\/www.wbcil.com\/fr\/?s={search_term_string}"},"query-input":{"@type":"PropertyValueSpecification","valueRequired":true,"valueName":"search_term_string"}}],"inLanguage":"fr-FR"},{"@type":"Organization","@id":"https:\/\/www.wbcil.com\/fr\/#organization","name":"West Bengal Chemical Industries Limited","alternateName":"WBCIL","url":"https:\/\/www.wbcil.com\/fr\/","logo":{"@type":"ImageObject","inLanguage":"fr-FR","@id":"https:\/\/www.wbcil.com\/fr\/#\/schema\/logo\/image\/","url":"https:\/\/www.wbcil.com\/wp-content\/uploads\/2023\/09\/west-bengal-chemical-industries-limited-logo.webp","contentUrl":"https:\/\/www.wbcil.com\/wp-content\/uploads\/2023\/09\/west-bengal-chemical-industries-limited-logo.webp","width":411,"height":80,"caption":"West Bengal Chemical Industries Limited"},"image":{"@id":"https:\/\/www.wbcil.com\/fr\/#\/schema\/logo\/image\/"},"sameAs":["https:\/\/www.facebook.com\/wbcilindia","https:\/\/www.linkedin.com\/company\/5808423\/"]}]}},"_links":{"self":[{"href":"https:\/\/www.wbcil.com\/fr\/wp-json\/wp\/v2\/pages\/21223","targetHints":{"allow":["GET"]}}],"collection":[{"href":"https:\/\/www.wbcil.com\/fr\/wp-json\/wp\/v2\/pages"}],"about":[{"href":"https:\/\/www.wbcil.com\/fr\/wp-json\/wp\/v2\/types\/page"}],"author":[{"embeddable":true,"href":"https:\/\/www.wbcil.com\/fr\/wp-json\/wp\/v2\/users\/1"}],"replies":[{"embeddable":true,"href":"https:\/\/www.wbcil.com\/fr\/wp-json\/wp\/v2\/comments?post=21223"}],"version-history":[{"count":0,"href":"https:\/\/www.wbcil.com\/fr\/wp-json\/wp\/v2\/pages\/21223\/revisions"}],"wp:attachment":[{"href":"https:\/\/www.wbcil.com\/fr\/wp-json\/wp\/v2\/media?parent=21223"}],"curies":[{"name":"wp","href":"https:\/\/api.w.org\/{rel}","templated":true}]}}