{"id":22603,"date":"2023-08-02T10:58:09","date_gmt":"2023-08-02T05:28:09","guid":{"rendered":"https:\/\/www.wbcil.com\/cookies\/"},"modified":"2026-03-11T12:35:10","modified_gmt":"2026-03-11T07:05:10","slug":"cookies","status":"publish","type":"page","link":"https:\/\/www.wbcil.com\/fr\/cookies\/","title":{"rendered":"Cookies"},"content":{"rendered":"<p>Nous utilisons des cookies et des technologies de suivi similaires pour suivre l&rsquo;activit\u00e9 sur notre service et stocker certaines informations. Les technologies de suivi utilis\u00e9es sont des balises, des tags et des scripts qui permettent de collecter et de suivre des informations afin d&rsquo;am\u00e9liorer et d&rsquo;analyser notre service. Nous pouvons traiter des donn\u00e9es personnelles, telles que les adresses IP, \u00e0 des fins de personnalisation des publicit\u00e9s et du contenu, ainsi que pour mesurer l&rsquo;efficacit\u00e9 des publicit\u00e9s et du contenu. Pour en savoir plus sur la mani\u00e8re dont nous traitons vos donn\u00e9es, veuillez consulter notre politique de confidentialit\u00e9. Vous trouverez ici un r\u00e9sum\u00e9 de tous les cookies utilis\u00e9s sur notre site web. Vous pouvez accepter des cat\u00e9gories enti\u00e8res ou obtenir plus d&rsquo;informations pour s\u00e9lectionner des cookies sp\u00e9cifiques.<\/p>\n<h2>Qu&rsquo;est-ce qu&rsquo;un cookie ?<\/h2>\n<p>En substance, un cookie est un petit fichier de donn\u00e9es qu&rsquo;un site web demande \u00e0 votre navigateur d&rsquo;enregistrer sur votre ordinateur ou votre appareil mobile chaque fois que vous le visitez. Cela permet au site web de \u00ab m\u00e9moriser \u00bb vos pr\u00e9f\u00e9rences ou vos actions pendant un certain temps. Bien que la plupart des navigateurs autorisent les cookies, les utilisateurs ont la possibilit\u00e9 de les refuser ou de les supprimer. Il existe deux types de cookies : les cookies de session, qui sont effac\u00e9s lorsque vous quittez votre navigateur, et les cookies permanents, qui persistent jusqu&rsquo;\u00e0 leur date d&rsquo;expiration ou leur suppression de votre cache. Lorsque vous revisitez un site web, les cookies permanents lui permettent de r\u00e9cup\u00e9rer des informations sp\u00e9cifiques sur votre activit\u00e9 pr\u00e9c\u00e9dente. De plus, les cookies peuvent stocker temporairement des donn\u00e9es anonymes sur l&rsquo;utilisation du site web et les utilisateurs. Si certains cookies sont n\u00e9cessaires \u00e0 l&rsquo;utilisation du site web, d&rsquo;autres permettent de personnaliser et d&rsquo;optimiser le contenu, de collecter les pr\u00e9f\u00e9rences des utilisateurs, de surveiller l&rsquo;audience du site web, de d\u00e9tecter les erreurs et de s\u00e9curiser l&rsquo;acc\u00e8s.<\/p>\n<h3>Comment contr\u00f4ler les cookies ?<\/h3>\n<p>Si vous pr\u00e9f\u00e9rez ne pas recevoir de cookies, vous avez la possibilit\u00e9 de r\u00e9gler les param\u00e8tres de votre navigateur afin de recevoir des notifications lorsque des cookies sont envoy\u00e9s ou de les refuser compl\u00e8tement. De plus, vous pouvez supprimer tous les cookies qui ont d\u00e9j\u00e0 \u00e9t\u00e9 stock\u00e9s. Si vous souhaitez limiter ou emp\u00eacher l&rsquo;installation de cookies de navigateur Web sur votre appareil, vous pouvez le faire via les param\u00e8tres de votre navigateur. Veuillez toutefois noter que la d\u00e9sactivation des cookies peut restreindre votre acc\u00e8s \u00e0 certaines fonctionnalit\u00e9s de nos sites Web.<\/p>\n","protected":false},"excerpt":{"rendered":"<p>Nous utilisons des cookies et des technologies de suivi similaires pour suivre l&rsquo;activit\u00e9 sur notre service et stocker certaines informations. Les technologies de suivi utilis\u00e9es sont des balises, des tags et des scripts qui permettent de collecter et de suivre des informations afin d&rsquo;am\u00e9liorer et d&rsquo;analyser notre service. Nous pouvons traiter des donn\u00e9es personnelles, telles &hellip; <a href=\"https:\/\/www.wbcil.com\/fr\/cookies\/\" class=\"more-link\">Continue reading<span class=\"screen-reader-text\"> \u00ab\u00a0Cookies\u00a0\u00bb<\/span><\/a><\/p>\n","protected":false},"author":1,"featured_media":0,"parent":0,"menu_order":0,"comment_status":"closed","ping_status":"closed","template":"","meta":{"_acf_changed":false,"footnotes":""},"class_list":["post-22603","page","type-page","status-publish","hentry"],"acf":[],"yoast_head":"<!-- This site is optimized with the Yoast SEO plugin v27.3 - https:\/\/yoast.com\/product\/yoast-seo-wordpress\/ -->\n<title>Cookies | Scripts pour collecter des informations<\/title>\n<meta name=\"description\" content=\"Nous utilisons des cookies et des technologies de suivi similaires pour suivre l&#039;activit\u00e9 sur notre service et stocker certaines informations.\" \/>\n<meta name=\"robots\" content=\"index, follow, max-snippet:-1, max-image-preview:large, max-video-preview:-1\" \/>\n<link rel=\"canonical\" href=\"https:\/\/www.wbcil.com\/fr\/cookies\/\" \/>\n<meta property=\"og:locale\" content=\"fr_FR\" \/>\n<meta property=\"og:type\" content=\"article\" \/>\n<meta property=\"og:title\" content=\"Cookies | Scripts pour collecter des informations\" \/>\n<meta property=\"og:description\" content=\"Nous utilisons des cookies et des technologies de suivi similaires pour suivre l&#039;activit\u00e9 sur notre service et stocker certaines informations.\" \/>\n<meta property=\"og:url\" content=\"https:\/\/www.wbcil.com\/fr\/cookies\/\" \/>\n<meta property=\"og:site_name\" content=\"West Bengal Chemical Industries Limited\" \/>\n<meta property=\"article:publisher\" content=\"https:\/\/www.facebook.com\/wbcilindia\" \/>\n<meta property=\"article:modified_time\" content=\"2026-03-11T07:05:10+00:00\" \/>\n<meta property=\"og:image\" content=\"https:\/\/www.wbcil.com\/wp-content\/uploads\/2023\/08\/wbcil-welcome.webp\" \/>\n\t<meta property=\"og:image:width\" content=\"800\" \/>\n\t<meta property=\"og:image:height\" content=\"721\" \/>\n\t<meta property=\"og:image:type\" content=\"image\/webp\" \/>\n<meta name=\"twitter:card\" content=\"summary_large_image\" \/>\n<meta name=\"twitter:label1\" content=\"Dur\u00e9e de lecture estim\u00e9e\" \/>\n\t<meta name=\"twitter:data1\" content=\"2 minutes\" \/>\n<script type=\"application\/ld+json\" class=\"yoast-schema-graph\">{\"@context\":\"https:\\\/\\\/schema.org\",\"@graph\":[{\"@type\":\"WebPage\",\"@id\":\"https:\\\/\\\/www.wbcil.com\\\/fr\\\/cookies\\\/\",\"url\":\"https:\\\/\\\/www.wbcil.com\\\/fr\\\/cookies\\\/\",\"name\":\"Cookies | Scripts pour collecter des informations\",\"isPartOf\":{\"@id\":\"https:\\\/\\\/www.wbcil.com\\\/fr\\\/#website\"},\"datePublished\":\"2023-08-02T05:28:09+00:00\",\"dateModified\":\"2026-03-11T07:05:10+00:00\",\"description\":\"Nous utilisons des cookies et des technologies de suivi similaires pour suivre l'activit\u00e9 sur notre service et stocker certaines informations.\",\"breadcrumb\":{\"@id\":\"https:\\\/\\\/www.wbcil.com\\\/fr\\\/cookies\\\/#breadcrumb\"},\"inLanguage\":\"fr-FR\",\"potentialAction\":[{\"@type\":\"ReadAction\",\"target\":[\"https:\\\/\\\/www.wbcil.com\\\/fr\\\/cookies\\\/\"]}]},{\"@type\":\"BreadcrumbList\",\"@id\":\"https:\\\/\\\/www.wbcil.com\\\/fr\\\/cookies\\\/#breadcrumb\",\"itemListElement\":[{\"@type\":\"ListItem\",\"position\":1,\"name\":\"WBCIL\",\"item\":\"https:\\\/\\\/www.wbcil.com\\\/fr\\\/\"},{\"@type\":\"ListItem\",\"position\":2,\"name\":\"Cookies\"}]},{\"@type\":\"WebSite\",\"@id\":\"https:\\\/\\\/www.wbcil.com\\\/fr\\\/#website\",\"url\":\"https:\\\/\\\/www.wbcil.com\\\/fr\\\/\",\"name\":\"West Bengal Chemical Industries Limited\",\"description\":\"Fabricant d'API et de produits pharmaceutiques fins en Inde\",\"publisher\":{\"@id\":\"https:\\\/\\\/www.wbcil.com\\\/fr\\\/#organization\"},\"alternateName\":\"API & Fine Pharmaceutical Companies - Manufacturers in India\",\"potentialAction\":[{\"@type\":\"SearchAction\",\"target\":{\"@type\":\"EntryPoint\",\"urlTemplate\":\"https:\\\/\\\/www.wbcil.com\\\/fr\\\/?s={search_term_string}\"},\"query-input\":{\"@type\":\"PropertyValueSpecification\",\"valueRequired\":true,\"valueName\":\"search_term_string\"}}],\"inLanguage\":\"fr-FR\"},{\"@type\":\"Organization\",\"@id\":\"https:\\\/\\\/www.wbcil.com\\\/fr\\\/#organization\",\"name\":\"West Bengal Chemical Industries Limited\",\"alternateName\":\"WBCIL\",\"url\":\"https:\\\/\\\/www.wbcil.com\\\/fr\\\/\",\"logo\":{\"@type\":\"ImageObject\",\"inLanguage\":\"fr-FR\",\"@id\":\"https:\\\/\\\/www.wbcil.com\\\/fr\\\/#\\\/schema\\\/logo\\\/image\\\/\",\"url\":\"https:\\\/\\\/www.wbcil.com\\\/wp-content\\\/uploads\\\/2023\\\/09\\\/west-bengal-chemical-industries-limited-logo.webp\",\"contentUrl\":\"https:\\\/\\\/www.wbcil.com\\\/wp-content\\\/uploads\\\/2023\\\/09\\\/west-bengal-chemical-industries-limited-logo.webp\",\"width\":411,\"height\":80,\"caption\":\"West Bengal Chemical Industries Limited\"},\"image\":{\"@id\":\"https:\\\/\\\/www.wbcil.com\\\/fr\\\/#\\\/schema\\\/logo\\\/image\\\/\"},\"sameAs\":[\"https:\\\/\\\/www.facebook.com\\\/wbcilindia\",\"https:\\\/\\\/www.linkedin.com\\\/company\\\/5808423\\\/\"]}]}<\/script>\n<!-- \/ Yoast SEO plugin. -->","yoast_head_json":{"title":"Cookies | Scripts pour collecter des informations","description":"Nous utilisons des cookies et des technologies de suivi similaires pour suivre l'activit\u00e9 sur notre service et stocker certaines informations.","robots":{"index":"index","follow":"follow","max-snippet":"max-snippet:-1","max-image-preview":"max-image-preview:large","max-video-preview":"max-video-preview:-1"},"canonical":"https:\/\/www.wbcil.com\/fr\/cookies\/","og_locale":"fr_FR","og_type":"article","og_title":"Cookies | Scripts pour collecter des informations","og_description":"Nous utilisons des cookies et des technologies de suivi similaires pour suivre l'activit\u00e9 sur notre service et stocker certaines informations.","og_url":"https:\/\/www.wbcil.com\/fr\/cookies\/","og_site_name":"West Bengal Chemical Industries Limited","article_publisher":"https:\/\/www.facebook.com\/wbcilindia","article_modified_time":"2026-03-11T07:05:10+00:00","og_image":[{"width":800,"height":721,"url":"https:\/\/www.wbcil.com\/wp-content\/uploads\/2023\/08\/wbcil-welcome.webp","type":"image\/webp"}],"twitter_card":"summary_large_image","twitter_misc":{"Dur\u00e9e de lecture estim\u00e9e":"2 minutes"},"schema":{"@context":"https:\/\/schema.org","@graph":[{"@type":"WebPage","@id":"https:\/\/www.wbcil.com\/fr\/cookies\/","url":"https:\/\/www.wbcil.com\/fr\/cookies\/","name":"Cookies | Scripts pour collecter des informations","isPartOf":{"@id":"https:\/\/www.wbcil.com\/fr\/#website"},"datePublished":"2023-08-02T05:28:09+00:00","dateModified":"2026-03-11T07:05:10+00:00","description":"Nous utilisons des cookies et des technologies de suivi similaires pour suivre l'activit\u00e9 sur notre service et stocker certaines informations.","breadcrumb":{"@id":"https:\/\/www.wbcil.com\/fr\/cookies\/#breadcrumb"},"inLanguage":"fr-FR","potentialAction":[{"@type":"ReadAction","target":["https:\/\/www.wbcil.com\/fr\/cookies\/"]}]},{"@type":"BreadcrumbList","@id":"https:\/\/www.wbcil.com\/fr\/cookies\/#breadcrumb","itemListElement":[{"@type":"ListItem","position":1,"name":"WBCIL","item":"https:\/\/www.wbcil.com\/fr\/"},{"@type":"ListItem","position":2,"name":"Cookies"}]},{"@type":"WebSite","@id":"https:\/\/www.wbcil.com\/fr\/#website","url":"https:\/\/www.wbcil.com\/fr\/","name":"West Bengal Chemical Industries Limited","description":"Fabricant d'API et de produits pharmaceutiques fins en Inde","publisher":{"@id":"https:\/\/www.wbcil.com\/fr\/#organization"},"alternateName":"API & Fine Pharmaceutical Companies - Manufacturers in India","potentialAction":[{"@type":"SearchAction","target":{"@type":"EntryPoint","urlTemplate":"https:\/\/www.wbcil.com\/fr\/?s={search_term_string}"},"query-input":{"@type":"PropertyValueSpecification","valueRequired":true,"valueName":"search_term_string"}}],"inLanguage":"fr-FR"},{"@type":"Organization","@id":"https:\/\/www.wbcil.com\/fr\/#organization","name":"West Bengal Chemical Industries Limited","alternateName":"WBCIL","url":"https:\/\/www.wbcil.com\/fr\/","logo":{"@type":"ImageObject","inLanguage":"fr-FR","@id":"https:\/\/www.wbcil.com\/fr\/#\/schema\/logo\/image\/","url":"https:\/\/www.wbcil.com\/wp-content\/uploads\/2023\/09\/west-bengal-chemical-industries-limited-logo.webp","contentUrl":"https:\/\/www.wbcil.com\/wp-content\/uploads\/2023\/09\/west-bengal-chemical-industries-limited-logo.webp","width":411,"height":80,"caption":"West Bengal Chemical Industries Limited"},"image":{"@id":"https:\/\/www.wbcil.com\/fr\/#\/schema\/logo\/image\/"},"sameAs":["https:\/\/www.facebook.com\/wbcilindia","https:\/\/www.linkedin.com\/company\/5808423\/"]}]}},"_links":{"self":[{"href":"https:\/\/www.wbcil.com\/fr\/wp-json\/wp\/v2\/pages\/22603","targetHints":{"allow":["GET"]}}],"collection":[{"href":"https:\/\/www.wbcil.com\/fr\/wp-json\/wp\/v2\/pages"}],"about":[{"href":"https:\/\/www.wbcil.com\/fr\/wp-json\/wp\/v2\/types\/page"}],"author":[{"embeddable":true,"href":"https:\/\/www.wbcil.com\/fr\/wp-json\/wp\/v2\/users\/1"}],"replies":[{"embeddable":true,"href":"https:\/\/www.wbcil.com\/fr\/wp-json\/wp\/v2\/comments?post=22603"}],"version-history":[{"count":0,"href":"https:\/\/www.wbcil.com\/fr\/wp-json\/wp\/v2\/pages\/22603\/revisions"}],"wp:attachment":[{"href":"https:\/\/www.wbcil.com\/fr\/wp-json\/wp\/v2\/media?parent=22603"}],"curies":[{"name":"wp","href":"https:\/\/api.w.org\/{rel}","templated":true}]}}