{"id":22678,"date":"2023-08-02T10:55:03","date_gmt":"2023-08-02T05:25:03","guid":{"rendered":"https:\/\/www.wbcil.com\/quality-regulatory\/"},"modified":"2025-08-20T19:53:13","modified_gmt":"2025-08-20T14:23:13","slug":"qualite-et-reglementation","status":"publish","type":"page","link":"https:\/\/www.wbcil.com\/fr\/qualite-et-reglementation\/","title":{"rendered":"Qualit\u00e9 et R\u00e9glementation"},"content":{"rendered":"","protected":false},"excerpt":{"rendered":"","protected":false},"author":1,"featured_media":0,"parent":0,"menu_order":0,"comment_status":"closed","ping_status":"closed","template":"","meta":{"_acf_changed":false,"footnotes":""},"class_list":["post-22678","page","type-page","status-publish","hentry"],"acf":[],"yoast_head":"<!-- This site is optimized with the Yoast SEO plugin v27.3 - https:\/\/yoast.com\/product\/yoast-seo-wordpress\/ -->\n<title>Qualit\u00e9 et R\u00e9glementation - West Bengal Chemical Industries Limited<\/title>\n<meta name=\"description\" content=\"D\u00e9couvrez WBCIL, l&#039;un des principaux fabricants d&#039;API pharmaceutiques engag\u00e9s dans l&#039;excellence en mati\u00e8re de qualit\u00e9 et de r\u00e9glementation. Explorez nos installations de pointe.\" \/>\n<meta name=\"robots\" content=\"index, follow, max-snippet:-1, max-image-preview:large, max-video-preview:-1\" \/>\n<link rel=\"canonical\" href=\"https:\/\/www.wbcil.com\/fr\/qualite-et-reglementation\/\" \/>\n<meta property=\"og:locale\" content=\"fr_FR\" \/>\n<meta property=\"og:type\" content=\"article\" \/>\n<meta property=\"og:title\" content=\"Qualit\u00e9 et R\u00e9glementation - West Bengal Chemical Industries Limited\" \/>\n<meta property=\"og:description\" content=\"D\u00e9couvrez WBCIL, l&#039;un des principaux fabricants d&#039;API pharmaceutiques engag\u00e9s dans l&#039;excellence en mati\u00e8re de qualit\u00e9 et de r\u00e9glementation. Explorez nos installations de pointe.\" \/>\n<meta property=\"og:url\" content=\"https:\/\/www.wbcil.com\/fr\/qualite-et-reglementation\/\" \/>\n<meta property=\"og:site_name\" content=\"West Bengal Chemical Industries Limited\" \/>\n<meta property=\"article:publisher\" content=\"https:\/\/www.facebook.com\/wbcilindia\" \/>\n<meta property=\"article:modified_time\" content=\"2025-08-20T14:23:13+00:00\" \/>\n<meta property=\"og:image\" content=\"https:\/\/www.wbcil.com\/wp-content\/uploads\/2023\/08\/wbcil-welcome.webp\" \/>\n\t<meta property=\"og:image:width\" content=\"800\" \/>\n\t<meta property=\"og:image:height\" content=\"721\" \/>\n\t<meta property=\"og:image:type\" content=\"image\/webp\" \/>\n<meta name=\"twitter:card\" content=\"summary_large_image\" \/>\n<script type=\"application\/ld+json\" class=\"yoast-schema-graph\">{\"@context\":\"https:\\\/\\\/schema.org\",\"@graph\":[{\"@type\":\"WebPage\",\"@id\":\"https:\\\/\\\/www.wbcil.com\\\/fr\\\/qualite-et-reglementation\\\/\",\"url\":\"https:\\\/\\\/www.wbcil.com\\\/fr\\\/qualite-et-reglementation\\\/\",\"name\":\"Qualit\u00e9 et R\u00e9glementation - West Bengal Chemical Industries Limited\",\"isPartOf\":{\"@id\":\"https:\\\/\\\/www.wbcil.com\\\/fr\\\/#website\"},\"datePublished\":\"2023-08-02T05:25:03+00:00\",\"dateModified\":\"2025-08-20T14:23:13+00:00\",\"description\":\"D\u00e9couvrez WBCIL, l'un des principaux fabricants d'API pharmaceutiques engag\u00e9s dans l'excellence en mati\u00e8re de qualit\u00e9 et de r\u00e9glementation. Explorez nos installations de pointe.\",\"breadcrumb\":{\"@id\":\"https:\\\/\\\/www.wbcil.com\\\/fr\\\/qualite-et-reglementation\\\/#breadcrumb\"},\"inLanguage\":\"fr-FR\",\"potentialAction\":[{\"@type\":\"ReadAction\",\"target\":[\"https:\\\/\\\/www.wbcil.com\\\/fr\\\/qualite-et-reglementation\\\/\"]}]},{\"@type\":\"BreadcrumbList\",\"@id\":\"https:\\\/\\\/www.wbcil.com\\\/fr\\\/qualite-et-reglementation\\\/#breadcrumb\",\"itemListElement\":[{\"@type\":\"ListItem\",\"position\":1,\"name\":\"WBCIL\",\"item\":\"https:\\\/\\\/www.wbcil.com\\\/fr\\\/\"},{\"@type\":\"ListItem\",\"position\":2,\"name\":\"Qualit\u00e9 et R\u00e9glementation\"}]},{\"@type\":\"WebSite\",\"@id\":\"https:\\\/\\\/www.wbcil.com\\\/fr\\\/#website\",\"url\":\"https:\\\/\\\/www.wbcil.com\\\/fr\\\/\",\"name\":\"West Bengal Chemical Industries Limited\",\"description\":\"Fabricant d'API et de produits pharmaceutiques fins en Inde\",\"publisher\":{\"@id\":\"https:\\\/\\\/www.wbcil.com\\\/fr\\\/#organization\"},\"alternateName\":\"API & Fine Pharmaceutical Companies - Manufacturers in India\",\"potentialAction\":[{\"@type\":\"SearchAction\",\"target\":{\"@type\":\"EntryPoint\",\"urlTemplate\":\"https:\\\/\\\/www.wbcil.com\\\/fr\\\/?s={search_term_string}\"},\"query-input\":{\"@type\":\"PropertyValueSpecification\",\"valueRequired\":true,\"valueName\":\"search_term_string\"}}],\"inLanguage\":\"fr-FR\"},{\"@type\":\"Organization\",\"@id\":\"https:\\\/\\\/www.wbcil.com\\\/fr\\\/#organization\",\"name\":\"West Bengal Chemical Industries Limited\",\"alternateName\":\"WBCIL\",\"url\":\"https:\\\/\\\/www.wbcil.com\\\/fr\\\/\",\"logo\":{\"@type\":\"ImageObject\",\"inLanguage\":\"fr-FR\",\"@id\":\"https:\\\/\\\/www.wbcil.com\\\/fr\\\/#\\\/schema\\\/logo\\\/image\\\/\",\"url\":\"https:\\\/\\\/www.wbcil.com\\\/wp-content\\\/uploads\\\/2023\\\/09\\\/west-bengal-chemical-industries-limited-logo.webp\",\"contentUrl\":\"https:\\\/\\\/www.wbcil.com\\\/wp-content\\\/uploads\\\/2023\\\/09\\\/west-bengal-chemical-industries-limited-logo.webp\",\"width\":411,\"height\":80,\"caption\":\"West Bengal Chemical Industries Limited\"},\"image\":{\"@id\":\"https:\\\/\\\/www.wbcil.com\\\/fr\\\/#\\\/schema\\\/logo\\\/image\\\/\"},\"sameAs\":[\"https:\\\/\\\/www.facebook.com\\\/wbcilindia\",\"https:\\\/\\\/www.linkedin.com\\\/company\\\/5808423\\\/\"]}]}<\/script>\n<!-- \/ Yoast SEO plugin. -->","yoast_head_json":{"title":"Qualit\u00e9 et R\u00e9glementation - West Bengal Chemical Industries Limited","description":"D\u00e9couvrez WBCIL, l'un des principaux fabricants d'API pharmaceutiques engag\u00e9s dans l'excellence en mati\u00e8re de qualit\u00e9 et de r\u00e9glementation. Explorez nos installations de pointe.","robots":{"index":"index","follow":"follow","max-snippet":"max-snippet:-1","max-image-preview":"max-image-preview:large","max-video-preview":"max-video-preview:-1"},"canonical":"https:\/\/www.wbcil.com\/fr\/qualite-et-reglementation\/","og_locale":"fr_FR","og_type":"article","og_title":"Qualit\u00e9 et R\u00e9glementation - West Bengal Chemical Industries Limited","og_description":"D\u00e9couvrez WBCIL, l'un des principaux fabricants d'API pharmaceutiques engag\u00e9s dans l'excellence en mati\u00e8re de qualit\u00e9 et de r\u00e9glementation. Explorez nos installations de pointe.","og_url":"https:\/\/www.wbcil.com\/fr\/qualite-et-reglementation\/","og_site_name":"West Bengal Chemical Industries Limited","article_publisher":"https:\/\/www.facebook.com\/wbcilindia","article_modified_time":"2025-08-20T14:23:13+00:00","og_image":[{"width":800,"height":721,"url":"https:\/\/www.wbcil.com\/wp-content\/uploads\/2023\/08\/wbcil-welcome.webp","type":"image\/webp"}],"twitter_card":"summary_large_image","schema":{"@context":"https:\/\/schema.org","@graph":[{"@type":"WebPage","@id":"https:\/\/www.wbcil.com\/fr\/qualite-et-reglementation\/","url":"https:\/\/www.wbcil.com\/fr\/qualite-et-reglementation\/","name":"Qualit\u00e9 et R\u00e9glementation - West Bengal Chemical Industries Limited","isPartOf":{"@id":"https:\/\/www.wbcil.com\/fr\/#website"},"datePublished":"2023-08-02T05:25:03+00:00","dateModified":"2025-08-20T14:23:13+00:00","description":"D\u00e9couvrez WBCIL, l'un des principaux fabricants d'API pharmaceutiques engag\u00e9s dans l'excellence en mati\u00e8re de qualit\u00e9 et de r\u00e9glementation. Explorez nos installations de pointe.","breadcrumb":{"@id":"https:\/\/www.wbcil.com\/fr\/qualite-et-reglementation\/#breadcrumb"},"inLanguage":"fr-FR","potentialAction":[{"@type":"ReadAction","target":["https:\/\/www.wbcil.com\/fr\/qualite-et-reglementation\/"]}]},{"@type":"BreadcrumbList","@id":"https:\/\/www.wbcil.com\/fr\/qualite-et-reglementation\/#breadcrumb","itemListElement":[{"@type":"ListItem","position":1,"name":"WBCIL","item":"https:\/\/www.wbcil.com\/fr\/"},{"@type":"ListItem","position":2,"name":"Qualit\u00e9 et R\u00e9glementation"}]},{"@type":"WebSite","@id":"https:\/\/www.wbcil.com\/fr\/#website","url":"https:\/\/www.wbcil.com\/fr\/","name":"West Bengal Chemical Industries Limited","description":"Fabricant d'API et de produits pharmaceutiques fins en Inde","publisher":{"@id":"https:\/\/www.wbcil.com\/fr\/#organization"},"alternateName":"API & Fine Pharmaceutical Companies - Manufacturers in India","potentialAction":[{"@type":"SearchAction","target":{"@type":"EntryPoint","urlTemplate":"https:\/\/www.wbcil.com\/fr\/?s={search_term_string}"},"query-input":{"@type":"PropertyValueSpecification","valueRequired":true,"valueName":"search_term_string"}}],"inLanguage":"fr-FR"},{"@type":"Organization","@id":"https:\/\/www.wbcil.com\/fr\/#organization","name":"West Bengal Chemical Industries Limited","alternateName":"WBCIL","url":"https:\/\/www.wbcil.com\/fr\/","logo":{"@type":"ImageObject","inLanguage":"fr-FR","@id":"https:\/\/www.wbcil.com\/fr\/#\/schema\/logo\/image\/","url":"https:\/\/www.wbcil.com\/wp-content\/uploads\/2023\/09\/west-bengal-chemical-industries-limited-logo.webp","contentUrl":"https:\/\/www.wbcil.com\/wp-content\/uploads\/2023\/09\/west-bengal-chemical-industries-limited-logo.webp","width":411,"height":80,"caption":"West Bengal Chemical Industries Limited"},"image":{"@id":"https:\/\/www.wbcil.com\/fr\/#\/schema\/logo\/image\/"},"sameAs":["https:\/\/www.facebook.com\/wbcilindia","https:\/\/www.linkedin.com\/company\/5808423\/"]}]}},"_links":{"self":[{"href":"https:\/\/www.wbcil.com\/fr\/wp-json\/wp\/v2\/pages\/22678","targetHints":{"allow":["GET"]}}],"collection":[{"href":"https:\/\/www.wbcil.com\/fr\/wp-json\/wp\/v2\/pages"}],"about":[{"href":"https:\/\/www.wbcil.com\/fr\/wp-json\/wp\/v2\/types\/page"}],"author":[{"embeddable":true,"href":"https:\/\/www.wbcil.com\/fr\/wp-json\/wp\/v2\/users\/1"}],"replies":[{"embeddable":true,"href":"https:\/\/www.wbcil.com\/fr\/wp-json\/wp\/v2\/comments?post=22678"}],"version-history":[{"count":0,"href":"https:\/\/www.wbcil.com\/fr\/wp-json\/wp\/v2\/pages\/22678\/revisions"}],"wp:attachment":[{"href":"https:\/\/www.wbcil.com\/fr\/wp-json\/wp\/v2\/media?parent=22678"}],"curies":[{"name":"wp","href":"https:\/\/api.w.org\/{rel}","templated":true}]}}