{"id":53278,"date":"2025-05-10T11:01:44","date_gmt":"2025-05-10T05:31:44","guid":{"rendered":"https:\/\/www.wbcil.com\/liposomal\/"},"modified":"2026-03-05T11:12:07","modified_gmt":"2026-03-05T05:42:07","slug":"liposomal","status":"publish","type":"page","link":"https:\/\/www.wbcil.com\/fr\/liposomal\/","title":{"rendered":"La science des produits liposomaux par WBCIL"},"content":{"rendered":"<p>Chez WBCIL, nous ne nous contentons pas de produire des nutriments, nous repensons \u00e9galement la mani\u00e8re dont ils agissent sur le corps humain. Notre gamme de produits liposomaux repr\u00e9sente une avanc\u00e9e consid\u00e9rable en mati\u00e8re de biodisponibilit\u00e9. Nous utilisons une nanotechnologie de pointe pour r\u00e9soudre le plus ancien probl\u00e8me dans le domaine des compl\u00e9ments alimentaires : le foss\u00e9 d&rsquo;absorption.<\/p>\n<p>En encapsulant les principes actifs dans une double couche lipidique \u2013 en fait une bulle \u00ab bio-identique \u00bb \u2013, nous prot\u00e9geons leur contenu contre l&rsquo;environnement agressif de l&rsquo;intestin. Cela garantit que les nutriments ne se retrouvent pas seulement dans votre estomac, mais atteignent effectivement votre circulation sanguine et vos cellules.<\/p>\n","protected":false},"excerpt":{"rendered":"<p>Chez WBCIL, nous ne nous contentons pas de produire des nutriments, nous repensons \u00e9galement la mani\u00e8re dont ils agissent sur le corps humain. Notre gamme de produits liposomaux repr\u00e9sente une avanc\u00e9e consid\u00e9rable en mati\u00e8re de biodisponibilit\u00e9. Nous utilisons une nanotechnologie de pointe pour r\u00e9soudre le plus ancien probl\u00e8me dans le domaine des compl\u00e9ments alimentaires : &hellip; <a href=\"https:\/\/www.wbcil.com\/fr\/liposomal\/\" class=\"more-link\">Continue reading<span class=\"screen-reader-text\"> \u00ab\u00a0La science des produits liposomaux par WBCIL\u00a0\u00bb<\/span><\/a><\/p>\n","protected":false},"author":1,"featured_media":0,"parent":0,"menu_order":0,"comment_status":"closed","ping_status":"closed","template":"page-liposomal.php","meta":{"_acf_changed":false,"footnotes":""},"class_list":["post-53278","page","type-page","status-publish","hentry"],"acf":[],"yoast_head":"<!-- This site is optimized with the Yoast SEO plugin v27.3 - https:\/\/yoast.com\/product\/yoast-seo-wordpress\/ -->\n<title>Solution liposomale pour les fabricants de compl\u00e9ments alimentaires<\/title>\n<meta name=\"description\" content=\"Formulations liposomales de haute qualit\u00e9 et solutions d&#039;administration de m\u00e9dicaments par liposomes pour une absorption am\u00e9lior\u00e9e.\" \/>\n<meta name=\"robots\" content=\"index, follow, max-snippet:-1, max-image-preview:large, max-video-preview:-1\" \/>\n<link rel=\"canonical\" href=\"https:\/\/www.wbcil.com\/fr\/liposomal\/\" \/>\n<meta property=\"og:locale\" content=\"fr_FR\" \/>\n<meta property=\"og:type\" content=\"article\" \/>\n<meta property=\"og:title\" content=\"Solution liposomale pour les fabricants de compl\u00e9ments alimentaires\" \/>\n<meta property=\"og:description\" content=\"Formulations liposomales de haute qualit\u00e9 et solutions d&#039;administration de m\u00e9dicaments par liposomes pour une absorption am\u00e9lior\u00e9e.\" \/>\n<meta property=\"og:url\" content=\"https:\/\/www.wbcil.com\/fr\/liposomal\/\" \/>\n<meta property=\"og:site_name\" content=\"West Bengal Chemical Industries Limited\" \/>\n<meta property=\"article:publisher\" content=\"https:\/\/www.facebook.com\/wbcilindia\" \/>\n<meta property=\"article:modified_time\" content=\"2026-03-05T05:42:07+00:00\" \/>\n<meta property=\"og:image\" content=\"https:\/\/www.wbcil.com\/wp-content\/uploads\/2023\/08\/wbcil-welcome.webp\" \/>\n\t<meta property=\"og:image:width\" content=\"800\" \/>\n\t<meta property=\"og:image:height\" content=\"721\" \/>\n\t<meta property=\"og:image:type\" content=\"image\/webp\" \/>\n<meta name=\"twitter:card\" content=\"summary_large_image\" \/>\n<meta name=\"twitter:label1\" content=\"Dur\u00e9e de lecture estim\u00e9e\" \/>\n\t<meta name=\"twitter:data1\" content=\"1 minute\" \/>\n<script type=\"application\/ld+json\" class=\"yoast-schema-graph\">{\"@context\":\"https:\\\/\\\/schema.org\",\"@graph\":[{\"@type\":\"WebPage\",\"@id\":\"https:\\\/\\\/www.wbcil.com\\\/fr\\\/liposomal\\\/\",\"url\":\"https:\\\/\\\/www.wbcil.com\\\/fr\\\/liposomal\\\/\",\"name\":\"Solution liposomale pour les fabricants de compl\u00e9ments alimentaires\",\"isPartOf\":{\"@id\":\"https:\\\/\\\/www.wbcil.com\\\/fr\\\/#website\"},\"datePublished\":\"2025-05-10T05:31:44+00:00\",\"dateModified\":\"2026-03-05T05:42:07+00:00\",\"description\":\"Formulations liposomales de haute qualit\u00e9 et solutions d'administration de m\u00e9dicaments par liposomes pour une absorption am\u00e9lior\u00e9e.\",\"breadcrumb\":{\"@id\":\"https:\\\/\\\/www.wbcil.com\\\/fr\\\/liposomal\\\/#breadcrumb\"},\"inLanguage\":\"fr-FR\",\"potentialAction\":[{\"@type\":\"ReadAction\",\"target\":[\"https:\\\/\\\/www.wbcil.com\\\/fr\\\/liposomal\\\/\"]}]},{\"@type\":\"BreadcrumbList\",\"@id\":\"https:\\\/\\\/www.wbcil.com\\\/fr\\\/liposomal\\\/#breadcrumb\",\"itemListElement\":[{\"@type\":\"ListItem\",\"position\":1,\"name\":\"WBCIL\",\"item\":\"https:\\\/\\\/www.wbcil.com\\\/fr\\\/\"},{\"@type\":\"ListItem\",\"position\":2,\"name\":\"La science des produits liposomaux par WBCIL\"}]},{\"@type\":\"WebSite\",\"@id\":\"https:\\\/\\\/www.wbcil.com\\\/fr\\\/#website\",\"url\":\"https:\\\/\\\/www.wbcil.com\\\/fr\\\/\",\"name\":\"West Bengal Chemical Industries Limited\",\"description\":\"Fabricant d'API et de produits pharmaceutiques fins en Inde\",\"publisher\":{\"@id\":\"https:\\\/\\\/www.wbcil.com\\\/fr\\\/#organization\"},\"alternateName\":\"API & Fine Pharmaceutical Companies - Manufacturers in India\",\"potentialAction\":[{\"@type\":\"SearchAction\",\"target\":{\"@type\":\"EntryPoint\",\"urlTemplate\":\"https:\\\/\\\/www.wbcil.com\\\/fr\\\/?s={search_term_string}\"},\"query-input\":{\"@type\":\"PropertyValueSpecification\",\"valueRequired\":true,\"valueName\":\"search_term_string\"}}],\"inLanguage\":\"fr-FR\"},{\"@type\":\"Organization\",\"@id\":\"https:\\\/\\\/www.wbcil.com\\\/fr\\\/#organization\",\"name\":\"West Bengal Chemical Industries Limited\",\"alternateName\":\"WBCIL\",\"url\":\"https:\\\/\\\/www.wbcil.com\\\/fr\\\/\",\"logo\":{\"@type\":\"ImageObject\",\"inLanguage\":\"fr-FR\",\"@id\":\"https:\\\/\\\/www.wbcil.com\\\/fr\\\/#\\\/schema\\\/logo\\\/image\\\/\",\"url\":\"https:\\\/\\\/www.wbcil.com\\\/wp-content\\\/uploads\\\/2023\\\/09\\\/west-bengal-chemical-industries-limited-logo.webp\",\"contentUrl\":\"https:\\\/\\\/www.wbcil.com\\\/wp-content\\\/uploads\\\/2023\\\/09\\\/west-bengal-chemical-industries-limited-logo.webp\",\"width\":411,\"height\":80,\"caption\":\"West Bengal Chemical Industries Limited\"},\"image\":{\"@id\":\"https:\\\/\\\/www.wbcil.com\\\/fr\\\/#\\\/schema\\\/logo\\\/image\\\/\"},\"sameAs\":[\"https:\\\/\\\/www.facebook.com\\\/wbcilindia\",\"https:\\\/\\\/www.linkedin.com\\\/company\\\/5808423\\\/\"]}]}<\/script>\n<!-- \/ Yoast SEO plugin. -->","yoast_head_json":{"title":"Solution liposomale pour les fabricants de compl\u00e9ments alimentaires","description":"Formulations liposomales de haute qualit\u00e9 et solutions d'administration de m\u00e9dicaments par liposomes pour une absorption am\u00e9lior\u00e9e.","robots":{"index":"index","follow":"follow","max-snippet":"max-snippet:-1","max-image-preview":"max-image-preview:large","max-video-preview":"max-video-preview:-1"},"canonical":"https:\/\/www.wbcil.com\/fr\/liposomal\/","og_locale":"fr_FR","og_type":"article","og_title":"Solution liposomale pour les fabricants de compl\u00e9ments alimentaires","og_description":"Formulations liposomales de haute qualit\u00e9 et solutions d'administration de m\u00e9dicaments par liposomes pour une absorption am\u00e9lior\u00e9e.","og_url":"https:\/\/www.wbcil.com\/fr\/liposomal\/","og_site_name":"West Bengal Chemical Industries Limited","article_publisher":"https:\/\/www.facebook.com\/wbcilindia","article_modified_time":"2026-03-05T05:42:07+00:00","og_image":[{"width":800,"height":721,"url":"https:\/\/www.wbcil.com\/wp-content\/uploads\/2023\/08\/wbcil-welcome.webp","type":"image\/webp"}],"twitter_card":"summary_large_image","twitter_misc":{"Dur\u00e9e de lecture estim\u00e9e":"1 minute"},"schema":{"@context":"https:\/\/schema.org","@graph":[{"@type":"WebPage","@id":"https:\/\/www.wbcil.com\/fr\/liposomal\/","url":"https:\/\/www.wbcil.com\/fr\/liposomal\/","name":"Solution liposomale pour les fabricants de compl\u00e9ments alimentaires","isPartOf":{"@id":"https:\/\/www.wbcil.com\/fr\/#website"},"datePublished":"2025-05-10T05:31:44+00:00","dateModified":"2026-03-05T05:42:07+00:00","description":"Formulations liposomales de haute qualit\u00e9 et solutions d'administration de m\u00e9dicaments par liposomes pour une absorption am\u00e9lior\u00e9e.","breadcrumb":{"@id":"https:\/\/www.wbcil.com\/fr\/liposomal\/#breadcrumb"},"inLanguage":"fr-FR","potentialAction":[{"@type":"ReadAction","target":["https:\/\/www.wbcil.com\/fr\/liposomal\/"]}]},{"@type":"BreadcrumbList","@id":"https:\/\/www.wbcil.com\/fr\/liposomal\/#breadcrumb","itemListElement":[{"@type":"ListItem","position":1,"name":"WBCIL","item":"https:\/\/www.wbcil.com\/fr\/"},{"@type":"ListItem","position":2,"name":"La science des produits liposomaux par WBCIL"}]},{"@type":"WebSite","@id":"https:\/\/www.wbcil.com\/fr\/#website","url":"https:\/\/www.wbcil.com\/fr\/","name":"West Bengal Chemical Industries Limited","description":"Fabricant d'API et de produits pharmaceutiques fins en Inde","publisher":{"@id":"https:\/\/www.wbcil.com\/fr\/#organization"},"alternateName":"API & Fine Pharmaceutical Companies - Manufacturers in India","potentialAction":[{"@type":"SearchAction","target":{"@type":"EntryPoint","urlTemplate":"https:\/\/www.wbcil.com\/fr\/?s={search_term_string}"},"query-input":{"@type":"PropertyValueSpecification","valueRequired":true,"valueName":"search_term_string"}}],"inLanguage":"fr-FR"},{"@type":"Organization","@id":"https:\/\/www.wbcil.com\/fr\/#organization","name":"West Bengal Chemical Industries Limited","alternateName":"WBCIL","url":"https:\/\/www.wbcil.com\/fr\/","logo":{"@type":"ImageObject","inLanguage":"fr-FR","@id":"https:\/\/www.wbcil.com\/fr\/#\/schema\/logo\/image\/","url":"https:\/\/www.wbcil.com\/wp-content\/uploads\/2023\/09\/west-bengal-chemical-industries-limited-logo.webp","contentUrl":"https:\/\/www.wbcil.com\/wp-content\/uploads\/2023\/09\/west-bengal-chemical-industries-limited-logo.webp","width":411,"height":80,"caption":"West Bengal Chemical Industries Limited"},"image":{"@id":"https:\/\/www.wbcil.com\/fr\/#\/schema\/logo\/image\/"},"sameAs":["https:\/\/www.facebook.com\/wbcilindia","https:\/\/www.linkedin.com\/company\/5808423\/"]}]}},"_links":{"self":[{"href":"https:\/\/www.wbcil.com\/fr\/wp-json\/wp\/v2\/pages\/53278","targetHints":{"allow":["GET"]}}],"collection":[{"href":"https:\/\/www.wbcil.com\/fr\/wp-json\/wp\/v2\/pages"}],"about":[{"href":"https:\/\/www.wbcil.com\/fr\/wp-json\/wp\/v2\/types\/page"}],"author":[{"embeddable":true,"href":"https:\/\/www.wbcil.com\/fr\/wp-json\/wp\/v2\/users\/1"}],"replies":[{"embeddable":true,"href":"https:\/\/www.wbcil.com\/fr\/wp-json\/wp\/v2\/comments?post=53278"}],"version-history":[{"count":0,"href":"https:\/\/www.wbcil.com\/fr\/wp-json\/wp\/v2\/pages\/53278\/revisions"}],"wp:attachment":[{"href":"https:\/\/www.wbcil.com\/fr\/wp-json\/wp\/v2\/media?parent=53278"}],"curies":[{"name":"wp","href":"https:\/\/api.w.org\/{rel}","templated":true}]}}